{"id":31147,"date":"2020-09-30T11:46:53","date_gmt":"2020-09-30T15:46:53","guid":{"rendered":"http:\/\/wp-pgs-equipements-adrien-phaneuf.elidevapp1aws.elisys-servers.ca\/product\/courroie-cubcadet-serie-2000\/"},"modified":"2023-08-08T20:00:33","modified_gmt":"2023-08-09T00:00:33","slug":"courroie-cubcadet-serie-2000","status":"publish","type":"product","link":"http:\/\/wp-pgs-equipements-adrien-phaneuf.elidevapp1aws.elisys-servers.ca\/fr\/produit\/courroie-cubcadet-serie-2000\/","title":{"rendered":"Courroie CubCadet s\u00e9rie 2000"},"content":{"rendered":"<p>COURROIE<br \/>\nPOUR TRACTEURS CUB CADET S\u00c9RIE 2000 AVEC PLATEAU 42&Prime; ELECTRIQUE, ANN\u00c9E 2004 ET AVANT<br \/>\nCONTIENT UNE COURROIE <\/p>\n<p>REMPLACE PI\u00c8CES: # 954-3055A # 754-3055A<\/p>\n","protected":false},"excerpt":{"rendered":"<p>COURROIE POUR TRACTEURS CUB CADET S\u00c9RIE 2000 AVEC PLATEAU 42&Prime; ELECTRIQUE, ANN\u00c9E 2004 ET AVANT CONTIENT UNE COURROIE REMPLACE PI\u00c8CES: # 954-3055A # 754-3055A<\/p>\n","protected":false},"featured_media":31148,"template":"","meta":[],"product-sub-category":[236,229],"brand":[246],"product-third-category":[],"acf":{"product_vendor":"CUB","product_stock_upton":"","product_stock_marieville":"","product_stock_shefford":"","product_stock_victoriaville":"","product_stock_durantaye":"","product_stock_stematine":"","product_stock_stclet":"","product_stock_huntingdon":"","child_inventory_variation":""},"_links":{"self":[{"href":"http:\/\/wp-pgs-equipements-adrien-phaneuf.elidevapp1aws.elisys-servers.ca\/fr\/wp-json\/wp\/v2\/product\/31147"}],"collection":[{"href":"http:\/\/wp-pgs-equipements-adrien-phaneuf.elidevapp1aws.elisys-servers.ca\/fr\/wp-json\/wp\/v2\/product"}],"about":[{"href":"http:\/\/wp-pgs-equipements-adrien-phaneuf.elidevapp1aws.elisys-servers.ca\/fr\/wp-json\/wp\/v2\/types\/product"}],"wp:featuredmedia":[{"embeddable":true,"href":"http:\/\/wp-pgs-equipements-adrien-phaneuf.elidevapp1aws.elisys-servers.ca\/fr\/wp-json\/wp\/v2\/media\/31148"}],"wp:attachment":[{"href":"http:\/\/wp-pgs-equipements-adrien-phaneuf.elidevapp1aws.elisys-servers.ca\/fr\/wp-json\/wp\/v2\/media?parent=31147"}],"wp:term":[{"taxonomy":"product-sub-category","embeddable":true,"href":"http:\/\/wp-pgs-equipements-adrien-phaneuf.elidevapp1aws.elisys-servers.ca\/fr\/wp-json\/wp\/v2\/product-sub-category?post=31147"},{"taxonomy":"brand","embeddable":true,"href":"http:\/\/wp-pgs-equipements-adrien-phaneuf.elidevapp1aws.elisys-servers.ca\/fr\/wp-json\/wp\/v2\/brand?post=31147"},{"taxonomy":"product-third-category","embeddable":true,"href":"http:\/\/wp-pgs-equipements-adrien-phaneuf.elidevapp1aws.elisys-servers.ca\/fr\/wp-json\/wp\/v2\/product-third-category?post=31147"}],"curies":[{"name":"wp","href":"https:\/\/api.w.org\/{rel}","templated":true}]}}