{"id":31187,"date":"2020-09-30T11:47:44","date_gmt":"2020-09-30T15:47:44","guid":{"rendered":"http:\/\/wp-pgs-equipements-adrien-phaneuf.elidevapp1aws.elisys-servers.ca\/product\/ensemble-de-draps-queen-caseih-99410\/"},"modified":"2023-08-08T20:00:34","modified_gmt":"2023-08-09T00:00:34","slug":"ensemble-de-draps-queen-caseih-99410","status":"publish","type":"product","link":"http:\/\/wp-pgs-equipements-adrien-phaneuf.elidevapp1aws.elisys-servers.ca\/fr\/produit\/ensemble-de-draps-queen-caseih-99410\/","title":{"rendered":"Ensemble de draps Queen CASEIH (99410)"},"content":{"rendered":"<p>Comprend: (1) Feuillet ajust\u00e9, (1) Feuille plate et (2) \u00c9tuis \u00e0 oreiller<\/p>\n<p>Drap plat\u00a0plate mesure 90 \u00ab\u00a0x 102\u00a0\u00bb<\/p>\n<p>Drap contour de dimensions 60 \u00ab\u00a0x 80\u00a0\u00bb avec poches profondes de 14 po<\/p>\n<p>Taies d&rsquo;oreiller Mesure 20 \u00ab\u00a0x 30\u00a0\u00bb<\/p>\n<p>Tous sont des mat\u00e9riaux 100% poly-microfibres<\/p>\n","protected":false},"excerpt":{"rendered":"<p>Comprend: (1) Feuillet ajust\u00e9, (1) Feuille plate et (2) \u00c9tuis \u00e0 oreiller Drap plat\u00a0plate mesure 90 \u00ab\u00a0x 102\u00a0\u00bb Drap contour de dimensions 60 \u00ab\u00a0x 80\u00a0\u00bb avec poches profondes de 14 po Taies d&rsquo;oreiller Mesure 20 \u00ab\u00a0x 30\u00a0\u00bb Tous sont des mat\u00e9riaux 100% poly-microfibres<\/p>\n","protected":false},"featured_media":31188,"template":"","meta":[],"product-sub-category":[263],"brand":[111],"product-third-category":[],"acf":{"product_vendor":"CAS","product_stock_upton":"0","product_stock_marieville":"","product_stock_shefford":"","product_stock_victoriaville":"","product_stock_durantaye":"","product_stock_stematine":"","product_stock_stclet":"","product_stock_huntingdon":"","child_inventory_variation":""},"_links":{"self":[{"href":"http:\/\/wp-pgs-equipements-adrien-phaneuf.elidevapp1aws.elisys-servers.ca\/fr\/wp-json\/wp\/v2\/product\/31187"}],"collection":[{"href":"http:\/\/wp-pgs-equipements-adrien-phaneuf.elidevapp1aws.elisys-servers.ca\/fr\/wp-json\/wp\/v2\/product"}],"about":[{"href":"http:\/\/wp-pgs-equipements-adrien-phaneuf.elidevapp1aws.elisys-servers.ca\/fr\/wp-json\/wp\/v2\/types\/product"}],"wp:featuredmedia":[{"embeddable":true,"href":"http:\/\/wp-pgs-equipements-adrien-phaneuf.elidevapp1aws.elisys-servers.ca\/fr\/wp-json\/wp\/v2\/media\/31188"}],"wp:attachment":[{"href":"http:\/\/wp-pgs-equipements-adrien-phaneuf.elidevapp1aws.elisys-servers.ca\/fr\/wp-json\/wp\/v2\/media?parent=31187"}],"wp:term":[{"taxonomy":"product-sub-category","embeddable":true,"href":"http:\/\/wp-pgs-equipements-adrien-phaneuf.elidevapp1aws.elisys-servers.ca\/fr\/wp-json\/wp\/v2\/product-sub-category?post=31187"},{"taxonomy":"brand","embeddable":true,"href":"http:\/\/wp-pgs-equipements-adrien-phaneuf.elidevapp1aws.elisys-servers.ca\/fr\/wp-json\/wp\/v2\/brand?post=31187"},{"taxonomy":"product-third-category","embeddable":true,"href":"http:\/\/wp-pgs-equipements-adrien-phaneuf.elidevapp1aws.elisys-servers.ca\/fr\/wp-json\/wp\/v2\/product-third-category?post=31187"}],"curies":[{"name":"wp","href":"https:\/\/api.w.org\/{rel}","templated":true}]}}