{"id":31208,"date":"2020-09-30T11:48:27","date_gmt":"2020-09-30T15:48:27","guid":{"rendered":"http:\/\/wp-pgs-equipements-adrien-phaneuf.elidevapp1aws.elisys-servers.ca\/product\/lumiere-de-securite-ambre-led-12-volts-caseih-a-28a43\/"},"modified":"2025-09-30T06:03:05","modified_gmt":"2025-09-30T10:03:05","slug":"lumiere-de-securite-ambre-led-12-volts-caseih-a-28a43","status":"publish","type":"product","link":"http:\/\/wp-pgs-equipements-adrien-phaneuf.elidevapp1aws.elisys-servers.ca\/fr\/produit\/lumiere-de-securite-ambre-led-12-volts-caseih-a-28a43\/","title":{"rendered":"Lumi\u00e8re de s\u00e9curit\u00e9; Ambre, LED, 12 volts CASEIH (A-28A43)"},"content":{"rendered":"<p>LED Super \u00e9clatant pour une visibilit\u00e9 am\u00e9lior\u00e9e.<\/p>\n<p>Doit utiliser le clignotant externe pour l&rsquo;option Flash.<\/p>\n<p>Pour les syst\u00e8mes \u00e0 12 volts seulement<\/p>\n<p>\u00a0 \u00a0 \u00a0Dim A (1): Diodes: 25 par c\u00f4t\u00e9<\/p>\n<p>\u00a0 \u00a0 \u00a0Dim B (2): 3 Wire: (1) White-Ground, (1) Black-Low Brightness &#038; (1) Red-High<\/p>\n<p>\u00a0 \u00a0 \u00a0Dim C (3): Taille de l&rsquo;objectif: 4.000 \u00a0\u00bb<\/p>\n<p>\u00a0 \u00a0 \u00a0Dim D (4): Mat\u00e9riau des lentilles: Acrylique<\/p>\n<p>\u00a0 \u00a0 \u00a0Dim E (5): Mat\u00e9riau du corps: M\u00e9tal<\/p>\n<p>\u00a0 \u00a0 \u00a0Dim F (6): support creux creux (inclus \u00e9crous et rondelles)<\/p>\n","protected":false},"excerpt":{"rendered":"<p>LED Super \u00e9clatant pour une visibilit\u00e9 am\u00e9lior\u00e9e. Doit utiliser le clignotant externe pour l&rsquo;option Flash. Pour les syst\u00e8mes \u00e0 12 volts seulement \u00a0 \u00a0 \u00a0Dim A (1): Diodes: 25 par c\u00f4t\u00e9 \u00a0 \u00a0 \u00a0Dim B (2): 3 Wire: (1) White-Ground, (1) Black-Low Brightness &#038; (1) Red-High \u00a0 \u00a0 \u00a0Dim C (3): Taille de l&rsquo;objectif: 4.000 &hellip; <a href=\"http:\/\/wp-pgs-equipements-adrien-phaneuf.elidevapp1aws.elisys-servers.ca\/fr\/produit\/lumiere-de-securite-ambre-led-12-volts-caseih-a-28a43\/\">Suite<\/a><\/p>\n","protected":false},"featured_media":31209,"template":"","meta":[],"product-sub-category":[237],"brand":[225],"product-third-category":[],"acf":{"product_vendor":"A&I","product_stock_upton":"2","product_stock_durantaye":"0","product_stock_marieville":"2","product_stock_stematine":"2"},"_links":{"self":[{"href":"http:\/\/wp-pgs-equipements-adrien-phaneuf.elidevapp1aws.elisys-servers.ca\/fr\/wp-json\/wp\/v2\/product\/31208"}],"collection":[{"href":"http:\/\/wp-pgs-equipements-adrien-phaneuf.elidevapp1aws.elisys-servers.ca\/fr\/wp-json\/wp\/v2\/product"}],"about":[{"href":"http:\/\/wp-pgs-equipements-adrien-phaneuf.elidevapp1aws.elisys-servers.ca\/fr\/wp-json\/wp\/v2\/types\/product"}],"wp:featuredmedia":[{"embeddable":true,"href":"http:\/\/wp-pgs-equipements-adrien-phaneuf.elidevapp1aws.elisys-servers.ca\/fr\/wp-json\/wp\/v2\/media\/31209"}],"wp:attachment":[{"href":"http:\/\/wp-pgs-equipements-adrien-phaneuf.elidevapp1aws.elisys-servers.ca\/fr\/wp-json\/wp\/v2\/media?parent=31208"}],"wp:term":[{"taxonomy":"product-sub-category","embeddable":true,"href":"http:\/\/wp-pgs-equipements-adrien-phaneuf.elidevapp1aws.elisys-servers.ca\/fr\/wp-json\/wp\/v2\/product-sub-category?post=31208"},{"taxonomy":"brand","embeddable":true,"href":"http:\/\/wp-pgs-equipements-adrien-phaneuf.elidevapp1aws.elisys-servers.ca\/fr\/wp-json\/wp\/v2\/brand?post=31208"},{"taxonomy":"product-third-category","embeddable":true,"href":"http:\/\/wp-pgs-equipements-adrien-phaneuf.elidevapp1aws.elisys-servers.ca\/fr\/wp-json\/wp\/v2\/product-third-category?post=31208"}],"curies":[{"name":"wp","href":"https:\/\/api.w.org\/{rel}","templated":true}]}}