{"id":31232,"date":"2020-09-30T11:48:27","date_gmt":"2020-09-30T15:48:27","guid":{"rendered":"http:\/\/wp-pgs-equipements-adrien-phaneuf.elidevapp1aws.elisys-servers.ca\/product\/systeme-video-cabcam-comprend-un-moniteur-7-po-avec-1-camera-caseih-a-cc7m1c\/"},"modified":"2025-09-30T06:03:07","modified_gmt":"2025-09-30T10:03:07","slug":"systeme-video-cabcam-comprend-un-moniteur-7-po-avec-1-camera-caseih-a-cc7m1c","status":"publish","type":"product","link":"http:\/\/wp-pgs-equipements-adrien-phaneuf.elidevapp1aws.elisys-servers.ca\/fr\/produit\/systeme-video-cabcam-comprend-un-moniteur-7-po-avec-1-camera-caseih-a-cc7m1c\/","title":{"rendered":"Syst\u00e8me vid\u00e9o CabCAM (comprend un moniteur 7 po avec 1 cam\u00e9ra) CASEIH (a-cc7m1c)"},"content":{"rendered":"<p>Le syst\u00e8me d&rsquo;observation de cam\u00e9ra CabCAM \u2122 peut vous donner l&rsquo;avantage dont vous avez besoin. Avec sa capacit\u00e9 de 3 cam\u00e9ras, le syst\u00e8me A-CC7M1C offre des possibilit\u00e9s d&rsquo;application illimit\u00e9es. Il peut \u00e9liminer les points aveugles et am\u00e9liorer la visibilit\u00e9 jour et nuit pour les camions, les VR, les remorques, les broyeurs d&rsquo;ordures, les camions \u00e0 benne basculante, les remorques de bateaux, les maisons mobiles et plus encore.<\/p>\n<p>Les cam\u00e9ras du syst\u00e8me de cam\u00e9ra CabCAM \u2122 A-CC7M1C sont robustes pour r\u00e9sister \u00e0 des conditions humides, rugueuses et poussi\u00e9reuses. Cette cam\u00e9ra infrarouge, facile \u00e0 monter, offre une excellente vision nocturne grand angle permettant aux utilisateurs de voir et de travailler plus en toute s\u00e9curit\u00e9 et efficacement. Le syst\u00e8me est complet avec tout le n\u00e9cessaire pour installer et utiliser un syst\u00e8me de cam\u00e9ra unique.<\/p>\n<p>Ecran LCD couleur 7 \u00ab\u00a0TFT (A-VS7M13PIN)<\/p>\n<p>Cam\u00e9ra couleur r\u00e9sistant aux intemp\u00e9ries (A-VS1C110)<\/p>\n<p>C\u00e2ble de conversion AV<\/p>\n<p>Support de fixation pivotant \u00e0 billes avec coussinet de montage (A-BRK7M)<\/p>\n<p>Support de fixation fixe avec vis \u00e0 pouce<\/p>\n<p>Harnais de c\u00e2blage 13 broches (A-HNS13P)<\/p>\n<p>Adaptateur secteur \u00e0 allume-cigarette<\/p>\n<p>Adaptateur secteur<\/p>\n<p>65 &lsquo;c\u00e2ble vid\u00e9o \u00e0 haute temp\u00e9rature (A-PVC65)<\/p>\n<p>C\u00e2ble vid\u00e9o de puissance \u00e9tanche de 20 &lsquo;(A-PVC20)<\/p>\n<p>Manuel de l&rsquo;op\u00e9rateur | Guide d&rsquo;installation<\/p>\n","protected":false},"excerpt":{"rendered":"<p>Le syst\u00e8me d&rsquo;observation de cam\u00e9ra CabCAM \u2122 peut vous donner l&rsquo;avantage dont vous avez besoin. Avec sa capacit\u00e9 de 3 cam\u00e9ras, le syst\u00e8me A-CC7M1C offre des possibilit\u00e9s d&rsquo;application illimit\u00e9es. Il peut \u00e9liminer les points aveugles et am\u00e9liorer la visibilit\u00e9 jour et nuit pour les camions, les VR, les remorques, les broyeurs d&rsquo;ordures, les camions \u00e0 &hellip; <a href=\"http:\/\/wp-pgs-equipements-adrien-phaneuf.elidevapp1aws.elisys-servers.ca\/fr\/produit\/systeme-video-cabcam-comprend-un-moniteur-7-po-avec-1-camera-caseih-a-cc7m1c\/\">Suite<\/a><\/p>\n","protected":false},"featured_media":31233,"template":"","meta":[],"product-sub-category":[224],"brand":[225],"product-third-category":[],"acf":{"product_vendor":"A&I","product_stock_victoriaville":"0","product_stock_upton":"0","product_stock_marieville":"1","product_stock_durantaye":"0","product_stock_stematine":"3","product_stock_stclet":"0","product_stock_huntingdon":"1"},"_links":{"self":[{"href":"http:\/\/wp-pgs-equipements-adrien-phaneuf.elidevapp1aws.elisys-servers.ca\/fr\/wp-json\/wp\/v2\/product\/31232"}],"collection":[{"href":"http:\/\/wp-pgs-equipements-adrien-phaneuf.elidevapp1aws.elisys-servers.ca\/fr\/wp-json\/wp\/v2\/product"}],"about":[{"href":"http:\/\/wp-pgs-equipements-adrien-phaneuf.elidevapp1aws.elisys-servers.ca\/fr\/wp-json\/wp\/v2\/types\/product"}],"wp:featuredmedia":[{"embeddable":true,"href":"http:\/\/wp-pgs-equipements-adrien-phaneuf.elidevapp1aws.elisys-servers.ca\/fr\/wp-json\/wp\/v2\/media\/31233"}],"wp:attachment":[{"href":"http:\/\/wp-pgs-equipements-adrien-phaneuf.elidevapp1aws.elisys-servers.ca\/fr\/wp-json\/wp\/v2\/media?parent=31232"}],"wp:term":[{"taxonomy":"product-sub-category","embeddable":true,"href":"http:\/\/wp-pgs-equipements-adrien-phaneuf.elidevapp1aws.elisys-servers.ca\/fr\/wp-json\/wp\/v2\/product-sub-category?post=31232"},{"taxonomy":"brand","embeddable":true,"href":"http:\/\/wp-pgs-equipements-adrien-phaneuf.elidevapp1aws.elisys-servers.ca\/fr\/wp-json\/wp\/v2\/brand?post=31232"},{"taxonomy":"product-third-category","embeddable":true,"href":"http:\/\/wp-pgs-equipements-adrien-phaneuf.elidevapp1aws.elisys-servers.ca\/fr\/wp-json\/wp\/v2\/product-third-category?post=31232"}],"curies":[{"name":"wp","href":"https:\/\/api.w.org\/{rel}","templated":true}]}}