{"id":31414,"date":"2020-09-30T11:51:48","date_gmt":"2020-09-30T15:51:48","guid":{"rendered":"http:\/\/wp-pgs-equipements-adrien-phaneuf.elidevapp1aws.elisys-servers.ca\/product\/ruban-antiderapant-pour-usage-general-caseih-ast260p\/"},"modified":"2025-09-30T06:03:16","modified_gmt":"2025-09-30T10:03:16","slug":"ruban-antiderapant-pour-usage-general-caseih-ast260p","status":"publish","type":"product","link":"http:\/\/wp-pgs-equipements-adrien-phaneuf.elidevapp1aws.elisys-servers.ca\/fr\/produit\/ruban-antiderapant-pour-usage-general-caseih-ast260p\/","title":{"rendered":"RUBAN ANTID\u00c9RAPANT POUR USAGE G\u00c9N\u00c9RAL CASEIH (AST260P)"},"content":{"rendered":"<p>Surface abrasive<\/p>\n<p>Format: \u00a02\u201d x 60\u2019 (48mm x 18m) par rouleau<\/p>\n<p>Surface abrasive fabriqu\u00e9 en min\u00e9ral de carbure de silicium, 46 grains.<\/p>\n","protected":false},"excerpt":{"rendered":"<p>Surface abrasive Format: \u00a02\u201d x 60\u2019 (48mm x 18m) par rouleau Surface abrasive fabriqu\u00e9 en min\u00e9ral de carbure de silicium, 46 grains.<\/p>\n","protected":false},"featured_media":31415,"template":"","meta":[],"product-sub-category":[265],"brand":[114],"product-third-category":[],"acf":{"product_vendor":"atl","product_stock_upton":"53","product_stock_marieville":"","product_stock_shefford":"","product_stock_victoriaville":"","product_stock_durantaye":"","product_stock_stematine":"","product_stock_stclet":"","product_stock_huntingdon":"","child_inventory_variation":""},"_links":{"self":[{"href":"http:\/\/wp-pgs-equipements-adrien-phaneuf.elidevapp1aws.elisys-servers.ca\/fr\/wp-json\/wp\/v2\/product\/31414"}],"collection":[{"href":"http:\/\/wp-pgs-equipements-adrien-phaneuf.elidevapp1aws.elisys-servers.ca\/fr\/wp-json\/wp\/v2\/product"}],"about":[{"href":"http:\/\/wp-pgs-equipements-adrien-phaneuf.elidevapp1aws.elisys-servers.ca\/fr\/wp-json\/wp\/v2\/types\/product"}],"wp:featuredmedia":[{"embeddable":true,"href":"http:\/\/wp-pgs-equipements-adrien-phaneuf.elidevapp1aws.elisys-servers.ca\/fr\/wp-json\/wp\/v2\/media\/31415"}],"wp:attachment":[{"href":"http:\/\/wp-pgs-equipements-adrien-phaneuf.elidevapp1aws.elisys-servers.ca\/fr\/wp-json\/wp\/v2\/media?parent=31414"}],"wp:term":[{"taxonomy":"product-sub-category","embeddable":true,"href":"http:\/\/wp-pgs-equipements-adrien-phaneuf.elidevapp1aws.elisys-servers.ca\/fr\/wp-json\/wp\/v2\/product-sub-category?post=31414"},{"taxonomy":"brand","embeddable":true,"href":"http:\/\/wp-pgs-equipements-adrien-phaneuf.elidevapp1aws.elisys-servers.ca\/fr\/wp-json\/wp\/v2\/brand?post=31414"},{"taxonomy":"product-third-category","embeddable":true,"href":"http:\/\/wp-pgs-equipements-adrien-phaneuf.elidevapp1aws.elisys-servers.ca\/fr\/wp-json\/wp\/v2\/product-third-category?post=31414"}],"curies":[{"name":"wp","href":"https:\/\/api.w.org\/{rel}","templated":true}]}}