{"id":31420,"date":"2020-09-30T11:53:14","date_gmt":"2020-09-30T15:53:14","guid":{"rendered":"http:\/\/wp-pgs-equipements-adrien-phaneuf.elidevapp1aws.elisys-servers.ca\/product\/additif-hto-caseih-b17508\/"},"modified":"2023-08-08T20:00:37","modified_gmt":"2023-08-09T00:00:37","slug":"additif-hto-caseih-b17508","status":"publish","type":"product","link":"http:\/\/wp-pgs-equipements-adrien-phaneuf.elidevapp1aws.elisys-servers.ca\/fr\/produit\/additif-hto-caseih-b17508\/","title":{"rendered":"Additif HTO CASEIH (B17508)"},"content":{"rendered":"<p>Con\u00e7u pour \u00eatre utilis\u00e9 avec Hy-Tran Ultra, il est con\u00e7u pour am\u00e9liorer les caract\u00e9ristiques thermiques d&rsquo;Hy-Tran Ultra dans les applications \u00e0 temp\u00e9rature \u00e9lev\u00e9e<\/p>\n<p>Aide \u00e0 r\u00e9duire le bruit des freins et de l&#8217;embrayage dans les tracteurs Case IH 5100, 5200, 7100, 7200, 8900, MXC, MX Maxxum, MX Magnum, Case IH 2100 et 2300 Combines et certains \u00e9quipements de construction<\/p>\n<p>Ajouter 1 pinte \u00e0 chaque 7,5 gallons de Hy-Tran Ultra<\/p>\n<p>16 Fl. Oz. R\u00e9cipient<\/p>\n","protected":false},"excerpt":{"rendered":"<p>Con\u00e7u pour \u00eatre utilis\u00e9 avec Hy-Tran Ultra, il est con\u00e7u pour am\u00e9liorer les caract\u00e9ristiques thermiques d&rsquo;Hy-Tran Ultra dans les applications \u00e0 temp\u00e9rature \u00e9lev\u00e9e Aide \u00e0 r\u00e9duire le bruit des freins et de l&#8217;embrayage dans les tracteurs Case IH 5100, 5200, 7100, 7200, 8900, MXC, MX Maxxum, MX Magnum, Case IH 2100 et 2300 Combines et &hellip; <a href=\"http:\/\/wp-pgs-equipements-adrien-phaneuf.elidevapp1aws.elisys-servers.ca\/fr\/produit\/additif-hto-caseih-b17508\/\">Suite<\/a><\/p>\n","protected":false},"featured_media":31421,"template":"","meta":[],"product-sub-category":[242],"brand":[111],"product-third-category":[],"acf":{"product_vendor":"CAS","product_stock_stematine":"0","product_stock_upton":"0","product_stock_huntingdon":"0","product_stock_marieville":"","product_stock_shefford":"0","product_stock_victoriaville":"","product_stock_durantaye":"","product_stock_stclet":"0","child_inventory_variation":""},"_links":{"self":[{"href":"http:\/\/wp-pgs-equipements-adrien-phaneuf.elidevapp1aws.elisys-servers.ca\/fr\/wp-json\/wp\/v2\/product\/31420"}],"collection":[{"href":"http:\/\/wp-pgs-equipements-adrien-phaneuf.elidevapp1aws.elisys-servers.ca\/fr\/wp-json\/wp\/v2\/product"}],"about":[{"href":"http:\/\/wp-pgs-equipements-adrien-phaneuf.elidevapp1aws.elisys-servers.ca\/fr\/wp-json\/wp\/v2\/types\/product"}],"wp:featuredmedia":[{"embeddable":true,"href":"http:\/\/wp-pgs-equipements-adrien-phaneuf.elidevapp1aws.elisys-servers.ca\/fr\/wp-json\/wp\/v2\/media\/31421"}],"wp:attachment":[{"href":"http:\/\/wp-pgs-equipements-adrien-phaneuf.elidevapp1aws.elisys-servers.ca\/fr\/wp-json\/wp\/v2\/media?parent=31420"}],"wp:term":[{"taxonomy":"product-sub-category","embeddable":true,"href":"http:\/\/wp-pgs-equipements-adrien-phaneuf.elidevapp1aws.elisys-servers.ca\/fr\/wp-json\/wp\/v2\/product-sub-category?post=31420"},{"taxonomy":"brand","embeddable":true,"href":"http:\/\/wp-pgs-equipements-adrien-phaneuf.elidevapp1aws.elisys-servers.ca\/fr\/wp-json\/wp\/v2\/brand?post=31420"},{"taxonomy":"product-third-category","embeddable":true,"href":"http:\/\/wp-pgs-equipements-adrien-phaneuf.elidevapp1aws.elisys-servers.ca\/fr\/wp-json\/wp\/v2\/product-third-category?post=31420"}],"curies":[{"name":"wp","href":"https:\/\/api.w.org\/{rel}","templated":true}]}}