{"id":31478,"date":"2020-09-30T11:53:52","date_gmt":"2020-09-30T15:53:52","guid":{"rendered":"http:\/\/wp-pgs-equipements-adrien-phaneuf.elidevapp1aws.elisys-servers.ca\/product\/peinture-brun-en-pinte-caseih-b17676\/"},"modified":"2025-09-30T06:03:17","modified_gmt":"2025-09-30T10:03:17","slug":"peinture-brun-en-pinte-caseih-b17676","status":"publish","type":"product","link":"http:\/\/wp-pgs-equipements-adrien-phaneuf.elidevapp1aws.elisys-servers.ca\/fr\/produit\/peinture-brun-en-pinte-caseih-b17676\/","title":{"rendered":"Peinture Brun en pinte CASEIH (B17676)"},"content":{"rendered":"<p>Pour tous les mod\u00e8les de CASE IH<\/p>\n<p>Pour les ann\u00e9es 1983 \u00e0 1994<\/p>\n<p>Pinte\u00a0(946 ml)<\/p>\n<p>Durable, Finition lustr\u00e9e<\/p>\n","protected":false},"excerpt":{"rendered":"<p>Pour tous les mod\u00e8les de CASE IH Pour les ann\u00e9es 1983 \u00e0 1994 Pinte\u00a0(946 ml) Durable, Finition lustr\u00e9e<\/p>\n","protected":false},"featured_media":31479,"template":"","meta":[],"product-sub-category":[233],"brand":[111],"product-third-category":[262],"acf":{"product_vendor":"CAS","product_stock_upton":"","product_stock_marieville":"","product_stock_shefford":"","product_stock_victoriaville":"","product_stock_durantaye":"","product_stock_stematine":"","product_stock_stclet":"","product_stock_huntingdon":"2","child_inventory_variation":""},"_links":{"self":[{"href":"http:\/\/wp-pgs-equipements-adrien-phaneuf.elidevapp1aws.elisys-servers.ca\/fr\/wp-json\/wp\/v2\/product\/31478"}],"collection":[{"href":"http:\/\/wp-pgs-equipements-adrien-phaneuf.elidevapp1aws.elisys-servers.ca\/fr\/wp-json\/wp\/v2\/product"}],"about":[{"href":"http:\/\/wp-pgs-equipements-adrien-phaneuf.elidevapp1aws.elisys-servers.ca\/fr\/wp-json\/wp\/v2\/types\/product"}],"wp:featuredmedia":[{"embeddable":true,"href":"http:\/\/wp-pgs-equipements-adrien-phaneuf.elidevapp1aws.elisys-servers.ca\/fr\/wp-json\/wp\/v2\/media\/31479"}],"wp:attachment":[{"href":"http:\/\/wp-pgs-equipements-adrien-phaneuf.elidevapp1aws.elisys-servers.ca\/fr\/wp-json\/wp\/v2\/media?parent=31478"}],"wp:term":[{"taxonomy":"product-sub-category","embeddable":true,"href":"http:\/\/wp-pgs-equipements-adrien-phaneuf.elidevapp1aws.elisys-servers.ca\/fr\/wp-json\/wp\/v2\/product-sub-category?post=31478"},{"taxonomy":"brand","embeddable":true,"href":"http:\/\/wp-pgs-equipements-adrien-phaneuf.elidevapp1aws.elisys-servers.ca\/fr\/wp-json\/wp\/v2\/brand?post=31478"},{"taxonomy":"product-third-category","embeddable":true,"href":"http:\/\/wp-pgs-equipements-adrien-phaneuf.elidevapp1aws.elisys-servers.ca\/fr\/wp-json\/wp\/v2\/product-third-category?post=31478"}],"curies":[{"name":"wp","href":"https:\/\/api.w.org\/{rel}","templated":true}]}}