{"id":31508,"date":"2020-09-30T11:53:52","date_gmt":"2020-09-30T15:53:52","guid":{"rendered":"http:\/\/wp-pgs-equipements-adrien-phaneuf.elidevapp1aws.elisys-servers.ca\/product\/antigel-premix-5\/"},"modified":"2025-09-30T06:03:19","modified_gmt":"2025-09-30T10:03:19","slug":"antigel-premix-5","status":"publish","type":"product","link":"http:\/\/wp-pgs-equipements-adrien-phaneuf.elidevapp1aws.elisys-servers.ca\/fr\/produit\/antigel-premix-5\/","title":{"rendered":"AntiGel Premix 5"},"content":{"rendered":"<p>1 Gallon Premix<\/p>\n<p>Enti\u00e8rement formul\u00e9 avec des additifs de refroidissement suppl\u00e9mentaires (SCA)<\/p>\n<p>Procure une barri\u00e8re protectrice sup\u00e9rieur pour les parois de cylindre<\/p>\n<p>Prolonge la vie de la pompe \u00e0 eau<\/p>\n<p>Excellente protection contre la corrosion \u00e0 long terme de tous les m\u00e9taux du syst\u00e8me de refroidissement , y compris l&rsquo;aluminium , le laiton, fonte, acier et le cuivre<\/p>\n<p>Compatible avec les liquides conventionnels . Un m\u00e9lange ou dilution avec des liquides de refroidissement non \u00e9quivalents r\u00e9duira les propri\u00e9t\u00e9s protectrices<\/p>\n<p>Recommand\u00e9 pour le diesel , l&rsquo;essence et les moteurs \u00e0 gaz naturel<\/p>\n<p>Sans phosphate pour r\u00e9duire les d\u00e9p\u00f4ts de tartre<\/p>\n","protected":false},"excerpt":{"rendered":"<p>1 Gallon Premix Enti\u00e8rement formul\u00e9 avec des additifs de refroidissement suppl\u00e9mentaires (SCA) Procure une barri\u00e8re protectrice sup\u00e9rieur pour les parois de cylindre Prolonge la vie de la pompe \u00e0 eau Excellente protection contre la corrosion \u00e0 long terme de tous les m\u00e9taux du syst\u00e8me de refroidissement , y compris l&rsquo;aluminium , le laiton, fonte, acier &hellip; <a href=\"http:\/\/wp-pgs-equipements-adrien-phaneuf.elidevapp1aws.elisys-servers.ca\/fr\/produit\/antigel-premix-5\/\">Suite<\/a><\/p>\n","protected":false},"featured_media":31509,"template":"","meta":[],"product-sub-category":[236],"brand":[114],"product-third-category":[],"acf":{"product_vendor":"CAS","product_stock_stematine":"163","product_stock_victoriaville":"212","product_stock_shefford":"29","product_stock_upton":"138","product_stock_huntingdon":"43","product_stock_durantaye":"130","product_stock_marieville":"9","product_stock_stclet":"159","child_inventory_variation":""},"_links":{"self":[{"href":"http:\/\/wp-pgs-equipements-adrien-phaneuf.elidevapp1aws.elisys-servers.ca\/fr\/wp-json\/wp\/v2\/product\/31508"}],"collection":[{"href":"http:\/\/wp-pgs-equipements-adrien-phaneuf.elidevapp1aws.elisys-servers.ca\/fr\/wp-json\/wp\/v2\/product"}],"about":[{"href":"http:\/\/wp-pgs-equipements-adrien-phaneuf.elidevapp1aws.elisys-servers.ca\/fr\/wp-json\/wp\/v2\/types\/product"}],"wp:featuredmedia":[{"embeddable":true,"href":"http:\/\/wp-pgs-equipements-adrien-phaneuf.elidevapp1aws.elisys-servers.ca\/fr\/wp-json\/wp\/v2\/media\/31509"}],"wp:attachment":[{"href":"http:\/\/wp-pgs-equipements-adrien-phaneuf.elidevapp1aws.elisys-servers.ca\/fr\/wp-json\/wp\/v2\/media?parent=31508"}],"wp:term":[{"taxonomy":"product-sub-category","embeddable":true,"href":"http:\/\/wp-pgs-equipements-adrien-phaneuf.elidevapp1aws.elisys-servers.ca\/fr\/wp-json\/wp\/v2\/product-sub-category?post=31508"},{"taxonomy":"brand","embeddable":true,"href":"http:\/\/wp-pgs-equipements-adrien-phaneuf.elidevapp1aws.elisys-servers.ca\/fr\/wp-json\/wp\/v2\/brand?post=31508"},{"taxonomy":"product-third-category","embeddable":true,"href":"http:\/\/wp-pgs-equipements-adrien-phaneuf.elidevapp1aws.elisys-servers.ca\/fr\/wp-json\/wp\/v2\/product-third-category?post=31508"}],"curies":[{"name":"wp","href":"https:\/\/api.w.org\/{rel}","templated":true}]}}