{"id":31556,"date":"2020-09-30T11:54:28","date_gmt":"2020-09-30T15:54:28","guid":{"rendered":"http:\/\/wp-pgs-equipements-adrien-phaneuf.elidevapp1aws.elisys-servers.ca\/product\/testeur-dhumidite-balles-de-foin-montees-caseih-b505454\/"},"modified":"2025-09-30T06:03:20","modified_gmt":"2025-09-30T10:03:20","slug":"testeur-dhumidite-balles-de-foin-montees-caseih-b505454","status":"publish","type":"product","link":"http:\/\/wp-pgs-equipements-adrien-phaneuf.elidevapp1aws.elisys-servers.ca\/fr\/produit\/testeur-dhumidite-balles-de-foin-montees-caseih-b505454\/","title":{"rendered":"Testeur d&rsquo;humidit\u00e9 balles de foin mont\u00e9es CASEIH (B505454)"},"content":{"rendered":"<p>Lecture directe du % d&rsquo;humidit\u00e9 &#8211; pendant le chargement du foin<\/p>\n<p>Moyenne des lectures mises \u00e0 jour et affich\u00e9es toutes les 3 \u00e0 5 secondes<\/p>\n<p>\u00c9cran r\u00e9tro\u00e9clair\u00e9 pour utilisation nocturne<\/p>\n<p>Bouton d&rsquo;\u00e9talonnage int\u00e9gr\u00e9<\/p>\n<p>Indicateur de limite d&rsquo;humidit\u00e9 au-dessus et en dessous<\/p>\n<p>Support de montage de module d&rsquo;affichage robuste avec boutons de r\u00e9glage<\/p>\n<p>Kit de capteurs inclus<\/p>\n<p>Capteur de longue dur\u00e9e et mat\u00e9riel en acier inoxydable<\/p>\n<p>Convient aux presses carr\u00e9es ou rondes<\/p>\n<p>Plage d&rsquo;essai: 8% \u00e0 44% d&rsquo;humidit\u00e9<\/p>\n","protected":false},"excerpt":{"rendered":"<p>Lecture directe du % d&rsquo;humidit\u00e9 &#8211; pendant le chargement du foin Moyenne des lectures mises \u00e0 jour et affich\u00e9es toutes les 3 \u00e0 5 secondes \u00c9cran r\u00e9tro\u00e9clair\u00e9 pour utilisation nocturne Bouton d&rsquo;\u00e9talonnage int\u00e9gr\u00e9 Indicateur de limite d&rsquo;humidit\u00e9 au-dessus et en dessous Support de montage de module d&rsquo;affichage robuste avec boutons de r\u00e9glage Kit de capteurs &hellip; <a href=\"http:\/\/wp-pgs-equipements-adrien-phaneuf.elidevapp1aws.elisys-servers.ca\/fr\/produit\/testeur-dhumidite-balles-de-foin-montees-caseih-b505454\/\">Suite<\/a><\/p>\n","protected":false},"featured_media":31557,"template":"","meta":[],"product-sub-category":[384],"brand":[111],"product-third-category":[],"acf":{"product_vendor":"CAS","product_stock_marieville":"0","product_stock_upton":"0","product_stock_shefford":"","product_stock_victoriaville":"2","product_stock_durantaye":"","product_stock_stematine":"","product_stock_stclet":"","product_stock_huntingdon":"","child_inventory_variation":""},"_links":{"self":[{"href":"http:\/\/wp-pgs-equipements-adrien-phaneuf.elidevapp1aws.elisys-servers.ca\/fr\/wp-json\/wp\/v2\/product\/31556"}],"collection":[{"href":"http:\/\/wp-pgs-equipements-adrien-phaneuf.elidevapp1aws.elisys-servers.ca\/fr\/wp-json\/wp\/v2\/product"}],"about":[{"href":"http:\/\/wp-pgs-equipements-adrien-phaneuf.elidevapp1aws.elisys-servers.ca\/fr\/wp-json\/wp\/v2\/types\/product"}],"wp:featuredmedia":[{"embeddable":true,"href":"http:\/\/wp-pgs-equipements-adrien-phaneuf.elidevapp1aws.elisys-servers.ca\/fr\/wp-json\/wp\/v2\/media\/31557"}],"wp:attachment":[{"href":"http:\/\/wp-pgs-equipements-adrien-phaneuf.elidevapp1aws.elisys-servers.ca\/fr\/wp-json\/wp\/v2\/media?parent=31556"}],"wp:term":[{"taxonomy":"product-sub-category","embeddable":true,"href":"http:\/\/wp-pgs-equipements-adrien-phaneuf.elidevapp1aws.elisys-servers.ca\/fr\/wp-json\/wp\/v2\/product-sub-category?post=31556"},{"taxonomy":"brand","embeddable":true,"href":"http:\/\/wp-pgs-equipements-adrien-phaneuf.elidevapp1aws.elisys-servers.ca\/fr\/wp-json\/wp\/v2\/brand?post=31556"},{"taxonomy":"product-third-category","embeddable":true,"href":"http:\/\/wp-pgs-equipements-adrien-phaneuf.elidevapp1aws.elisys-servers.ca\/fr\/wp-json\/wp\/v2\/product-third-category?post=31556"}],"curies":[{"name":"wp","href":"https:\/\/api.w.org\/{rel}","templated":true}]}}