{"id":31565,"date":"2020-09-30T11:55:03","date_gmt":"2020-09-30T15:55:03","guid":{"rendered":"http:\/\/wp-pgs-equipements-adrien-phaneuf.elidevapp1aws.elisys-servers.ca\/product\/b505500-lubrifiant-pour-chaines-et-cables\/"},"modified":"2025-09-30T06:03:22","modified_gmt":"2025-09-30T10:03:22","slug":"b505500-lubrifiant-pour-chaines-et-cables","status":"publish","type":"product","link":"http:\/\/wp-pgs-equipements-adrien-phaneuf.elidevapp1aws.elisys-servers.ca\/fr\/produit\/b505500-lubrifiant-pour-chaines-et-cables\/","title":{"rendered":"B505500 Lubrifiant pour cha\u00eenes et c\u00e2bles"},"content":{"rendered":"<p>Prot\u00e8ge contre la rouille et la corrosion, tout en r\u00e9duisant l&rsquo;usure des cha\u00eenes<\/p>\n<p>Sa haute viscosit\u00e9 r\u00e9duite la perte<\/p>\n","protected":false},"excerpt":{"rendered":"<p>Prot\u00e8ge contre la rouille et la corrosion, tout en r\u00e9duisant l&rsquo;usure des cha\u00eenes Sa haute viscosit\u00e9 r\u00e9duite la perte<\/p>\n","protected":false},"featured_media":31566,"template":"","meta":[],"product-sub-category":[242],"brand":[111],"product-third-category":[],"acf":{"product_vendor":"CAS","product_stock_stematine":"55","product_stock_victoriaville":"0","product_stock_shefford":"24","product_stock_upton":"24","product_stock_huntingdon":"12","product_stock_durantaye":"12","product_stock_marieville":"53","product_stock_stclet":"94","child_inventory_variation":""},"_links":{"self":[{"href":"http:\/\/wp-pgs-equipements-adrien-phaneuf.elidevapp1aws.elisys-servers.ca\/fr\/wp-json\/wp\/v2\/product\/31565"}],"collection":[{"href":"http:\/\/wp-pgs-equipements-adrien-phaneuf.elidevapp1aws.elisys-servers.ca\/fr\/wp-json\/wp\/v2\/product"}],"about":[{"href":"http:\/\/wp-pgs-equipements-adrien-phaneuf.elidevapp1aws.elisys-servers.ca\/fr\/wp-json\/wp\/v2\/types\/product"}],"wp:featuredmedia":[{"embeddable":true,"href":"http:\/\/wp-pgs-equipements-adrien-phaneuf.elidevapp1aws.elisys-servers.ca\/fr\/wp-json\/wp\/v2\/media\/31566"}],"wp:attachment":[{"href":"http:\/\/wp-pgs-equipements-adrien-phaneuf.elidevapp1aws.elisys-servers.ca\/fr\/wp-json\/wp\/v2\/media?parent=31565"}],"wp:term":[{"taxonomy":"product-sub-category","embeddable":true,"href":"http:\/\/wp-pgs-equipements-adrien-phaneuf.elidevapp1aws.elisys-servers.ca\/fr\/wp-json\/wp\/v2\/product-sub-category?post=31565"},{"taxonomy":"brand","embeddable":true,"href":"http:\/\/wp-pgs-equipements-adrien-phaneuf.elidevapp1aws.elisys-servers.ca\/fr\/wp-json\/wp\/v2\/brand?post=31565"},{"taxonomy":"product-third-category","embeddable":true,"href":"http:\/\/wp-pgs-equipements-adrien-phaneuf.elidevapp1aws.elisys-servers.ca\/fr\/wp-json\/wp\/v2\/product-third-category?post=31565"}],"curies":[{"name":"wp","href":"https:\/\/api.w.org\/{rel}","templated":true}]}}