{"id":31577,"date":"2020-09-30T11:55:03","date_gmt":"2020-09-30T15:55:03","guid":{"rendered":"http:\/\/wp-pgs-equipements-adrien-phaneuf.elidevapp1aws.elisys-servers.ca\/product\/supprimeur-de-joint-detancheite-caseih-b505510\/"},"modified":"2025-09-30T06:03:23","modified_gmt":"2025-09-30T10:03:23","slug":"supprimeur-de-joint-detancheite-caseih-b505510","status":"publish","type":"product","link":"http:\/\/wp-pgs-equipements-adrien-phaneuf.elidevapp1aws.elisys-servers.ca\/fr\/produit\/supprimeur-de-joint-detancheite-caseih-b505510\/","title":{"rendered":"Supprimeur de joint d&rsquo;\u00e9tanch\u00e9it\u00e9 CASEIH (B505510)"},"content":{"rendered":"<p>Supprimeur de joint d&rsquo;\u00e9tanch\u00e9it\u00e9<\/p>\n","protected":false},"excerpt":{"rendered":"<p>Supprimeur de joint d&rsquo;\u00e9tanch\u00e9it\u00e9<\/p>\n","protected":false},"featured_media":31578,"template":"","meta":[],"product-sub-category":[236],"brand":[111],"product-third-category":[],"acf":{"product_vendor":"CAS","product_stock_huntingdon":"3","product_stock_stematine":"5","product_stock_upton":"0","product_stock_stclet":"24"},"_links":{"self":[{"href":"http:\/\/wp-pgs-equipements-adrien-phaneuf.elidevapp1aws.elisys-servers.ca\/fr\/wp-json\/wp\/v2\/product\/31577"}],"collection":[{"href":"http:\/\/wp-pgs-equipements-adrien-phaneuf.elidevapp1aws.elisys-servers.ca\/fr\/wp-json\/wp\/v2\/product"}],"about":[{"href":"http:\/\/wp-pgs-equipements-adrien-phaneuf.elidevapp1aws.elisys-servers.ca\/fr\/wp-json\/wp\/v2\/types\/product"}],"wp:featuredmedia":[{"embeddable":true,"href":"http:\/\/wp-pgs-equipements-adrien-phaneuf.elidevapp1aws.elisys-servers.ca\/fr\/wp-json\/wp\/v2\/media\/31578"}],"wp:attachment":[{"href":"http:\/\/wp-pgs-equipements-adrien-phaneuf.elidevapp1aws.elisys-servers.ca\/fr\/wp-json\/wp\/v2\/media?parent=31577"}],"wp:term":[{"taxonomy":"product-sub-category","embeddable":true,"href":"http:\/\/wp-pgs-equipements-adrien-phaneuf.elidevapp1aws.elisys-servers.ca\/fr\/wp-json\/wp\/v2\/product-sub-category?post=31577"},{"taxonomy":"brand","embeddable":true,"href":"http:\/\/wp-pgs-equipements-adrien-phaneuf.elidevapp1aws.elisys-servers.ca\/fr\/wp-json\/wp\/v2\/brand?post=31577"},{"taxonomy":"product-third-category","embeddable":true,"href":"http:\/\/wp-pgs-equipements-adrien-phaneuf.elidevapp1aws.elisys-servers.ca\/fr\/wp-json\/wp\/v2\/product-third-category?post=31577"}],"curies":[{"name":"wp","href":"https:\/\/api.w.org\/{rel}","templated":true}]}}