{"id":31586,"date":"2020-09-30T11:55:03","date_gmt":"2020-09-30T15:55:03","guid":{"rendered":"http:\/\/wp-pgs-equipements-adrien-phaneuf.elidevapp1aws.elisys-servers.ca\/product\/nettoyant-concentre-tout-usage-caseih-b505518\/"},"modified":"2025-09-30T06:03:24","modified_gmt":"2025-09-30T10:03:24","slug":"nettoyant-concentre-tout-usage-caseih-b505518","status":"publish","type":"product","link":"http:\/\/wp-pgs-equipements-adrien-phaneuf.elidevapp1aws.elisys-servers.ca\/fr\/produit\/nettoyant-concentre-tout-usage-caseih-b505518\/","title":{"rendered":"Nettoyant concentr\u00e9 tout usage CASEIH (B505518)"},"content":{"rendered":"<p>\u00c0 utiliser pur ou dilu\u00e9<\/p>\n<p>1 gallon<\/p>\n","protected":false},"excerpt":{"rendered":"<p>\u00c0 utiliser pur ou dilu\u00e9 1 gallon<\/p>\n","protected":false},"featured_media":31587,"template":"","meta":[],"product-sub-category":[247],"brand":[114],"product-third-category":[],"acf":{"product_vendor":"CAS","product_stock_stematine":"2","product_stock_victoriaville":"4","product_stock_shefford":"0","product_stock_upton":"3","product_stock_marieville":"0"},"_links":{"self":[{"href":"http:\/\/wp-pgs-equipements-adrien-phaneuf.elidevapp1aws.elisys-servers.ca\/fr\/wp-json\/wp\/v2\/product\/31586"}],"collection":[{"href":"http:\/\/wp-pgs-equipements-adrien-phaneuf.elidevapp1aws.elisys-servers.ca\/fr\/wp-json\/wp\/v2\/product"}],"about":[{"href":"http:\/\/wp-pgs-equipements-adrien-phaneuf.elidevapp1aws.elisys-servers.ca\/fr\/wp-json\/wp\/v2\/types\/product"}],"wp:featuredmedia":[{"embeddable":true,"href":"http:\/\/wp-pgs-equipements-adrien-phaneuf.elidevapp1aws.elisys-servers.ca\/fr\/wp-json\/wp\/v2\/media\/31587"}],"wp:attachment":[{"href":"http:\/\/wp-pgs-equipements-adrien-phaneuf.elidevapp1aws.elisys-servers.ca\/fr\/wp-json\/wp\/v2\/media?parent=31586"}],"wp:term":[{"taxonomy":"product-sub-category","embeddable":true,"href":"http:\/\/wp-pgs-equipements-adrien-phaneuf.elidevapp1aws.elisys-servers.ca\/fr\/wp-json\/wp\/v2\/product-sub-category?post=31586"},{"taxonomy":"brand","embeddable":true,"href":"http:\/\/wp-pgs-equipements-adrien-phaneuf.elidevapp1aws.elisys-servers.ca\/fr\/wp-json\/wp\/v2\/brand?post=31586"},{"taxonomy":"product-third-category","embeddable":true,"href":"http:\/\/wp-pgs-equipements-adrien-phaneuf.elidevapp1aws.elisys-servers.ca\/fr\/wp-json\/wp\/v2\/product-third-category?post=31586"}],"curies":[{"name":"wp","href":"https:\/\/api.w.org\/{rel}","templated":true}]}}