{"id":31592,"date":"2020-09-30T11:55:33","date_gmt":"2020-09-30T15:55:33","guid":{"rendered":"http:\/\/wp-pgs-equipements-adrien-phaneuf.elidevapp1aws.elisys-servers.ca\/product\/graisse-haute-temperature-caseih-b505708\/"},"modified":"2025-09-30T06:03:24","modified_gmt":"2025-09-30T10:03:24","slug":"graisse-haute-temperature-caseih-b505708","status":"publish","type":"product","link":"http:\/\/wp-pgs-equipements-adrien-phaneuf.elidevapp1aws.elisys-servers.ca\/fr\/produit\/graisse-haute-temperature-caseih-b505708\/","title":{"rendered":"Graisse haute temp\u00e9rature CASEIH (B505708)"},"content":{"rendered":"<p>EP-2 est un complexe lithium \u00e0 haute temp\u00e9rature NLGI 2, GC-LB polyvalent, graisse extr\u00eame-pression.<\/p>\n<p>Il est con\u00e7u pour \u00eatre utilis\u00e9 dans les roulements de roue de frein conventionnels et de disque, les joints universels, les arbres cannel\u00e9s, les pompes \u00e0 eau et la lubrification g\u00e9n\u00e9rale du ch\u00e2ssis.<\/p>\n","protected":false},"excerpt":{"rendered":"<p>EP-2 est un complexe lithium \u00e0 haute temp\u00e9rature NLGI 2, GC-LB polyvalent, graisse extr\u00eame-pression. Il est con\u00e7u pour \u00eatre utilis\u00e9 dans les roulements de roue de frein conventionnels et de disque, les joints universels, les arbres cannel\u00e9s, les pompes \u00e0 eau et la lubrification g\u00e9n\u00e9rale du ch\u00e2ssis.<\/p>\n","protected":false},"featured_media":31593,"template":"","meta":[],"product-sub-category":[243],"brand":[114],"product-third-category":[],"acf":{"product_vendor":"CAS","product_stock_victoriaville":"0","product_stock_upton":"6","product_stock_durantaye":"0","product_stock_marieville":"0","product_stock_stclet":"0","product_stock_shefford":"","product_stock_stematine":"","product_stock_huntingdon":"0","child_inventory_variation":""},"_links":{"self":[{"href":"http:\/\/wp-pgs-equipements-adrien-phaneuf.elidevapp1aws.elisys-servers.ca\/fr\/wp-json\/wp\/v2\/product\/31592"}],"collection":[{"href":"http:\/\/wp-pgs-equipements-adrien-phaneuf.elidevapp1aws.elisys-servers.ca\/fr\/wp-json\/wp\/v2\/product"}],"about":[{"href":"http:\/\/wp-pgs-equipements-adrien-phaneuf.elidevapp1aws.elisys-servers.ca\/fr\/wp-json\/wp\/v2\/types\/product"}],"wp:featuredmedia":[{"embeddable":true,"href":"http:\/\/wp-pgs-equipements-adrien-phaneuf.elidevapp1aws.elisys-servers.ca\/fr\/wp-json\/wp\/v2\/media\/31593"}],"wp:attachment":[{"href":"http:\/\/wp-pgs-equipements-adrien-phaneuf.elidevapp1aws.elisys-servers.ca\/fr\/wp-json\/wp\/v2\/media?parent=31592"}],"wp:term":[{"taxonomy":"product-sub-category","embeddable":true,"href":"http:\/\/wp-pgs-equipements-adrien-phaneuf.elidevapp1aws.elisys-servers.ca\/fr\/wp-json\/wp\/v2\/product-sub-category?post=31592"},{"taxonomy":"brand","embeddable":true,"href":"http:\/\/wp-pgs-equipements-adrien-phaneuf.elidevapp1aws.elisys-servers.ca\/fr\/wp-json\/wp\/v2\/brand?post=31592"},{"taxonomy":"product-third-category","embeddable":true,"href":"http:\/\/wp-pgs-equipements-adrien-phaneuf.elidevapp1aws.elisys-servers.ca\/fr\/wp-json\/wp\/v2\/product-third-category?post=31592"}],"curies":[{"name":"wp","href":"https:\/\/api.w.org\/{rel}","templated":true}]}}