{"id":31595,"date":"2020-09-30T11:55:33","date_gmt":"2020-09-30T15:55:33","guid":{"rendered":"http:\/\/wp-pgs-equipements-adrien-phaneuf.elidevapp1aws.elisys-servers.ca\/product\/huile-moteur-supreme-10w-30-caseih-b600401\/"},"modified":"2025-09-30T06:03:25","modified_gmt":"2025-09-30T10:03:25","slug":"huile-moteur-supreme-10w-30-caseih-b600401","status":"publish","type":"product","link":"http:\/\/wp-pgs-equipements-adrien-phaneuf.elidevapp1aws.elisys-servers.ca\/fr\/produit\/huile-moteur-supreme-10w-30-caseih-b600401\/","title":{"rendered":"Huile moteur supreme 10W-30 CASEIH (B600401)"},"content":{"rendered":"<p>Fournit une protection et une performance pour toutes les saisons<\/p>\n<p>Fournit un r\u00e9chauffement rapide et une meilleure \u00e9conomie de carburant pour les moteurs \u00e0 essence<\/p>\n<p>Formul\u00e9 avec des huiles de base et d&rsquo;additifs qui offrent des performances et une protection sup\u00e9rieure<\/p>\n<p>R\u00e9duit la friction et offre un d\u00e9marrage facile et rapide avec une lubrification instantan\u00e9e<\/p>\n","protected":false},"excerpt":{"rendered":"<p>Fournit une protection et une performance pour toutes les saisons Fournit un r\u00e9chauffement rapide et une meilleure \u00e9conomie de carburant pour les moteurs \u00e0 essence Formul\u00e9 avec des huiles de base et d&rsquo;additifs qui offrent des performances et une protection sup\u00e9rieure R\u00e9duit la friction et offre un d\u00e9marrage facile et rapide avec une lubrification instantan\u00e9e<\/p>\n","protected":false},"featured_media":31596,"template":"","meta":[],"product-sub-category":[242],"brand":[114],"product-third-category":[],"acf":{"product_vendor":"CAS","product_stock_stematine":"0","product_stock_victoriaville":"0","product_stock_shefford":"0","product_stock_upton":"0","product_stock_huntingdon":"2","product_stock_durantaye":"0","product_stock_marieville":"1","product_stock_stclet":"1","child_inventory_variation":""},"_links":{"self":[{"href":"http:\/\/wp-pgs-equipements-adrien-phaneuf.elidevapp1aws.elisys-servers.ca\/fr\/wp-json\/wp\/v2\/product\/31595"}],"collection":[{"href":"http:\/\/wp-pgs-equipements-adrien-phaneuf.elidevapp1aws.elisys-servers.ca\/fr\/wp-json\/wp\/v2\/product"}],"about":[{"href":"http:\/\/wp-pgs-equipements-adrien-phaneuf.elidevapp1aws.elisys-servers.ca\/fr\/wp-json\/wp\/v2\/types\/product"}],"wp:featuredmedia":[{"embeddable":true,"href":"http:\/\/wp-pgs-equipements-adrien-phaneuf.elidevapp1aws.elisys-servers.ca\/fr\/wp-json\/wp\/v2\/media\/31596"}],"wp:attachment":[{"href":"http:\/\/wp-pgs-equipements-adrien-phaneuf.elidevapp1aws.elisys-servers.ca\/fr\/wp-json\/wp\/v2\/media?parent=31595"}],"wp:term":[{"taxonomy":"product-sub-category","embeddable":true,"href":"http:\/\/wp-pgs-equipements-adrien-phaneuf.elidevapp1aws.elisys-servers.ca\/fr\/wp-json\/wp\/v2\/product-sub-category?post=31595"},{"taxonomy":"brand","embeddable":true,"href":"http:\/\/wp-pgs-equipements-adrien-phaneuf.elidevapp1aws.elisys-servers.ca\/fr\/wp-json\/wp\/v2\/brand?post=31595"},{"taxonomy":"product-third-category","embeddable":true,"href":"http:\/\/wp-pgs-equipements-adrien-phaneuf.elidevapp1aws.elisys-servers.ca\/fr\/wp-json\/wp\/v2\/product-third-category?post=31595"}],"curies":[{"name":"wp","href":"https:\/\/api.w.org\/{rel}","templated":true}]}}