{"id":31631,"date":"2020-09-30T11:56:01","date_gmt":"2020-09-30T15:56:01","guid":{"rendered":"http:\/\/wp-pgs-equipements-adrien-phaneuf.elidevapp1aws.elisys-servers.ca\/product\/siege-a-plateau-bas-dos-vinyle-noir-caseih-b94117\/"},"modified":"2023-10-31T06:02:39","modified_gmt":"2023-10-31T10:02:39","slug":"siege-a-plateau-bas-dos-vinyle-noir-caseih-b94117","status":"publish","type":"product","link":"http:\/\/wp-pgs-equipements-adrien-phaneuf.elidevapp1aws.elisys-servers.ca\/fr\/produit\/siege-a-plateau-bas-dos-vinyle-noir-caseih-b94117\/","title":{"rendered":"Si\u00e8ge \u00e0 plateau, bas-dos, Vinyle noir CASEIH (B94117)"},"content":{"rendered":"<p>Panneau arri\u00e8re bas, multi-montage<\/p>\n<p>Applications:\u00a0All-Makes Utility;\u00a0Toutes les marques Chargeuses compactes<\/p>\n<p>Type de couverture:\u00a0vinyle noir<\/p>\n<p>Taille:\u00a0Hauteur: 8,88 \u00ab\u00a0, Largeur 19&Prime;, Profondeur: 15.62 \u00a0\u00bb<\/p>\n<p>Montage Patterns trou:\u00a0trou de montage Centre;\u00a0Largeur 7.5 \u00ab\u00a0, Profondeur 7\u00a0\u00bb;\u00a0Largeur 9 \u00ab\u00a0, Profondeur 5,5\u00a0\u00bb;\u00a0Largeur: 8.2 \u00ab\u00a0, Profondeur 2.94\u00a0\u00bb<\/p>\n<p>Pour la\u00a0plupart\u00a0des\u00a0mod\u00e8les: Ariens, Bolens, Gilson, Long, Murray, MTD, Gravely, Dixon, Yazoo, Roper, Midwest, Western, National, Ingersoll, Snapple, Wheelhorse, Fleisher, Massey, Jt Ellis, et Toro<\/p>\n","protected":false},"excerpt":{"rendered":"<p>Panneau arri\u00e8re bas, multi-montage Applications:\u00a0All-Makes Utility;\u00a0Toutes les marques Chargeuses compactes Type de couverture:\u00a0vinyle noir Taille:\u00a0Hauteur: 8,88 \u00ab\u00a0, Largeur 19&Prime;, Profondeur: 15.62 \u00a0\u00bb Montage Patterns trou:\u00a0trou de montage Centre;\u00a0Largeur 7.5 \u00ab\u00a0, Profondeur 7\u00a0\u00bb;\u00a0Largeur 9 \u00ab\u00a0, Profondeur 5,5\u00a0\u00bb;\u00a0Largeur: 8.2 \u00ab\u00a0, Profondeur 2.94\u00a0\u00bb Pour la\u00a0plupart\u00a0des\u00a0mod\u00e8les: Ariens, Bolens, Gilson, Long, Murray, MTD, Gravely, Dixon, Yazoo, Roper, Midwest, Western, National, &hellip; <a href=\"http:\/\/wp-pgs-equipements-adrien-phaneuf.elidevapp1aws.elisys-servers.ca\/fr\/produit\/siege-a-plateau-bas-dos-vinyle-noir-caseih-b94117\/\">Suite<\/a><\/p>\n","protected":false},"featured_media":31632,"template":"","meta":[],"product-sub-category":[236],"brand":[111],"product-third-category":[],"acf":{"product_vendor":"CAS","product_stock_victoriaville":"0","product_stock_upton":"0"},"_links":{"self":[{"href":"http:\/\/wp-pgs-equipements-adrien-phaneuf.elidevapp1aws.elisys-servers.ca\/fr\/wp-json\/wp\/v2\/product\/31631"}],"collection":[{"href":"http:\/\/wp-pgs-equipements-adrien-phaneuf.elidevapp1aws.elisys-servers.ca\/fr\/wp-json\/wp\/v2\/product"}],"about":[{"href":"http:\/\/wp-pgs-equipements-adrien-phaneuf.elidevapp1aws.elisys-servers.ca\/fr\/wp-json\/wp\/v2\/types\/product"}],"wp:featuredmedia":[{"embeddable":true,"href":"http:\/\/wp-pgs-equipements-adrien-phaneuf.elidevapp1aws.elisys-servers.ca\/fr\/wp-json\/wp\/v2\/media\/31632"}],"wp:attachment":[{"href":"http:\/\/wp-pgs-equipements-adrien-phaneuf.elidevapp1aws.elisys-servers.ca\/fr\/wp-json\/wp\/v2\/media?parent=31631"}],"wp:term":[{"taxonomy":"product-sub-category","embeddable":true,"href":"http:\/\/wp-pgs-equipements-adrien-phaneuf.elidevapp1aws.elisys-servers.ca\/fr\/wp-json\/wp\/v2\/product-sub-category?post=31631"},{"taxonomy":"brand","embeddable":true,"href":"http:\/\/wp-pgs-equipements-adrien-phaneuf.elidevapp1aws.elisys-servers.ca\/fr\/wp-json\/wp\/v2\/brand?post=31631"},{"taxonomy":"product-third-category","embeddable":true,"href":"http:\/\/wp-pgs-equipements-adrien-phaneuf.elidevapp1aws.elisys-servers.ca\/fr\/wp-json\/wp\/v2\/product-third-category?post=31631"}],"curies":[{"name":"wp","href":"https:\/\/api.w.org\/{rel}","templated":true}]}}