{"id":31688,"date":"2020-09-30T11:56:27","date_gmt":"2020-09-30T15:56:27","guid":{"rendered":"http:\/\/wp-pgs-equipements-adrien-phaneuf.elidevapp1aws.elisys-servers.ca\/product\/pistolet-daspiration-dhuile-caseih-bc5498\/"},"modified":"2024-06-25T15:51:49","modified_gmt":"2024-06-25T19:51:49","slug":"pistolet-daspiration-dhuile-caseih-bc5498","status":"publish","type":"product","link":"http:\/\/wp-pgs-equipements-adrien-phaneuf.elidevapp1aws.elisys-servers.ca\/fr\/produit\/pistolet-daspiration-dhuile-caseih-bc5498\/","title":{"rendered":"Pistolet d&rsquo;aspiration d&rsquo;huile CASEIH (BC5498)"},"content":{"rendered":"<p>Capacit\u00e9 de 6 oz<\/p>\n<p>Aucun amor\u00e7age de la pompe n\u00e9cessaire<\/p>\n<p>Pour utilisation avec tout type de lubrifiant non corrosif<\/p>\n<p>Tuyau en PVC de 12 po<\/p>\n<p>Id\u00e9al pour ajouter et enlever l&rsquo;huile des bo\u00eetes de vitesses<\/p>\n","protected":false},"excerpt":{"rendered":"<p>Capacit\u00e9 de 6 oz Aucun amor\u00e7age de la pompe n\u00e9cessaire Pour utilisation avec tout type de lubrifiant non corrosif Tuyau en PVC de 12 po Id\u00e9al pour ajouter et enlever l&rsquo;huile des bo\u00eetes de vitesses<\/p>\n","protected":false},"featured_media":31689,"template":"","meta":[],"product-sub-category":[],"brand":[111],"product-third-category":[],"acf":{"product_vendor":"CAS","product_stock_upton":"0","product_stock_marieville":"","product_stock_shefford":"","product_stock_victoriaville":"","product_stock_durantaye":"","product_stock_stematine":"","product_stock_stclet":"","product_stock_huntingdon":"","child_inventory_variation":""},"_links":{"self":[{"href":"http:\/\/wp-pgs-equipements-adrien-phaneuf.elidevapp1aws.elisys-servers.ca\/fr\/wp-json\/wp\/v2\/product\/31688"}],"collection":[{"href":"http:\/\/wp-pgs-equipements-adrien-phaneuf.elidevapp1aws.elisys-servers.ca\/fr\/wp-json\/wp\/v2\/product"}],"about":[{"href":"http:\/\/wp-pgs-equipements-adrien-phaneuf.elidevapp1aws.elisys-servers.ca\/fr\/wp-json\/wp\/v2\/types\/product"}],"wp:featuredmedia":[{"embeddable":true,"href":"http:\/\/wp-pgs-equipements-adrien-phaneuf.elidevapp1aws.elisys-servers.ca\/fr\/wp-json\/wp\/v2\/media\/31689"}],"wp:attachment":[{"href":"http:\/\/wp-pgs-equipements-adrien-phaneuf.elidevapp1aws.elisys-servers.ca\/fr\/wp-json\/wp\/v2\/media?parent=31688"}],"wp:term":[{"taxonomy":"product-sub-category","embeddable":true,"href":"http:\/\/wp-pgs-equipements-adrien-phaneuf.elidevapp1aws.elisys-servers.ca\/fr\/wp-json\/wp\/v2\/product-sub-category?post=31688"},{"taxonomy":"brand","embeddable":true,"href":"http:\/\/wp-pgs-equipements-adrien-phaneuf.elidevapp1aws.elisys-servers.ca\/fr\/wp-json\/wp\/v2\/brand?post=31688"},{"taxonomy":"product-third-category","embeddable":true,"href":"http:\/\/wp-pgs-equipements-adrien-phaneuf.elidevapp1aws.elisys-servers.ca\/fr\/wp-json\/wp\/v2\/product-third-category?post=31688"}],"curies":[{"name":"wp","href":"https:\/\/api.w.org\/{rel}","templated":true}]}}