{"id":31697,"date":"2020-09-30T11:57:06","date_gmt":"2020-09-30T15:57:06","guid":{"rendered":"http:\/\/wp-pgs-equipements-adrien-phaneuf.elidevapp1aws.elisys-servers.ca\/product\/raccord-de-tuyau-a-compresseur-a-lair-bcnh000017\/"},"modified":"2025-09-30T06:03:30","modified_gmt":"2025-09-30T10:03:30","slug":"raccord-de-tuyau-a-compresseur-a-lair-bcnh000017","status":"publish","type":"product","link":"http:\/\/wp-pgs-equipements-adrien-phaneuf.elidevapp1aws.elisys-servers.ca\/fr\/produit\/raccord-de-tuyau-a-compresseur-a-lair-bcnh000017\/","title":{"rendered":"Raccord de tuyau \u00e0 compresseur \u00e0 l&rsquo;air (BCNH000017)"},"content":{"rendered":"<p>kit de raccord 5 pi\u00e8ces\u00a0pour compresseur<\/p>\n","protected":false},"excerpt":{"rendered":"<p>kit de raccord 5 pi\u00e8ces\u00a0pour compresseur<\/p>\n","protected":false},"featured_media":31698,"template":"","meta":[],"product-sub-category":[236],"brand":[114],"product-third-category":[],"acf":{"product_vendor":"CAS","product_stock_upton":"3","product_stock_victoriaville":"1","product_stock_stclet":"3","product_stock_stematine":"2"},"_links":{"self":[{"href":"http:\/\/wp-pgs-equipements-adrien-phaneuf.elidevapp1aws.elisys-servers.ca\/fr\/wp-json\/wp\/v2\/product\/31697"}],"collection":[{"href":"http:\/\/wp-pgs-equipements-adrien-phaneuf.elidevapp1aws.elisys-servers.ca\/fr\/wp-json\/wp\/v2\/product"}],"about":[{"href":"http:\/\/wp-pgs-equipements-adrien-phaneuf.elidevapp1aws.elisys-servers.ca\/fr\/wp-json\/wp\/v2\/types\/product"}],"wp:featuredmedia":[{"embeddable":true,"href":"http:\/\/wp-pgs-equipements-adrien-phaneuf.elidevapp1aws.elisys-servers.ca\/fr\/wp-json\/wp\/v2\/media\/31698"}],"wp:attachment":[{"href":"http:\/\/wp-pgs-equipements-adrien-phaneuf.elidevapp1aws.elisys-servers.ca\/fr\/wp-json\/wp\/v2\/media?parent=31697"}],"wp:term":[{"taxonomy":"product-sub-category","embeddable":true,"href":"http:\/\/wp-pgs-equipements-adrien-phaneuf.elidevapp1aws.elisys-servers.ca\/fr\/wp-json\/wp\/v2\/product-sub-category?post=31697"},{"taxonomy":"brand","embeddable":true,"href":"http:\/\/wp-pgs-equipements-adrien-phaneuf.elidevapp1aws.elisys-servers.ca\/fr\/wp-json\/wp\/v2\/brand?post=31697"},{"taxonomy":"product-third-category","embeddable":true,"href":"http:\/\/wp-pgs-equipements-adrien-phaneuf.elidevapp1aws.elisys-servers.ca\/fr\/wp-json\/wp\/v2\/product-third-category?post=31697"}],"curies":[{"name":"wp","href":"https:\/\/api.w.org\/{rel}","templated":true}]}}