{"id":31700,"date":"2020-09-30T11:57:06","date_gmt":"2020-09-30T15:57:06","guid":{"rendered":"http:\/\/wp-pgs-equipements-adrien-phaneuf.elidevapp1aws.elisys-servers.ca\/product\/bac-de-recuperation-de-liquides-caseih-bcnh1512\/"},"modified":"2025-09-30T06:03:30","modified_gmt":"2025-09-30T10:03:30","slug":"bac-de-recuperation-de-liquides-caseih-bcnh1512","status":"publish","type":"product","link":"http:\/\/wp-pgs-equipements-adrien-phaneuf.elidevapp1aws.elisys-servers.ca\/fr\/produit\/bac-de-recuperation-de-liquides-caseih-bcnh1512\/","title":{"rendered":"Bac de r\u00e9cup\u00e9ration de liquides CASEIH (BCNH1512)"},"content":{"rendered":"<p>14 \u00ab\u00a0x 14\u00a0\u00bb x 5 \u00ab\u00a0H<\/p>\n<p>Comprend un \u00e9cran en plastique triangle<\/p>\n<p>Fabriqu\u00e9 en polypropyl\u00e8ne durable<\/p>\n<p>R\u00e9sistant aux produits chimiques<\/p>\n<p>Pour contenir les d\u00e9versements et les gouttes des machines, des v\u00e9hicules et des tambours<\/p>\n","protected":false},"excerpt":{"rendered":"<p>14 \u00ab\u00a0x 14\u00a0\u00bb x 5 \u00ab\u00a0H Comprend un \u00e9cran en plastique triangle Fabriqu\u00e9 en polypropyl\u00e8ne durable R\u00e9sistant aux produits chimiques Pour contenir les d\u00e9versements et les gouttes des machines, des v\u00e9hicules et des tambours<\/p>\n","protected":false},"featured_media":31701,"template":"","meta":[],"product-sub-category":[236,248],"brand":[111],"product-third-category":[],"acf":{"product_vendor":"CAS","product_stock_victoriaville":"8"},"_links":{"self":[{"href":"http:\/\/wp-pgs-equipements-adrien-phaneuf.elidevapp1aws.elisys-servers.ca\/fr\/wp-json\/wp\/v2\/product\/31700"}],"collection":[{"href":"http:\/\/wp-pgs-equipements-adrien-phaneuf.elidevapp1aws.elisys-servers.ca\/fr\/wp-json\/wp\/v2\/product"}],"about":[{"href":"http:\/\/wp-pgs-equipements-adrien-phaneuf.elidevapp1aws.elisys-servers.ca\/fr\/wp-json\/wp\/v2\/types\/product"}],"wp:featuredmedia":[{"embeddable":true,"href":"http:\/\/wp-pgs-equipements-adrien-phaneuf.elidevapp1aws.elisys-servers.ca\/fr\/wp-json\/wp\/v2\/media\/31701"}],"wp:attachment":[{"href":"http:\/\/wp-pgs-equipements-adrien-phaneuf.elidevapp1aws.elisys-servers.ca\/fr\/wp-json\/wp\/v2\/media?parent=31700"}],"wp:term":[{"taxonomy":"product-sub-category","embeddable":true,"href":"http:\/\/wp-pgs-equipements-adrien-phaneuf.elidevapp1aws.elisys-servers.ca\/fr\/wp-json\/wp\/v2\/product-sub-category?post=31700"},{"taxonomy":"brand","embeddable":true,"href":"http:\/\/wp-pgs-equipements-adrien-phaneuf.elidevapp1aws.elisys-servers.ca\/fr\/wp-json\/wp\/v2\/brand?post=31700"},{"taxonomy":"product-third-category","embeddable":true,"href":"http:\/\/wp-pgs-equipements-adrien-phaneuf.elidevapp1aws.elisys-servers.ca\/fr\/wp-json\/wp\/v2\/product-third-category?post=31700"}],"curies":[{"name":"wp","href":"https:\/\/api.w.org\/{rel}","templated":true}]}}