{"id":31703,"date":"2020-09-30T11:57:06","date_gmt":"2020-09-30T15:57:06","guid":{"rendered":"http:\/\/wp-pgs-equipements-adrien-phaneuf.elidevapp1aws.elisys-servers.ca\/product\/nettoyant-pour-les-mains-a-microbilles-pour-les-lourds-travaux-caseih-bcnh29131hd\/"},"modified":"2025-09-30T06:03:30","modified_gmt":"2025-09-30T10:03:30","slug":"nettoyant-pour-les-mains-a-microbilles-pour-les-lourds-travaux-caseih-bcnh29131hd","status":"publish","type":"product","link":"http:\/\/wp-pgs-equipements-adrien-phaneuf.elidevapp1aws.elisys-servers.ca\/fr\/produit\/nettoyant-pour-les-mains-a-microbilles-pour-les-lourds-travaux-caseih-bcnh29131hd\/","title":{"rendered":"Nettoyant pour les mains \u00e0 Microbilles pour les lourds travaux CASEIH (BCNH29131HD)"},"content":{"rendered":"<p>1 gallon<\/p>\n<p>Nettoyage avanc\u00e9 et conditionnement de la peau<\/p>\n<p>Utilisation avec distributeur MC28128SBR (vendu s\u00e9par\u00e9ment)<\/p>\n","protected":false},"excerpt":{"rendered":"<p>1 gallon Nettoyage avanc\u00e9 et conditionnement de la peau Utilisation avec distributeur MC28128SBR (vendu s\u00e9par\u00e9ment)<\/p>\n","protected":false},"featured_media":31704,"template":"","meta":[],"product-sub-category":[247],"brand":[114],"product-third-category":[],"acf":{"product_vendor":"CAS","product_stock_victoriaville":"0","product_stock_shefford":"0","product_stock_upton":"3","product_stock_marieville":"0","product_stock_huntingdon":"0","product_stock_stematine":"0"},"_links":{"self":[{"href":"http:\/\/wp-pgs-equipements-adrien-phaneuf.elidevapp1aws.elisys-servers.ca\/fr\/wp-json\/wp\/v2\/product\/31703"}],"collection":[{"href":"http:\/\/wp-pgs-equipements-adrien-phaneuf.elidevapp1aws.elisys-servers.ca\/fr\/wp-json\/wp\/v2\/product"}],"about":[{"href":"http:\/\/wp-pgs-equipements-adrien-phaneuf.elidevapp1aws.elisys-servers.ca\/fr\/wp-json\/wp\/v2\/types\/product"}],"wp:featuredmedia":[{"embeddable":true,"href":"http:\/\/wp-pgs-equipements-adrien-phaneuf.elidevapp1aws.elisys-servers.ca\/fr\/wp-json\/wp\/v2\/media\/31704"}],"wp:attachment":[{"href":"http:\/\/wp-pgs-equipements-adrien-phaneuf.elidevapp1aws.elisys-servers.ca\/fr\/wp-json\/wp\/v2\/media?parent=31703"}],"wp:term":[{"taxonomy":"product-sub-category","embeddable":true,"href":"http:\/\/wp-pgs-equipements-adrien-phaneuf.elidevapp1aws.elisys-servers.ca\/fr\/wp-json\/wp\/v2\/product-sub-category?post=31703"},{"taxonomy":"brand","embeddable":true,"href":"http:\/\/wp-pgs-equipements-adrien-phaneuf.elidevapp1aws.elisys-servers.ca\/fr\/wp-json\/wp\/v2\/brand?post=31703"},{"taxonomy":"product-third-category","embeddable":true,"href":"http:\/\/wp-pgs-equipements-adrien-phaneuf.elidevapp1aws.elisys-servers.ca\/fr\/wp-json\/wp\/v2\/product-third-category?post=31703"}],"curies":[{"name":"wp","href":"https:\/\/api.w.org\/{rel}","templated":true}]}}