{"id":31706,"date":"2020-09-30T11:57:06","date_gmt":"2020-09-30T15:57:06","guid":{"rendered":"http:\/\/wp-pgs-equipements-adrien-phaneuf.elidevapp1aws.elisys-servers.ca\/product\/serviettes-de-nettoyage-resistantes-caseih-bcnh5440030\/"},"modified":"2025-09-30T06:03:31","modified_gmt":"2025-09-30T10:03:31","slug":"serviettes-de-nettoyage-resistantes-caseih-bcnh5440030","status":"publish","type":"product","link":"http:\/\/wp-pgs-equipements-adrien-phaneuf.elidevapp1aws.elisys-servers.ca\/fr\/produit\/serviettes-de-nettoyage-resistantes-caseih-bcnh5440030\/","title":{"rendered":"Serviettes de nettoyage r\u00e9sistantes CASEIH (BCNH5440030)"},"content":{"rendered":"<p>Petit rouleau simple, 60ct<\/p>\n<p>11 \u00ab\u00a0x 9,4\u00a0\u00bb<\/p>\n<p>Fonctionne comme un chiffon. Doux sur les mains et le visage<\/p>\n<p>Pour les applications d&rsquo;essuyage \u00e0 usage g\u00e9n\u00e9ral moyen \u00e0\u00a0important<\/p>\n<p>Les serviettes de couleur bleue aident \u00e0 masquer la graisse et la salet\u00e9 mieux que les serviettes de magasin blanc permettant plus d&rsquo;utilisation avant d&rsquo;\u00eatre jet\u00e9es<\/p>\n","protected":false},"excerpt":{"rendered":"<p>Petit rouleau simple, 60ct 11 \u00ab\u00a0x 9,4\u00a0\u00bb Fonctionne comme un chiffon. Doux sur les mains et le visage Pour les applications d&rsquo;essuyage \u00e0 usage g\u00e9n\u00e9ral moyen \u00e0\u00a0important Les serviettes de couleur bleue aident \u00e0 masquer la graisse et la salet\u00e9 mieux que les serviettes de magasin blanc permettant plus d&rsquo;utilisation avant d&rsquo;\u00eatre jet\u00e9es<\/p>\n","protected":false},"featured_media":31707,"template":"","meta":[],"product-sub-category":[247],"brand":[111],"product-third-category":[],"acf":{"product_vendor":"CAS","product_stock_victoriaville":"20","product_stock_upton":"24","product_stock_durantaye":"58","product_stock_marieville":"0"},"_links":{"self":[{"href":"http:\/\/wp-pgs-equipements-adrien-phaneuf.elidevapp1aws.elisys-servers.ca\/fr\/wp-json\/wp\/v2\/product\/31706"}],"collection":[{"href":"http:\/\/wp-pgs-equipements-adrien-phaneuf.elidevapp1aws.elisys-servers.ca\/fr\/wp-json\/wp\/v2\/product"}],"about":[{"href":"http:\/\/wp-pgs-equipements-adrien-phaneuf.elidevapp1aws.elisys-servers.ca\/fr\/wp-json\/wp\/v2\/types\/product"}],"wp:featuredmedia":[{"embeddable":true,"href":"http:\/\/wp-pgs-equipements-adrien-phaneuf.elidevapp1aws.elisys-servers.ca\/fr\/wp-json\/wp\/v2\/media\/31707"}],"wp:attachment":[{"href":"http:\/\/wp-pgs-equipements-adrien-phaneuf.elidevapp1aws.elisys-servers.ca\/fr\/wp-json\/wp\/v2\/media?parent=31706"}],"wp:term":[{"taxonomy":"product-sub-category","embeddable":true,"href":"http:\/\/wp-pgs-equipements-adrien-phaneuf.elidevapp1aws.elisys-servers.ca\/fr\/wp-json\/wp\/v2\/product-sub-category?post=31706"},{"taxonomy":"brand","embeddable":true,"href":"http:\/\/wp-pgs-equipements-adrien-phaneuf.elidevapp1aws.elisys-servers.ca\/fr\/wp-json\/wp\/v2\/brand?post=31706"},{"taxonomy":"product-third-category","embeddable":true,"href":"http:\/\/wp-pgs-equipements-adrien-phaneuf.elidevapp1aws.elisys-servers.ca\/fr\/wp-json\/wp\/v2\/product-third-category?post=31706"}],"curies":[{"name":"wp","href":"https:\/\/api.w.org\/{rel}","templated":true}]}}