{"id":31709,"date":"2020-09-30T11:57:06","date_gmt":"2020-09-30T15:57:06","guid":{"rendered":"http:\/\/wp-pgs-equipements-adrien-phaneuf.elidevapp1aws.elisys-servers.ca\/product\/serviettes-datelier-200-boite-caseih-bcnh5520201-p\/"},"modified":"2025-09-30T06:03:31","modified_gmt":"2025-09-30T10:03:31","slug":"serviettes-datelier-200-boite-caseih-bcnh5520201-p","status":"publish","type":"product","link":"http:\/\/wp-pgs-equipements-adrien-phaneuf.elidevapp1aws.elisys-servers.ca\/fr\/produit\/serviettes-datelier-200-boite-caseih-bcnh5520201-p\/","title":{"rendered":"Serviettes d&rsquo;atelier &#8211; 200\/Bo\u00eete CASEIH (BCNH5520201-P)"},"content":{"rendered":"<p>Fonctionne comme tissu. Doux pour les mains et le visage. Id\u00e9al pour tout support \u00e0 des applications d&rsquo;essuyage robuste \u00e0 usage g\u00e9n\u00e9ral<\/p>\n<p>Serviettes bleu la\u00a0graisse cacher et la salet\u00e9 mieux que serviettes blanches d&rsquo;atelier, permettant une meilleure utilisation avant d&rsquo; \u00eatre mis au rebut<\/p>\n<p>Contiennent 40%\u00a0fibres recycl\u00e9es cent post-consommation et 10% de fibres recycl\u00e9es post-industrielles r\u00e9pondant aux lignes directrices d&rsquo;approvisionnement APE complet<\/p>\n","protected":false},"excerpt":{"rendered":"<p>Fonctionne comme tissu. Doux pour les mains et le visage. Id\u00e9al pour tout support \u00e0 des applications d&rsquo;essuyage robuste \u00e0 usage g\u00e9n\u00e9ral Serviettes bleu la\u00a0graisse cacher et la salet\u00e9 mieux que serviettes blanches d&rsquo;atelier, permettant une meilleure utilisation avant d&rsquo; \u00eatre mis au rebut Contiennent 40%\u00a0fibres recycl\u00e9es cent post-consommation et 10% de fibres recycl\u00e9es post-industrielles &hellip; <a href=\"http:\/\/wp-pgs-equipements-adrien-phaneuf.elidevapp1aws.elisys-servers.ca\/fr\/produit\/serviettes-datelier-200-boite-caseih-bcnh5520201-p\/\">Suite<\/a><\/p>\n","protected":false},"featured_media":31710,"template":"","meta":[],"product-sub-category":[247],"brand":[],"product-third-category":[],"acf":{"product_vendor":"CAS","product_stock_upton":"187","product_stock_marieville":"0","product_stock_shefford":"0","product_stock_victoriaville":"107","product_stock_durantaye":"0","product_stock_stematine":"16","product_stock_stclet":"9","product_stock_huntingdon":"17","child_inventory_variation":""},"_links":{"self":[{"href":"http:\/\/wp-pgs-equipements-adrien-phaneuf.elidevapp1aws.elisys-servers.ca\/fr\/wp-json\/wp\/v2\/product\/31709"}],"collection":[{"href":"http:\/\/wp-pgs-equipements-adrien-phaneuf.elidevapp1aws.elisys-servers.ca\/fr\/wp-json\/wp\/v2\/product"}],"about":[{"href":"http:\/\/wp-pgs-equipements-adrien-phaneuf.elidevapp1aws.elisys-servers.ca\/fr\/wp-json\/wp\/v2\/types\/product"}],"wp:featuredmedia":[{"embeddable":true,"href":"http:\/\/wp-pgs-equipements-adrien-phaneuf.elidevapp1aws.elisys-servers.ca\/fr\/wp-json\/wp\/v2\/media\/31710"}],"wp:attachment":[{"href":"http:\/\/wp-pgs-equipements-adrien-phaneuf.elidevapp1aws.elisys-servers.ca\/fr\/wp-json\/wp\/v2\/media?parent=31709"}],"wp:term":[{"taxonomy":"product-sub-category","embeddable":true,"href":"http:\/\/wp-pgs-equipements-adrien-phaneuf.elidevapp1aws.elisys-servers.ca\/fr\/wp-json\/wp\/v2\/product-sub-category?post=31709"},{"taxonomy":"brand","embeddable":true,"href":"http:\/\/wp-pgs-equipements-adrien-phaneuf.elidevapp1aws.elisys-servers.ca\/fr\/wp-json\/wp\/v2\/brand?post=31709"},{"taxonomy":"product-third-category","embeddable":true,"href":"http:\/\/wp-pgs-equipements-adrien-phaneuf.elidevapp1aws.elisys-servers.ca\/fr\/wp-json\/wp\/v2\/product-third-category?post=31709"}],"curies":[{"name":"wp","href":"https:\/\/api.w.org\/{rel}","templated":true}]}}