{"id":31749,"date":"2020-09-30T11:57:45","date_gmt":"2020-09-30T15:57:45","guid":{"rendered":"http:\/\/wp-pgs-equipements-adrien-phaneuf.elidevapp1aws.elisys-servers.ca\/product\/cle-usb-4gb-aphaneuf-case-ih\/"},"modified":"2025-09-30T06:03:34","modified_gmt":"2025-09-30T10:03:34","slug":"cle-usb-4gb-aphaneuf-case-ih","status":"publish","type":"product","link":"http:\/\/wp-pgs-equipements-adrien-phaneuf.elidevapp1aws.elisys-servers.ca\/fr\/produit\/cle-usb-4gb-aphaneuf-case-ih\/","title":{"rendered":"Cl\u00e9 usb 4GB Aphaneuf Case IH"},"content":{"rendered":"<p>Jusqu&rsquo;\u00e0 2 600 photos, 1 000 chansons ou 2 heures de vid\u00e9o HD<br \/>\nLa taille compacte permet un stockage facile et \u00e9conomique<br \/>\nLa technologie Plug-and-play fonctionne imm\u00e9diatement sans configuration<br \/>\nLe design pivotant prot\u00e8ge de la poussi\u00e8re et des d\u00e9bris<\/p>\n<p>La clef usb 4Gb offre un rangement portable dans un bo\u00eetier compact avec la commodit\u00e9 plug-and-play.<br \/>\nLa vitesse d&rsquo;\u00e9criture est jusqu&rsquo;\u00e0 5MB par seconde avec l&rsquo;interface USB 2.0.<br \/>\nLa vitesse de lecture est jusqu&rsquo;\u00e0 12MB par seconde.<br \/>\nLe lecteur flash de 4 Go est compatible avec les ports USB 3.0, 2.0 et 1.1 USB ainsi que Windows XP, 7, 8, 10 Linux 2.4 ou plus r\u00e9cent, Mac 9.0 ou plus r\u00e9cent.<br \/>\nLecteur Flash n&rsquo;a pas de protection par mot de passe ou de cryptage.<\/p>\n","protected":false},"excerpt":{"rendered":"<p>Jusqu&rsquo;\u00e0 2 600 photos, 1 000 chansons ou 2 heures de vid\u00e9o HD La taille compacte permet un stockage facile et \u00e9conomique La technologie Plug-and-play fonctionne imm\u00e9diatement sans configuration Le design pivotant prot\u00e8ge de la poussi\u00e8re et des d\u00e9bris La clef usb 4Gb offre un rangement portable dans un bo\u00eetier compact avec la commodit\u00e9 plug-and-play. &hellip; <a href=\"http:\/\/wp-pgs-equipements-adrien-phaneuf.elidevapp1aws.elisys-servers.ca\/fr\/produit\/cle-usb-4gb-aphaneuf-case-ih\/\">Suite<\/a><\/p>\n","protected":false},"featured_media":31750,"template":"","meta":[],"product-sub-category":[224],"brand":[],"product-third-category":[],"acf":{"product_vendor":"CAS","product_stock_upton":"24","product_stock_marieville":"7","product_stock_shefford":"","product_stock_victoriaville":"6","product_stock_durantaye":"6","product_stock_stematine":"4","product_stock_stclet":"2","product_stock_huntingdon":"","child_inventory_variation":""},"_links":{"self":[{"href":"http:\/\/wp-pgs-equipements-adrien-phaneuf.elidevapp1aws.elisys-servers.ca\/fr\/wp-json\/wp\/v2\/product\/31749"}],"collection":[{"href":"http:\/\/wp-pgs-equipements-adrien-phaneuf.elidevapp1aws.elisys-servers.ca\/fr\/wp-json\/wp\/v2\/product"}],"about":[{"href":"http:\/\/wp-pgs-equipements-adrien-phaneuf.elidevapp1aws.elisys-servers.ca\/fr\/wp-json\/wp\/v2\/types\/product"}],"wp:featuredmedia":[{"embeddable":true,"href":"http:\/\/wp-pgs-equipements-adrien-phaneuf.elidevapp1aws.elisys-servers.ca\/fr\/wp-json\/wp\/v2\/media\/31750"}],"wp:attachment":[{"href":"http:\/\/wp-pgs-equipements-adrien-phaneuf.elidevapp1aws.elisys-servers.ca\/fr\/wp-json\/wp\/v2\/media?parent=31749"}],"wp:term":[{"taxonomy":"product-sub-category","embeddable":true,"href":"http:\/\/wp-pgs-equipements-adrien-phaneuf.elidevapp1aws.elisys-servers.ca\/fr\/wp-json\/wp\/v2\/product-sub-category?post=31749"},{"taxonomy":"brand","embeddable":true,"href":"http:\/\/wp-pgs-equipements-adrien-phaneuf.elidevapp1aws.elisys-servers.ca\/fr\/wp-json\/wp\/v2\/brand?post=31749"},{"taxonomy":"product-third-category","embeddable":true,"href":"http:\/\/wp-pgs-equipements-adrien-phaneuf.elidevapp1aws.elisys-servers.ca\/fr\/wp-json\/wp\/v2\/product-third-category?post=31749"}],"curies":[{"name":"wp","href":"https:\/\/api.w.org\/{rel}","templated":true}]}}