{"id":31764,"date":"2020-09-30T11:58:59","date_gmt":"2020-09-30T15:58:59","guid":{"rendered":"http:\/\/wp-pgs-equipements-adrien-phaneuf.elidevapp1aws.elisys-servers.ca\/product\/assortiment-depingles-a-cheveux-caseih-cnh100150\/"},"modified":"2025-09-30T06:03:35","modified_gmt":"2025-09-30T10:03:35","slug":"assortiment-depingles-a-cheveux-caseih-cnh100150","status":"publish","type":"product","link":"http:\/\/wp-pgs-equipements-adrien-phaneuf.elidevapp1aws.elisys-servers.ca\/fr\/produit\/assortiment-depingles-a-cheveux-caseih-cnh100150\/","title":{"rendered":"Assortiment d&rsquo;\u00e9pingles \u00e0 cheveux CASEIH (CNH100150)"},"content":{"rendered":"<p>150 morceaux<\/p>\n<p>2 x 33 mm @ 30 qt\u00e9<\/p>\n<p>2 x 40 mm @ 25 qt\u00e9<\/p>\n<p>2,4 x 31 mm @ 42 Quantit\u00e9<\/p>\n<p>2,8 x 42 mm @ 25 qt\u00e9<\/p>\n<p>3,5 x 45 mm @ 20 Quantit\u00e9<\/p>\n<p>4 x 75 mm \u00e0 8 pi\u00e8ces<\/p>\n<p>1,15 lb<\/p>\n","protected":false},"excerpt":{"rendered":"<p>150 morceaux 2 x 33 mm @ 30 qt\u00e9 2 x 40 mm @ 25 qt\u00e9 2,4 x 31 mm @ 42 Quantit\u00e9 2,8 x 42 mm @ 25 qt\u00e9 3,5 x 45 mm @ 20 Quantit\u00e9 4 x 75 mm \u00e0 8 pi\u00e8ces 1,15 lb<\/p>\n","protected":false},"featured_media":31765,"template":"","meta":[],"product-sub-category":[256,236],"brand":[114],"product-third-category":[],"acf":{"product_vendor":"CAS","product_stock_victoriaville":"3","product_stock_upton":"2","product_stock_marieville":"0","product_stock_stematine":"1"},"_links":{"self":[{"href":"http:\/\/wp-pgs-equipements-adrien-phaneuf.elidevapp1aws.elisys-servers.ca\/fr\/wp-json\/wp\/v2\/product\/31764"}],"collection":[{"href":"http:\/\/wp-pgs-equipements-adrien-phaneuf.elidevapp1aws.elisys-servers.ca\/fr\/wp-json\/wp\/v2\/product"}],"about":[{"href":"http:\/\/wp-pgs-equipements-adrien-phaneuf.elidevapp1aws.elisys-servers.ca\/fr\/wp-json\/wp\/v2\/types\/product"}],"wp:featuredmedia":[{"embeddable":true,"href":"http:\/\/wp-pgs-equipements-adrien-phaneuf.elidevapp1aws.elisys-servers.ca\/fr\/wp-json\/wp\/v2\/media\/31765"}],"wp:attachment":[{"href":"http:\/\/wp-pgs-equipements-adrien-phaneuf.elidevapp1aws.elisys-servers.ca\/fr\/wp-json\/wp\/v2\/media?parent=31764"}],"wp:term":[{"taxonomy":"product-sub-category","embeddable":true,"href":"http:\/\/wp-pgs-equipements-adrien-phaneuf.elidevapp1aws.elisys-servers.ca\/fr\/wp-json\/wp\/v2\/product-sub-category?post=31764"},{"taxonomy":"brand","embeddable":true,"href":"http:\/\/wp-pgs-equipements-adrien-phaneuf.elidevapp1aws.elisys-servers.ca\/fr\/wp-json\/wp\/v2\/brand?post=31764"},{"taxonomy":"product-third-category","embeddable":true,"href":"http:\/\/wp-pgs-equipements-adrien-phaneuf.elidevapp1aws.elisys-servers.ca\/fr\/wp-json\/wp\/v2\/product-third-category?post=31764"}],"curies":[{"name":"wp","href":"https:\/\/api.w.org\/{rel}","templated":true}]}}