{"id":31770,"date":"2020-09-30T11:58:59","date_gmt":"2020-09-30T15:58:59","guid":{"rendered":"http:\/\/wp-pgs-equipements-adrien-phaneuf.elidevapp1aws.elisys-servers.ca\/product\/ensemble-de-fusibles-a-prise-ato-caseih-cnh700300\/"},"modified":"2025-09-30T06:03:36","modified_gmt":"2025-09-30T10:03:36","slug":"ensemble-de-fusibles-a-prise-ato-caseih-cnh700300","status":"publish","type":"product","link":"http:\/\/wp-pgs-equipements-adrien-phaneuf.elidevapp1aws.elisys-servers.ca\/fr\/produit\/ensemble-de-fusibles-a-prise-ato-caseih-cnh700300\/","title":{"rendered":"Ensemble de fusibles \u00e0 prise ATO CASEIH (CNH700300)"},"content":{"rendered":"<p>50 pi\u00e8ces<\/p>\n<p>10 AMP @ 10 qt\u00e9<\/p>\n<p>15 AMP @ 10 qt\u00e9<\/p>\n<p>20 AMP @ 10 qt\u00e9<\/p>\n<p>25 AMP @ 10 qt\u00e9<\/p>\n<p>30 AMP @ 10 qt\u00e9<\/p>\n","protected":false},"excerpt":{"rendered":"<p>50 pi\u00e8ces 10 AMP @ 10 qt\u00e9 15 AMP @ 10 qt\u00e9 20 AMP @ 10 qt\u00e9 25 AMP @ 10 qt\u00e9 30 AMP @ 10 qt\u00e9<\/p>\n","protected":false},"featured_media":31771,"template":"","meta":[],"product-sub-category":[236,231],"brand":[114],"product-third-category":[],"acf":{"product_vendor":"CAS","product_stock_victoriaville":"3","product_stock_upton":"4","product_stock_stematine":"2","product_stock_marieville":"1"},"_links":{"self":[{"href":"http:\/\/wp-pgs-equipements-adrien-phaneuf.elidevapp1aws.elisys-servers.ca\/fr\/wp-json\/wp\/v2\/product\/31770"}],"collection":[{"href":"http:\/\/wp-pgs-equipements-adrien-phaneuf.elidevapp1aws.elisys-servers.ca\/fr\/wp-json\/wp\/v2\/product"}],"about":[{"href":"http:\/\/wp-pgs-equipements-adrien-phaneuf.elidevapp1aws.elisys-servers.ca\/fr\/wp-json\/wp\/v2\/types\/product"}],"wp:featuredmedia":[{"embeddable":true,"href":"http:\/\/wp-pgs-equipements-adrien-phaneuf.elidevapp1aws.elisys-servers.ca\/fr\/wp-json\/wp\/v2\/media\/31771"}],"wp:attachment":[{"href":"http:\/\/wp-pgs-equipements-adrien-phaneuf.elidevapp1aws.elisys-servers.ca\/fr\/wp-json\/wp\/v2\/media?parent=31770"}],"wp:term":[{"taxonomy":"product-sub-category","embeddable":true,"href":"http:\/\/wp-pgs-equipements-adrien-phaneuf.elidevapp1aws.elisys-servers.ca\/fr\/wp-json\/wp\/v2\/product-sub-category?post=31770"},{"taxonomy":"brand","embeddable":true,"href":"http:\/\/wp-pgs-equipements-adrien-phaneuf.elidevapp1aws.elisys-servers.ca\/fr\/wp-json\/wp\/v2\/brand?post=31770"},{"taxonomy":"product-third-category","embeddable":true,"href":"http:\/\/wp-pgs-equipements-adrien-phaneuf.elidevapp1aws.elisys-servers.ca\/fr\/wp-json\/wp\/v2\/product-third-category?post=31770"}],"curies":[{"name":"wp","href":"https:\/\/api.w.org\/{rel}","templated":true}]}}