{"id":31788,"date":"2020-09-30T11:58:59","date_gmt":"2020-09-30T15:58:59","guid":{"rendered":"http:\/\/wp-pgs-equipements-adrien-phaneuf.elidevapp1aws.elisys-servers.ca\/product\/ensemble-de-vis-de-pression-a-tete-creuse-std-caseih-cnh700306\/"},"modified":"2025-09-30T06:03:38","modified_gmt":"2025-09-30T10:03:38","slug":"ensemble-de-vis-de-pression-a-tete-creuse-std-caseih-cnh700306","status":"publish","type":"product","link":"http:\/\/wp-pgs-equipements-adrien-phaneuf.elidevapp1aws.elisys-servers.ca\/fr\/produit\/ensemble-de-vis-de-pression-a-tete-creuse-std-caseih-cnh700306\/","title":{"rendered":"Ensemble de vis de pression \u00e0 t\u00eate creuse, STD CASEIH (CNH700306)"},"content":{"rendered":"<p>65 pi\u00e8ces<\/p>\n<p>1\/8 \u00ab\u00a0&#8211; 40 x 3\/16\u00a0\u00bb \u00e0 5 qt\u00e9<\/p>\n<p>5\/32 \u00ab\u00a0&#8211; 32 x 3\/16\u00a0\u00bb \u00e0 5 qt\u00e9<\/p>\n<p>1\/4 \u00ab\u00a0&#8211; 20 x 1\/4\u00a0\u00bb \u00e0 10 qt\u00e9<\/p>\n<p>1\/4 \u00ab\u00a0&#8211; 20 x 3\/8\u00a0\u00bb \u00e0 10 qt\u00e9<\/p>\n<p>5\/16 \u00ab\u00a0&#8211; 18 x 3\/8\u00a0\u00bb \u00e0 10 qt\u00e9<\/p>\n<p>5\/16 \u00ab\u00a0&#8211; 18 x 1\/2\u00a0\u00bb \u00e0 10 qt\u00e9<\/p>\n<p>3\/8 \u00ab\u00a0&#8211; 16 x 3\/8\u00a0\u00bb \u00e0 10 qt\u00e9<\/p>\n<p>3\/8 \u00ab\u00a0&#8211; 16 x 1\/2\u00a0\u00bb \u00e0 5 qt\u00e9<\/p>\n","protected":false},"excerpt":{"rendered":"<p>65 pi\u00e8ces 1\/8 \u00ab\u00a0&#8211; 40 x 3\/16\u00a0\u00bb \u00e0 5 qt\u00e9 5\/32 \u00ab\u00a0&#8211; 32 x 3\/16\u00a0\u00bb \u00e0 5 qt\u00e9 1\/4 \u00ab\u00a0&#8211; 20 x 1\/4\u00a0\u00bb \u00e0 10 qt\u00e9 1\/4 \u00ab\u00a0&#8211; 20 x 3\/8\u00a0\u00bb \u00e0 10 qt\u00e9 5\/16 \u00ab\u00a0&#8211; 18 x 3\/8\u00a0\u00bb \u00e0 10 qt\u00e9 5\/16 \u00ab\u00a0&#8211; 18 x 1\/2\u00a0\u00bb \u00e0 10 qt\u00e9 3\/8 \u00ab\u00a0&#8211; 16 x 3\/8\u00a0\u00bb &hellip; <a href=\"http:\/\/wp-pgs-equipements-adrien-phaneuf.elidevapp1aws.elisys-servers.ca\/fr\/produit\/ensemble-de-vis-de-pression-a-tete-creuse-std-caseih-cnh700306\/\">Suite<\/a><\/p>\n","protected":false},"featured_media":31789,"template":"","meta":[],"product-sub-category":[270],"brand":[114],"product-third-category":[],"acf":{"product_vendor":"CAS","product_stock_victoriaville":"3","product_stock_upton":"2","product_stock_durantaye":"0","product_stock_marieville":"","product_stock_shefford":"","product_stock_stematine":"","product_stock_stclet":"","product_stock_huntingdon":"","child_inventory_variation":""},"_links":{"self":[{"href":"http:\/\/wp-pgs-equipements-adrien-phaneuf.elidevapp1aws.elisys-servers.ca\/fr\/wp-json\/wp\/v2\/product\/31788"}],"collection":[{"href":"http:\/\/wp-pgs-equipements-adrien-phaneuf.elidevapp1aws.elisys-servers.ca\/fr\/wp-json\/wp\/v2\/product"}],"about":[{"href":"http:\/\/wp-pgs-equipements-adrien-phaneuf.elidevapp1aws.elisys-servers.ca\/fr\/wp-json\/wp\/v2\/types\/product"}],"wp:featuredmedia":[{"embeddable":true,"href":"http:\/\/wp-pgs-equipements-adrien-phaneuf.elidevapp1aws.elisys-servers.ca\/fr\/wp-json\/wp\/v2\/media\/31789"}],"wp:attachment":[{"href":"http:\/\/wp-pgs-equipements-adrien-phaneuf.elidevapp1aws.elisys-servers.ca\/fr\/wp-json\/wp\/v2\/media?parent=31788"}],"wp:term":[{"taxonomy":"product-sub-category","embeddable":true,"href":"http:\/\/wp-pgs-equipements-adrien-phaneuf.elidevapp1aws.elisys-servers.ca\/fr\/wp-json\/wp\/v2\/product-sub-category?post=31788"},{"taxonomy":"brand","embeddable":true,"href":"http:\/\/wp-pgs-equipements-adrien-phaneuf.elidevapp1aws.elisys-servers.ca\/fr\/wp-json\/wp\/v2\/brand?post=31788"},{"taxonomy":"product-third-category","embeddable":true,"href":"http:\/\/wp-pgs-equipements-adrien-phaneuf.elidevapp1aws.elisys-servers.ca\/fr\/wp-json\/wp\/v2\/product-third-category?post=31788"}],"curies":[{"name":"wp","href":"https:\/\/api.w.org\/{rel}","templated":true}]}}