{"id":31809,"date":"2020-09-30T11:59:44","date_gmt":"2020-09-30T15:59:44","guid":{"rendered":"http:\/\/wp-pgs-equipements-adrien-phaneuf.elidevapp1aws.elisys-servers.ca\/product\/ensemble-graisseurs-metrique-caseih-cnh700314\/"},"modified":"2025-09-30T06:03:40","modified_gmt":"2025-09-30T10:03:40","slug":"ensemble-graisseurs-metrique-caseih-cnh700314","status":"publish","type":"product","link":"http:\/\/wp-pgs-equipements-adrien-phaneuf.elidevapp1aws.elisys-servers.ca\/fr\/produit\/ensemble-graisseurs-metrique-caseih-cnh700314\/","title":{"rendered":"Ensemble graisseurs, m\u00e9trique CASEIH (CNH700314)"},"content":{"rendered":"<p>50 pi\u00e8ces<\/p>\n<p>M6 x 1 @ 10 qt\u00e9<\/p>\n<p>M6 x 1 45 \u00ab\u00a0@ 5 qt\u00e9<\/p>\n<p>M6 x 1 90 \u00ab\u00a0@ 5 qt\u00e9<\/p>\n<p>M8 x 1,25 @ 10 Quantit\u00e9<\/p>\n<p>M10 x 1,5 @ 10 Quantit\u00e9<\/p>\n<p>M10 x 1,5 45 \u00ab\u00a0@ 5 qt\u00e9<\/p>\n<p>M10 x 1,5 90 \u00ab\u00a0\u00e0 5 qt\u00e9<\/p>\n","protected":false},"excerpt":{"rendered":"<p>50 pi\u00e8ces M6 x 1 @ 10 qt\u00e9 M6 x 1 45 \u00ab\u00a0@ 5 qt\u00e9 M6 x 1 90 \u00ab\u00a0@ 5 qt\u00e9 M8 x 1,25 @ 10 Quantit\u00e9 M10 x 1,5 @ 10 Quantit\u00e9 M10 x 1,5 45 \u00ab\u00a0@ 5 qt\u00e9 M10 x 1,5 90 \u00ab\u00a0\u00e0 5 qt\u00e9<\/p>\n","protected":false},"featured_media":31810,"template":"","meta":[],"product-sub-category":[388],"brand":[114],"product-third-category":[],"acf":{"product_vendor":"CAS","product_stock_victoriaville":"1","product_stock_upton":"1","product_stock_marieville":"","product_stock_shefford":"","product_stock_durantaye":"0","product_stock_stematine":"","product_stock_stclet":"","product_stock_huntingdon":"","child_inventory_variation":""},"_links":{"self":[{"href":"http:\/\/wp-pgs-equipements-adrien-phaneuf.elidevapp1aws.elisys-servers.ca\/fr\/wp-json\/wp\/v2\/product\/31809"}],"collection":[{"href":"http:\/\/wp-pgs-equipements-adrien-phaneuf.elidevapp1aws.elisys-servers.ca\/fr\/wp-json\/wp\/v2\/product"}],"about":[{"href":"http:\/\/wp-pgs-equipements-adrien-phaneuf.elidevapp1aws.elisys-servers.ca\/fr\/wp-json\/wp\/v2\/types\/product"}],"wp:featuredmedia":[{"embeddable":true,"href":"http:\/\/wp-pgs-equipements-adrien-phaneuf.elidevapp1aws.elisys-servers.ca\/fr\/wp-json\/wp\/v2\/media\/31810"}],"wp:attachment":[{"href":"http:\/\/wp-pgs-equipements-adrien-phaneuf.elidevapp1aws.elisys-servers.ca\/fr\/wp-json\/wp\/v2\/media?parent=31809"}],"wp:term":[{"taxonomy":"product-sub-category","embeddable":true,"href":"http:\/\/wp-pgs-equipements-adrien-phaneuf.elidevapp1aws.elisys-servers.ca\/fr\/wp-json\/wp\/v2\/product-sub-category?post=31809"},{"taxonomy":"brand","embeddable":true,"href":"http:\/\/wp-pgs-equipements-adrien-phaneuf.elidevapp1aws.elisys-servers.ca\/fr\/wp-json\/wp\/v2\/brand?post=31809"},{"taxonomy":"product-third-category","embeddable":true,"href":"http:\/\/wp-pgs-equipements-adrien-phaneuf.elidevapp1aws.elisys-servers.ca\/fr\/wp-json\/wp\/v2\/product-third-category?post=31809"}],"curies":[{"name":"wp","href":"https:\/\/api.w.org\/{rel}","templated":true}]}}