{"id":31877,"date":"2020-09-30T12:01:20","date_gmt":"2020-09-30T16:01:20","guid":{"rendered":"http:\/\/wp-pgs-equipements-adrien-phaneuf.elidevapp1aws.elisys-servers.ca\/product\/bougie-fusible-ff-20-caseih-ff-20\/"},"modified":"2025-09-30T06:03:47","modified_gmt":"2025-09-30T10:03:47","slug":"bougie-fusible-ff-20-caseih-ff-20","status":"publish","type":"product","link":"http:\/\/wp-pgs-equipements-adrien-phaneuf.elidevapp1aws.elisys-servers.ca\/fr\/produit\/bougie-fusible-ff-20-caseih-ff-20\/","title":{"rendered":"Bougie, FUSIBLE FF-20 (FF-20)"},"content":{"rendered":"<p>FUSIBLE FF-20<\/p>\n<p>Diam\u00e8tre de filetage de 14 mm<\/p>\n<p>Port\u00e9e 0.75&Prime;<\/p>\n<p>Prise\u00a0hexagonale 5\/8&Prime;<\/p>\n<p>R\u00e9sistance sup\u00e9rieure \u00e0 l&rsquo;encrassement.<\/p>\n","protected":false},"excerpt":{"rendered":"<p>FUSIBLE FF-20 Diam\u00e8tre de filetage de 14 mm Port\u00e9e 0.75&Prime; Prise\u00a0hexagonale 5\/8&Prime; R\u00e9sistance sup\u00e9rieure \u00e0 l&rsquo;encrassement.<\/p>\n","protected":false},"featured_media":31878,"template":"","meta":[],"product-sub-category":[231,229],"brand":[],"product-third-category":[],"acf":{"product_vendor":"RVI","product_stock_upton":"0","product_stock_marieville":"","product_stock_shefford":"0","product_stock_victoriaville":"1","product_stock_durantaye":"8","product_stock_stematine":"","product_stock_stclet":"","product_stock_huntingdon":"","child_inventory_variation":""},"_links":{"self":[{"href":"http:\/\/wp-pgs-equipements-adrien-phaneuf.elidevapp1aws.elisys-servers.ca\/fr\/wp-json\/wp\/v2\/product\/31877"}],"collection":[{"href":"http:\/\/wp-pgs-equipements-adrien-phaneuf.elidevapp1aws.elisys-servers.ca\/fr\/wp-json\/wp\/v2\/product"}],"about":[{"href":"http:\/\/wp-pgs-equipements-adrien-phaneuf.elidevapp1aws.elisys-servers.ca\/fr\/wp-json\/wp\/v2\/types\/product"}],"wp:featuredmedia":[{"embeddable":true,"href":"http:\/\/wp-pgs-equipements-adrien-phaneuf.elidevapp1aws.elisys-servers.ca\/fr\/wp-json\/wp\/v2\/media\/31878"}],"wp:attachment":[{"href":"http:\/\/wp-pgs-equipements-adrien-phaneuf.elidevapp1aws.elisys-servers.ca\/fr\/wp-json\/wp\/v2\/media?parent=31877"}],"wp:term":[{"taxonomy":"product-sub-category","embeddable":true,"href":"http:\/\/wp-pgs-equipements-adrien-phaneuf.elidevapp1aws.elisys-servers.ca\/fr\/wp-json\/wp\/v2\/product-sub-category?post=31877"},{"taxonomy":"brand","embeddable":true,"href":"http:\/\/wp-pgs-equipements-adrien-phaneuf.elidevapp1aws.elisys-servers.ca\/fr\/wp-json\/wp\/v2\/brand?post=31877"},{"taxonomy":"product-third-category","embeddable":true,"href":"http:\/\/wp-pgs-equipements-adrien-phaneuf.elidevapp1aws.elisys-servers.ca\/fr\/wp-json\/wp\/v2\/product-third-category?post=31877"}],"curies":[{"name":"wp","href":"https:\/\/api.w.org\/{rel}","templated":true}]}}