{"id":31880,"date":"2020-09-30T12:01:20","date_gmt":"2020-09-30T16:01:20","guid":{"rendered":"http:\/\/wp-pgs-equipements-adrien-phaneuf.elidevapp1aws.elisys-servers.ca\/product\/bougie-fusible-ff-22-caseih-ff-22\/"},"modified":"2024-07-30T06:03:05","modified_gmt":"2024-07-30T10:03:05","slug":"bougie-fusible-ff-22-caseih-ff-22","status":"publish","type":"product","link":"http:\/\/wp-pgs-equipements-adrien-phaneuf.elidevapp1aws.elisys-servers.ca\/fr\/produit\/bougie-fusible-ff-22-caseih-ff-22\/","title":{"rendered":"Bougie, FUSIBLE FF-22 (FF-22)"},"content":{"rendered":"<p>FUSIBLE FF-22<\/p>\n<p>Diam\u00e8tre de filetage de 14 mm<\/p>\n<p>Port\u00e9e 0.75&Prime;<\/p>\n<p>Prise\u00a0hexagonale 13\/16&Prime;<\/p>\n<p>R\u00e9sistance sup\u00e9rieure \u00e0 l&rsquo;encrassement.<\/p>\n","protected":false},"excerpt":{"rendered":"<p>FUSIBLE FF-22 Diam\u00e8tre de filetage de 14 mm Port\u00e9e 0.75&Prime; Prise\u00a0hexagonale 13\/16&Prime; R\u00e9sistance sup\u00e9rieure \u00e0 l&rsquo;encrassement.<\/p>\n","protected":false},"featured_media":31881,"template":"","meta":[],"product-sub-category":[231,229],"brand":[],"product-third-category":[],"acf":{"product_vendor":"RVI","product_stock_upton":"1","product_stock_marieville":"0","product_stock_shefford":"","product_stock_victoriaville":"0","product_stock_durantaye":"0","product_stock_stematine":"","product_stock_stclet":"","product_stock_huntingdon":"","child_inventory_variation":""},"_links":{"self":[{"href":"http:\/\/wp-pgs-equipements-adrien-phaneuf.elidevapp1aws.elisys-servers.ca\/fr\/wp-json\/wp\/v2\/product\/31880"}],"collection":[{"href":"http:\/\/wp-pgs-equipements-adrien-phaneuf.elidevapp1aws.elisys-servers.ca\/fr\/wp-json\/wp\/v2\/product"}],"about":[{"href":"http:\/\/wp-pgs-equipements-adrien-phaneuf.elidevapp1aws.elisys-servers.ca\/fr\/wp-json\/wp\/v2\/types\/product"}],"wp:featuredmedia":[{"embeddable":true,"href":"http:\/\/wp-pgs-equipements-adrien-phaneuf.elidevapp1aws.elisys-servers.ca\/fr\/wp-json\/wp\/v2\/media\/31881"}],"wp:attachment":[{"href":"http:\/\/wp-pgs-equipements-adrien-phaneuf.elidevapp1aws.elisys-servers.ca\/fr\/wp-json\/wp\/v2\/media?parent=31880"}],"wp:term":[{"taxonomy":"product-sub-category","embeddable":true,"href":"http:\/\/wp-pgs-equipements-adrien-phaneuf.elidevapp1aws.elisys-servers.ca\/fr\/wp-json\/wp\/v2\/product-sub-category?post=31880"},{"taxonomy":"brand","embeddable":true,"href":"http:\/\/wp-pgs-equipements-adrien-phaneuf.elidevapp1aws.elisys-servers.ca\/fr\/wp-json\/wp\/v2\/brand?post=31880"},{"taxonomy":"product-third-category","embeddable":true,"href":"http:\/\/wp-pgs-equipements-adrien-phaneuf.elidevapp1aws.elisys-servers.ca\/fr\/wp-json\/wp\/v2\/product-third-category?post=31880"}],"curies":[{"name":"wp","href":"https:\/\/api.w.org\/{rel}","templated":true}]}}