{"id":31898,"date":"2020-09-30T12:01:56","date_gmt":"2020-09-30T16:01:56","guid":{"rendered":"http:\/\/wp-pgs-equipements-adrien-phaneuf.elidevapp1aws.elisys-servers.ca\/product\/filtre-a-carburant-caseih-ff5321\/"},"modified":"2025-09-30T06:03:48","modified_gmt":"2025-09-30T10:03:48","slug":"filtre-a-carburant-caseih-ff5321","status":"publish","type":"product","link":"http:\/\/wp-pgs-equipements-adrien-phaneuf.elidevapp1aws.elisys-servers.ca\/fr\/produit\/filtre-a-carburant-caseih-ff5321\/","title":{"rendered":"Filtre \u00e0 carburant CASEIH (FF5321)"},"content":{"rendered":"<p>Diam\u00e8tre ext\u00e9rieur\u00a0: 93.47 mm, 3.68\u00a0po<\/p>\n<p>Hauteur : 175.77 mm, 6.92\u00a0po<\/p>\n<p>Taille du filetage:\u00a07\/8-14 UNF-2B<\/p>\n","protected":false},"excerpt":{"rendered":"<p>Diam\u00e8tre ext\u00e9rieur\u00a0: 93.47 mm, 3.68\u00a0po Hauteur : 175.77 mm, 6.92\u00a0po Taille du filetage:\u00a07\/8-14 UNF-2B<\/p>\n","protected":false},"featured_media":31899,"template":"","meta":[],"product-sub-category":[238,264],"brand":[114],"product-third-category":[],"acf":{"product_vendor":"CAS","product_stock_stematine":"4","product_stock_stclet":"1"},"_links":{"self":[{"href":"http:\/\/wp-pgs-equipements-adrien-phaneuf.elidevapp1aws.elisys-servers.ca\/fr\/wp-json\/wp\/v2\/product\/31898"}],"collection":[{"href":"http:\/\/wp-pgs-equipements-adrien-phaneuf.elidevapp1aws.elisys-servers.ca\/fr\/wp-json\/wp\/v2\/product"}],"about":[{"href":"http:\/\/wp-pgs-equipements-adrien-phaneuf.elidevapp1aws.elisys-servers.ca\/fr\/wp-json\/wp\/v2\/types\/product"}],"wp:featuredmedia":[{"embeddable":true,"href":"http:\/\/wp-pgs-equipements-adrien-phaneuf.elidevapp1aws.elisys-servers.ca\/fr\/wp-json\/wp\/v2\/media\/31899"}],"wp:attachment":[{"href":"http:\/\/wp-pgs-equipements-adrien-phaneuf.elidevapp1aws.elisys-servers.ca\/fr\/wp-json\/wp\/v2\/media?parent=31898"}],"wp:term":[{"taxonomy":"product-sub-category","embeddable":true,"href":"http:\/\/wp-pgs-equipements-adrien-phaneuf.elidevapp1aws.elisys-servers.ca\/fr\/wp-json\/wp\/v2\/product-sub-category?post=31898"},{"taxonomy":"brand","embeddable":true,"href":"http:\/\/wp-pgs-equipements-adrien-phaneuf.elidevapp1aws.elisys-servers.ca\/fr\/wp-json\/wp\/v2\/brand?post=31898"},{"taxonomy":"product-third-category","embeddable":true,"href":"http:\/\/wp-pgs-equipements-adrien-phaneuf.elidevapp1aws.elisys-servers.ca\/fr\/wp-json\/wp\/v2\/product-third-category?post=31898"}],"curies":[{"name":"wp","href":"https:\/\/api.w.org\/{rel}","templated":true}]}}