{"id":31901,"date":"2020-09-30T12:01:56","date_gmt":"2020-09-30T16:01:56","guid":{"rendered":"http:\/\/wp-pgs-equipements-adrien-phaneuf.elidevapp1aws.elisys-servers.ca\/product\/ensemble-de-reparation-pour-pneu-12-pcs-caseih-fr081303\/"},"modified":"2023-08-08T20:00:46","modified_gmt":"2023-08-09T00:00:46","slug":"ensemble-de-reparation-pour-pneu-12-pcs-caseih-fr081303","status":"publish","type":"product","link":"http:\/\/wp-pgs-equipements-adrien-phaneuf.elidevapp1aws.elisys-servers.ca\/fr\/produit\/ensemble-de-reparation-pour-pneu-12-pcs-caseih-fr081303\/","title":{"rendered":"Ensemble de r\u00e9paration pour Pneu 12 Pcs (FR081303)"},"content":{"rendered":"<p>Kit de r\u00e9paration des pneus lourds<\/p>\n<p>Poign\u00e9es ergonomiques pour une bonne prise<\/p>\n<p>L&rsquo;ensemble comprend 5 bouchons de pneus longs et une colle sp\u00e9ciale<\/p>\n<p>Poign\u00e9e en T de haute qualit\u00e9<\/p>\n","protected":false},"excerpt":{"rendered":"<p>Kit de r\u00e9paration des pneus lourds Poign\u00e9es ergonomiques pour une bonne prise L&rsquo;ensemble comprend 5 bouchons de pneus longs et une colle sp\u00e9ciale Poign\u00e9e en T de haute qualit\u00e9<\/p>\n","protected":false},"featured_media":31902,"template":"","meta":[],"product-sub-category":[236,248],"brand":[],"product-third-category":[],"acf":{"product_vendor":"ATL","product_stock_upton":"0","product_stock_marieville":"","product_stock_shefford":"","product_stock_victoriaville":"","product_stock_durantaye":"","product_stock_stematine":"","product_stock_stclet":"","product_stock_huntingdon":"","child_inventory_variation":""},"_links":{"self":[{"href":"http:\/\/wp-pgs-equipements-adrien-phaneuf.elidevapp1aws.elisys-servers.ca\/fr\/wp-json\/wp\/v2\/product\/31901"}],"collection":[{"href":"http:\/\/wp-pgs-equipements-adrien-phaneuf.elidevapp1aws.elisys-servers.ca\/fr\/wp-json\/wp\/v2\/product"}],"about":[{"href":"http:\/\/wp-pgs-equipements-adrien-phaneuf.elidevapp1aws.elisys-servers.ca\/fr\/wp-json\/wp\/v2\/types\/product"}],"wp:featuredmedia":[{"embeddable":true,"href":"http:\/\/wp-pgs-equipements-adrien-phaneuf.elidevapp1aws.elisys-servers.ca\/fr\/wp-json\/wp\/v2\/media\/31902"}],"wp:attachment":[{"href":"http:\/\/wp-pgs-equipements-adrien-phaneuf.elidevapp1aws.elisys-servers.ca\/fr\/wp-json\/wp\/v2\/media?parent=31901"}],"wp:term":[{"taxonomy":"product-sub-category","embeddable":true,"href":"http:\/\/wp-pgs-equipements-adrien-phaneuf.elidevapp1aws.elisys-servers.ca\/fr\/wp-json\/wp\/v2\/product-sub-category?post=31901"},{"taxonomy":"brand","embeddable":true,"href":"http:\/\/wp-pgs-equipements-adrien-phaneuf.elidevapp1aws.elisys-servers.ca\/fr\/wp-json\/wp\/v2\/brand?post=31901"},{"taxonomy":"product-third-category","embeddable":true,"href":"http:\/\/wp-pgs-equipements-adrien-phaneuf.elidevapp1aws.elisys-servers.ca\/fr\/wp-json\/wp\/v2\/product-third-category?post=31901"}],"curies":[{"name":"wp","href":"https:\/\/api.w.org\/{rel}","templated":true}]}}