{"id":31963,"date":"2020-09-30T12:02:59","date_gmt":"2020-09-30T16:02:59","guid":{"rendered":"http:\/\/wp-pgs-equipements-adrien-phaneuf.elidevapp1aws.elisys-servers.ca\/product\/filtre-a-lhuile-caseih-hf6586\/"},"modified":"2025-09-30T06:03:49","modified_gmt":"2025-09-30T10:03:49","slug":"filtre-a-lhuile-caseih-hf6586","status":"publish","type":"product","link":"http:\/\/wp-pgs-equipements-adrien-phaneuf.elidevapp1aws.elisys-servers.ca\/fr\/produit\/filtre-a-lhuile-caseih-hf6586\/","title":{"rendered":"Filtre \u00e0 l&rsquo;huile CASEIH (HF6586)"},"content":{"rendered":"<p>Diam\u00e8tre ext\u00e9rieur: 117 mm<\/p>\n<p>Taille du filetage: 1 3 \/ 4-12 UN-2B<\/p>\n<p>Hauteur: 296 mm<\/p>\n","protected":false},"excerpt":{"rendered":"<p>Diam\u00e8tre ext\u00e9rieur: 117 mm Taille du filetage: 1 3 \/ 4-12 UN-2B Hauteur: 296 mm<\/p>\n","protected":false},"featured_media":31964,"template":"","meta":[],"product-sub-category":[238,264],"brand":[114],"product-third-category":[],"acf":{"product_vendor":"CAS","product_stock_stematine":"0","product_stock_marieville":"4","product_stock_huntingdon":"2","product_stock_upton":"5"},"_links":{"self":[{"href":"http:\/\/wp-pgs-equipements-adrien-phaneuf.elidevapp1aws.elisys-servers.ca\/fr\/wp-json\/wp\/v2\/product\/31963"}],"collection":[{"href":"http:\/\/wp-pgs-equipements-adrien-phaneuf.elidevapp1aws.elisys-servers.ca\/fr\/wp-json\/wp\/v2\/product"}],"about":[{"href":"http:\/\/wp-pgs-equipements-adrien-phaneuf.elidevapp1aws.elisys-servers.ca\/fr\/wp-json\/wp\/v2\/types\/product"}],"wp:featuredmedia":[{"embeddable":true,"href":"http:\/\/wp-pgs-equipements-adrien-phaneuf.elidevapp1aws.elisys-servers.ca\/fr\/wp-json\/wp\/v2\/media\/31964"}],"wp:attachment":[{"href":"http:\/\/wp-pgs-equipements-adrien-phaneuf.elidevapp1aws.elisys-servers.ca\/fr\/wp-json\/wp\/v2\/media?parent=31963"}],"wp:term":[{"taxonomy":"product-sub-category","embeddable":true,"href":"http:\/\/wp-pgs-equipements-adrien-phaneuf.elidevapp1aws.elisys-servers.ca\/fr\/wp-json\/wp\/v2\/product-sub-category?post=31963"},{"taxonomy":"brand","embeddable":true,"href":"http:\/\/wp-pgs-equipements-adrien-phaneuf.elidevapp1aws.elisys-servers.ca\/fr\/wp-json\/wp\/v2\/brand?post=31963"},{"taxonomy":"product-third-category","embeddable":true,"href":"http:\/\/wp-pgs-equipements-adrien-phaneuf.elidevapp1aws.elisys-servers.ca\/fr\/wp-json\/wp\/v2\/product-third-category?post=31963"}],"curies":[{"name":"wp","href":"https:\/\/api.w.org\/{rel}","templated":true}]}}