{"id":31969,"date":"2020-09-30T12:02:59","date_gmt":"2020-09-30T16:02:59","guid":{"rendered":"http:\/\/wp-pgs-equipements-adrien-phaneuf.elidevapp1aws.elisys-servers.ca\/product\/n-dex-gants-en-nitrile-large-100-boite-hw1450bxl\/"},"modified":"2025-09-30T06:03:51","modified_gmt":"2025-09-30T10:03:51","slug":"n-dex-gants-en-nitrile-large-100-boite-hw1450bxl","status":"publish","type":"product","link":"http:\/\/wp-pgs-equipements-adrien-phaneuf.elidevapp1aws.elisys-servers.ca\/fr\/produit\/n-dex-gants-en-nitrile-large-100-boite-hw1450bxl\/","title":{"rendered":"N-DEX Gants en nitrile large, 100 \/ bo\u00eete (HW1450BXL)"},"content":{"rendered":"<p>Fabriqu\u00e9 \u00e0 partir d&rsquo;un caoutchouc 100% synth\u00e9tique pour offrir une r\u00e9sistance sup\u00e9rieure \u00e0 une large gamme de solvants et de produits chimiques dangereux<\/p>\n<p>Convient aux utilisateurs ayant une sensibilit\u00e9 au latex en caoutchouc naturel<\/p>\n<p>Des doigts textur\u00e9s pour assurer une adh\u00e9rence s\u00fbre sur les pi\u00e8ces et outils sales<\/p>\n<p>Taille\u00a0large<\/p>\n","protected":false},"excerpt":{"rendered":"<p>Fabriqu\u00e9 \u00e0 partir d&rsquo;un caoutchouc 100% synth\u00e9tique pour offrir une r\u00e9sistance sup\u00e9rieure \u00e0 une large gamme de solvants et de produits chimiques dangereux Convient aux utilisateurs ayant une sensibilit\u00e9 au latex en caoutchouc naturel Des doigts textur\u00e9s pour assurer une adh\u00e9rence s\u00fbre sur les pi\u00e8ces et outils sales Taille\u00a0large<\/p>\n","protected":false},"featured_media":31970,"template":"","meta":[],"product-sub-category":[109],"brand":[],"product-third-category":[],"acf":{"product_vendor":"CAS","product_stock_upton":"","product_stock_marieville":"","product_stock_shefford":"2","product_stock_victoriaville":"","product_stock_durantaye":"","product_stock_stematine":"","product_stock_stclet":"","product_stock_huntingdon":"","child_inventory_variation":""},"_links":{"self":[{"href":"http:\/\/wp-pgs-equipements-adrien-phaneuf.elidevapp1aws.elisys-servers.ca\/fr\/wp-json\/wp\/v2\/product\/31969"}],"collection":[{"href":"http:\/\/wp-pgs-equipements-adrien-phaneuf.elidevapp1aws.elisys-servers.ca\/fr\/wp-json\/wp\/v2\/product"}],"about":[{"href":"http:\/\/wp-pgs-equipements-adrien-phaneuf.elidevapp1aws.elisys-servers.ca\/fr\/wp-json\/wp\/v2\/types\/product"}],"wp:featuredmedia":[{"embeddable":true,"href":"http:\/\/wp-pgs-equipements-adrien-phaneuf.elidevapp1aws.elisys-servers.ca\/fr\/wp-json\/wp\/v2\/media\/31970"}],"wp:attachment":[{"href":"http:\/\/wp-pgs-equipements-adrien-phaneuf.elidevapp1aws.elisys-servers.ca\/fr\/wp-json\/wp\/v2\/media?parent=31969"}],"wp:term":[{"taxonomy":"product-sub-category","embeddable":true,"href":"http:\/\/wp-pgs-equipements-adrien-phaneuf.elidevapp1aws.elisys-servers.ca\/fr\/wp-json\/wp\/v2\/product-sub-category?post=31969"},{"taxonomy":"brand","embeddable":true,"href":"http:\/\/wp-pgs-equipements-adrien-phaneuf.elidevapp1aws.elisys-servers.ca\/fr\/wp-json\/wp\/v2\/brand?post=31969"},{"taxonomy":"product-third-category","embeddable":true,"href":"http:\/\/wp-pgs-equipements-adrien-phaneuf.elidevapp1aws.elisys-servers.ca\/fr\/wp-json\/wp\/v2\/product-third-category?post=31969"}],"curies":[{"name":"wp","href":"https:\/\/api.w.org\/{rel}","templated":true}]}}