{"id":31987,"date":"2020-09-30T12:03:32","date_gmt":"2020-09-30T16:03:32","guid":{"rendered":"http:\/\/wp-pgs-equipements-adrien-phaneuf.elidevapp1aws.elisys-servers.ca\/product\/casquette-camo-chaos-caseih-ih07-2478\/"},"modified":"2025-09-04T06:03:56","modified_gmt":"2025-09-04T10:03:56","slug":"casquette-camo-chaos-caseih-ih07-2478","status":"publish","type":"product","link":"http:\/\/wp-pgs-equipements-adrien-phaneuf.elidevapp1aws.elisys-servers.ca\/fr\/produit\/casquette-camo-chaos-caseih-ih07-2478\/","title":{"rendered":"Casquette Camo Chaos CASEIH (IH07-2478)"},"content":{"rendered":"<p>Conception: 6 panneaux profil\u00e9s \u00e0 l&rsquo;avant.<\/p>\n<p>Mati\u00e8re: 100% coton\u00a0<\/p>\n<p>Compl\u00e8tement ferm\u00e9 a l&rsquo;arri\u00e8re, extensible<\/p>\n<p>D\u00e9coration: Logo CaseIH brod\u00e9<\/p>\n","protected":false},"excerpt":{"rendered":"<p>Conception: 6 panneaux profil\u00e9s \u00e0 l&rsquo;avant. Mati\u00e8re: 100% coton\u00a0 Compl\u00e8tement ferm\u00e9 a l&rsquo;arri\u00e8re, extensible D\u00e9coration: Logo CaseIH brod\u00e9<\/p>\n","protected":false},"featured_media":31988,"template":"","meta":[],"product-sub-category":[235],"brand":[111],"product-third-category":[],"acf":{"product_vendor":"CAS","product_stock_stematine":"0","product_stock_victoriaville":"1","product_stock_upton":"0","product_stock_marieville":"0"},"_links":{"self":[{"href":"http:\/\/wp-pgs-equipements-adrien-phaneuf.elidevapp1aws.elisys-servers.ca\/fr\/wp-json\/wp\/v2\/product\/31987"}],"collection":[{"href":"http:\/\/wp-pgs-equipements-adrien-phaneuf.elidevapp1aws.elisys-servers.ca\/fr\/wp-json\/wp\/v2\/product"}],"about":[{"href":"http:\/\/wp-pgs-equipements-adrien-phaneuf.elidevapp1aws.elisys-servers.ca\/fr\/wp-json\/wp\/v2\/types\/product"}],"wp:featuredmedia":[{"embeddable":true,"href":"http:\/\/wp-pgs-equipements-adrien-phaneuf.elidevapp1aws.elisys-servers.ca\/fr\/wp-json\/wp\/v2\/media\/31988"}],"wp:attachment":[{"href":"http:\/\/wp-pgs-equipements-adrien-phaneuf.elidevapp1aws.elisys-servers.ca\/fr\/wp-json\/wp\/v2\/media?parent=31987"}],"wp:term":[{"taxonomy":"product-sub-category","embeddable":true,"href":"http:\/\/wp-pgs-equipements-adrien-phaneuf.elidevapp1aws.elisys-servers.ca\/fr\/wp-json\/wp\/v2\/product-sub-category?post=31987"},{"taxonomy":"brand","embeddable":true,"href":"http:\/\/wp-pgs-equipements-adrien-phaneuf.elidevapp1aws.elisys-servers.ca\/fr\/wp-json\/wp\/v2\/brand?post=31987"},{"taxonomy":"product-third-category","embeddable":true,"href":"http:\/\/wp-pgs-equipements-adrien-phaneuf.elidevapp1aws.elisys-servers.ca\/fr\/wp-json\/wp\/v2\/product-third-category?post=31987"}],"curies":[{"name":"wp","href":"https:\/\/api.w.org\/{rel}","templated":true}]}}