{"id":32019,"date":"2020-09-30T12:04:21","date_gmt":"2020-09-30T16:04:21","guid":{"rendered":"http:\/\/wp-pgs-equipements-adrien-phaneuf.elidevapp1aws.elisys-servers.ca\/product\/casquette-caseih-a-carreaux-et-dos-en-mesh-ih07-2669\/"},"modified":"2023-10-31T06:05:49","modified_gmt":"2023-10-31T10:05:49","slug":"casquette-caseih-a-carreaux-et-dos-en-mesh-ih07-2669","status":"publish","type":"product","link":"http:\/\/wp-pgs-equipements-adrien-phaneuf.elidevapp1aws.elisys-servers.ca\/fr\/produit\/casquette-caseih-a-carreaux-et-dos-en-mesh-ih07-2669\/","title":{"rendered":"Casquette CASEIH \u00e0 carreaux et dos en mesh (IH07-2669)"},"content":{"rendered":"<p>Patch en cuir estamp\u00e9<\/p>\n<p>Devant \u00e0 carreaux<\/p>\n<p>Dos en mesh<\/p>\n<p>Point \u00e9pais<\/p>\n<p>Velcro r\u00e9glable<\/p>\n","protected":false},"excerpt":{"rendered":"<p>Patch en cuir estamp\u00e9 Devant \u00e0 carreaux Dos en mesh Point \u00e9pais Velcro r\u00e9glable<\/p>\n","protected":false},"featured_media":32020,"template":"","meta":[],"product-sub-category":[235],"brand":[111],"product-third-category":[],"acf":{"product_vendor":"CAS","product_stock_victoriaville":"0","product_stock_upton":"0","product_stock_stclet":"0"},"_links":{"self":[{"href":"http:\/\/wp-pgs-equipements-adrien-phaneuf.elidevapp1aws.elisys-servers.ca\/fr\/wp-json\/wp\/v2\/product\/32019"}],"collection":[{"href":"http:\/\/wp-pgs-equipements-adrien-phaneuf.elidevapp1aws.elisys-servers.ca\/fr\/wp-json\/wp\/v2\/product"}],"about":[{"href":"http:\/\/wp-pgs-equipements-adrien-phaneuf.elidevapp1aws.elisys-servers.ca\/fr\/wp-json\/wp\/v2\/types\/product"}],"wp:featuredmedia":[{"embeddable":true,"href":"http:\/\/wp-pgs-equipements-adrien-phaneuf.elidevapp1aws.elisys-servers.ca\/fr\/wp-json\/wp\/v2\/media\/32020"}],"wp:attachment":[{"href":"http:\/\/wp-pgs-equipements-adrien-phaneuf.elidevapp1aws.elisys-servers.ca\/fr\/wp-json\/wp\/v2\/media?parent=32019"}],"wp:term":[{"taxonomy":"product-sub-category","embeddable":true,"href":"http:\/\/wp-pgs-equipements-adrien-phaneuf.elidevapp1aws.elisys-servers.ca\/fr\/wp-json\/wp\/v2\/product-sub-category?post=32019"},{"taxonomy":"brand","embeddable":true,"href":"http:\/\/wp-pgs-equipements-adrien-phaneuf.elidevapp1aws.elisys-servers.ca\/fr\/wp-json\/wp\/v2\/brand?post=32019"},{"taxonomy":"product-third-category","embeddable":true,"href":"http:\/\/wp-pgs-equipements-adrien-phaneuf.elidevapp1aws.elisys-servers.ca\/fr\/wp-json\/wp\/v2\/product-third-category?post=32019"}],"curies":[{"name":"wp","href":"https:\/\/api.w.org\/{rel}","templated":true}]}}