{"id":32028,"date":"2020-09-30T12:04:21","date_gmt":"2020-09-30T16:04:21","guid":{"rendered":"http:\/\/wp-pgs-equipements-adrien-phaneuf.elidevapp1aws.elisys-servers.ca\/product\/casquette-caseih-brode-junior-ih07-2676\/"},"modified":"2025-08-27T06:07:28","modified_gmt":"2025-08-27T10:07:28","slug":"casquette-caseih-brode-junior-ih07-2676","status":"publish","type":"product","link":"http:\/\/wp-pgs-equipements-adrien-phaneuf.elidevapp1aws.elisys-servers.ca\/fr\/produit\/casquette-caseih-brode-junior-ih07-2676\/","title":{"rendered":"Casquette CASEIH brod\u00e9 Junior (IH07-2676)"},"content":{"rendered":"<p>Pour Junior<\/p>\n<p>Tissu m\u00e9lang\u00e9<\/p>\n<p>Logo brod\u00e9\u00a0<\/p>\n<p>Taille ajustable<\/p>\n","protected":false},"excerpt":{"rendered":"<p>Pour Junior Tissu m\u00e9lang\u00e9 Logo brod\u00e9\u00a0 Taille ajustable<\/p>\n","protected":false},"featured_media":32029,"template":"","meta":[],"product-sub-category":[235],"brand":[111],"product-third-category":[],"acf":{"product_vendor":"CAS","product_stock_stematine":"0","product_stock_victoriaville":"0","product_stock_upton":"0","product_stock_durantaye":"0","product_stock_marieville":"0","product_stock_stclet":"0","product_stock_huntingdon":"0"},"_links":{"self":[{"href":"http:\/\/wp-pgs-equipements-adrien-phaneuf.elidevapp1aws.elisys-servers.ca\/fr\/wp-json\/wp\/v2\/product\/32028"}],"collection":[{"href":"http:\/\/wp-pgs-equipements-adrien-phaneuf.elidevapp1aws.elisys-servers.ca\/fr\/wp-json\/wp\/v2\/product"}],"about":[{"href":"http:\/\/wp-pgs-equipements-adrien-phaneuf.elidevapp1aws.elisys-servers.ca\/fr\/wp-json\/wp\/v2\/types\/product"}],"wp:featuredmedia":[{"embeddable":true,"href":"http:\/\/wp-pgs-equipements-adrien-phaneuf.elidevapp1aws.elisys-servers.ca\/fr\/wp-json\/wp\/v2\/media\/32029"}],"wp:attachment":[{"href":"http:\/\/wp-pgs-equipements-adrien-phaneuf.elidevapp1aws.elisys-servers.ca\/fr\/wp-json\/wp\/v2\/media?parent=32028"}],"wp:term":[{"taxonomy":"product-sub-category","embeddable":true,"href":"http:\/\/wp-pgs-equipements-adrien-phaneuf.elidevapp1aws.elisys-servers.ca\/fr\/wp-json\/wp\/v2\/product-sub-category?post=32028"},{"taxonomy":"brand","embeddable":true,"href":"http:\/\/wp-pgs-equipements-adrien-phaneuf.elidevapp1aws.elisys-servers.ca\/fr\/wp-json\/wp\/v2\/brand?post=32028"},{"taxonomy":"product-third-category","embeddable":true,"href":"http:\/\/wp-pgs-equipements-adrien-phaneuf.elidevapp1aws.elisys-servers.ca\/fr\/wp-json\/wp\/v2\/product-third-category?post=32028"}],"curies":[{"name":"wp","href":"https:\/\/api.w.org\/{rel}","templated":true}]}}