{"id":32031,"date":"2020-09-30T12:04:21","date_gmt":"2020-09-30T16:04:21","guid":{"rendered":"http:\/\/wp-pgs-equipements-adrien-phaneuf.elidevapp1aws.elisys-servers.ca\/product\/sac-glaciere-case-ih-ih09-2511\/"},"modified":"2023-09-21T06:02:56","modified_gmt":"2023-09-21T10:02:56","slug":"sac-glaciere-case-ih-ih09-2511","status":"publish","type":"product","link":"http:\/\/wp-pgs-equipements-adrien-phaneuf.elidevapp1aws.elisys-servers.ca\/fr\/produit\/sac-glaciere-case-ih-ih09-2511\/","title":{"rendered":"SAC GLACI\u00c8RE CASE IH (IH09-2511)"},"content":{"rendered":"<p>&#8211; Poches lat\u00e9rales en filet<br \/>\n&#8211; Poche zipp\u00e9e \u00e0 l&rsquo;avant<br \/>\n&#8211; Isol\u00e9 avec doublure de cellule froide<\/p>\n","protected":false},"excerpt":{"rendered":"<p>&#8211; Poches lat\u00e9rales en filet &#8211; Poche zipp\u00e9e \u00e0 l&rsquo;avant &#8211; Isol\u00e9 avec doublure de cellule froide<\/p>\n","protected":false},"featured_media":32032,"template":"","meta":[],"product-sub-category":[263],"brand":[111],"product-third-category":[],"acf":{"product_vendor":"CAS","product_stock_shefford":"0","product_stock_upton":"1","product_stock_marieville":"0","product_stock_stclet":"0","product_stock_victoriaville":"0","product_stock_durantaye":"0","product_stock_stematine":"","product_stock_huntingdon":"","child_inventory_variation":""},"_links":{"self":[{"href":"http:\/\/wp-pgs-equipements-adrien-phaneuf.elidevapp1aws.elisys-servers.ca\/fr\/wp-json\/wp\/v2\/product\/32031"}],"collection":[{"href":"http:\/\/wp-pgs-equipements-adrien-phaneuf.elidevapp1aws.elisys-servers.ca\/fr\/wp-json\/wp\/v2\/product"}],"about":[{"href":"http:\/\/wp-pgs-equipements-adrien-phaneuf.elidevapp1aws.elisys-servers.ca\/fr\/wp-json\/wp\/v2\/types\/product"}],"wp:featuredmedia":[{"embeddable":true,"href":"http:\/\/wp-pgs-equipements-adrien-phaneuf.elidevapp1aws.elisys-servers.ca\/fr\/wp-json\/wp\/v2\/media\/32032"}],"wp:attachment":[{"href":"http:\/\/wp-pgs-equipements-adrien-phaneuf.elidevapp1aws.elisys-servers.ca\/fr\/wp-json\/wp\/v2\/media?parent=32031"}],"wp:term":[{"taxonomy":"product-sub-category","embeddable":true,"href":"http:\/\/wp-pgs-equipements-adrien-phaneuf.elidevapp1aws.elisys-servers.ca\/fr\/wp-json\/wp\/v2\/product-sub-category?post=32031"},{"taxonomy":"brand","embeddable":true,"href":"http:\/\/wp-pgs-equipements-adrien-phaneuf.elidevapp1aws.elisys-servers.ca\/fr\/wp-json\/wp\/v2\/brand?post=32031"},{"taxonomy":"product-third-category","embeddable":true,"href":"http:\/\/wp-pgs-equipements-adrien-phaneuf.elidevapp1aws.elisys-servers.ca\/fr\/wp-json\/wp\/v2\/product-third-category?post=32031"}],"curies":[{"name":"wp","href":"https:\/\/api.w.org\/{rel}","templated":true}]}}