{"id":32070,"date":"2020-09-30T12:04:50","date_gmt":"2020-09-30T16:04:50","guid":{"rendered":"http:\/\/wp-pgs-equipements-adrien-phaneuf.elidevapp1aws.elisys-servers.ca\/product\/filtre-a-lhuile-caseih-lf3345\/"},"modified":"2025-09-30T06:03:53","modified_gmt":"2025-09-30T10:03:53","slug":"filtre-a-lhuile-caseih-lf3345","status":"publish","type":"product","link":"http:\/\/wp-pgs-equipements-adrien-phaneuf.elidevapp1aws.elisys-servers.ca\/fr\/produit\/filtre-a-lhuile-caseih-lf3345\/","title":{"rendered":"Filtre \u00e0 l&rsquo;huile CASEIH (LF3345)"},"content":{"rendered":"<p>Diam\u00e8tre ext\u00e9rieur\u00a0: 93.73 mm, 3.69\u00a0po<\/p>\n<p>Hauteur : 138.18 mm, 5.44\u00a0po<\/p>\n<p>Taille du filetage: 1-16 UN-2B<\/p>\n","protected":false},"excerpt":{"rendered":"<p>Diam\u00e8tre ext\u00e9rieur\u00a0: 93.73 mm, 3.69\u00a0po Hauteur : 138.18 mm, 5.44\u00a0po Taille du filetage: 1-16 UN-2B<\/p>\n","protected":false},"featured_media":32071,"template":"","meta":[],"product-sub-category":[238,264],"brand":[114],"product-third-category":[],"acf":{"product_vendor":"CAS","product_stock_stematine":"10","product_stock_victoriaville":"3","product_stock_upton":"10","product_stock_huntingdon":"2","product_stock_marieville":"15","product_stock_stclet":"7","product_stock_durantaye":"0"},"_links":{"self":[{"href":"http:\/\/wp-pgs-equipements-adrien-phaneuf.elidevapp1aws.elisys-servers.ca\/fr\/wp-json\/wp\/v2\/product\/32070"}],"collection":[{"href":"http:\/\/wp-pgs-equipements-adrien-phaneuf.elidevapp1aws.elisys-servers.ca\/fr\/wp-json\/wp\/v2\/product"}],"about":[{"href":"http:\/\/wp-pgs-equipements-adrien-phaneuf.elidevapp1aws.elisys-servers.ca\/fr\/wp-json\/wp\/v2\/types\/product"}],"wp:featuredmedia":[{"embeddable":true,"href":"http:\/\/wp-pgs-equipements-adrien-phaneuf.elidevapp1aws.elisys-servers.ca\/fr\/wp-json\/wp\/v2\/media\/32071"}],"wp:attachment":[{"href":"http:\/\/wp-pgs-equipements-adrien-phaneuf.elidevapp1aws.elisys-servers.ca\/fr\/wp-json\/wp\/v2\/media?parent=32070"}],"wp:term":[{"taxonomy":"product-sub-category","embeddable":true,"href":"http:\/\/wp-pgs-equipements-adrien-phaneuf.elidevapp1aws.elisys-servers.ca\/fr\/wp-json\/wp\/v2\/product-sub-category?post=32070"},{"taxonomy":"brand","embeddable":true,"href":"http:\/\/wp-pgs-equipements-adrien-phaneuf.elidevapp1aws.elisys-servers.ca\/fr\/wp-json\/wp\/v2\/brand?post=32070"},{"taxonomy":"product-third-category","embeddable":true,"href":"http:\/\/wp-pgs-equipements-adrien-phaneuf.elidevapp1aws.elisys-servers.ca\/fr\/wp-json\/wp\/v2\/product-third-category?post=32070"}],"curies":[{"name":"wp","href":"https:\/\/api.w.org\/{rel}","templated":true}]}}