{"id":32076,"date":"2020-09-30T12:04:50","date_gmt":"2020-09-30T16:04:50","guid":{"rendered":"http:\/\/wp-pgs-equipements-adrien-phaneuf.elidevapp1aws.elisys-servers.ca\/product\/filtre-a-lhuile-caseih-lf4056\/"},"modified":"2025-09-30T06:03:53","modified_gmt":"2025-09-30T10:03:53","slug":"filtre-a-lhuile-caseih-lf4056","status":"publish","type":"product","link":"http:\/\/wp-pgs-equipements-adrien-phaneuf.elidevapp1aws.elisys-servers.ca\/fr\/produit\/filtre-a-lhuile-caseih-lf4056\/","title":{"rendered":"Filtre \u00e0 l&rsquo;huile CASEIH (LF4056)"},"content":{"rendered":"<p>Diam\u00e8tre ext\u00e9rieur\u00a0: 93.5\u00a0mm, 3.681 in\u00a0po<\/p>\n<p>Hauteur : 142.1\u00a0mm,\u00a05.594\u00a0po<\/p>\n<p>Taille du filetage: 1-12 UNF-2B<br \/>\n\u00a0<\/p>\n","protected":false},"excerpt":{"rendered":"<p>Diam\u00e8tre ext\u00e9rieur\u00a0: 93.5\u00a0mm, 3.681 in\u00a0po Hauteur : 142.1\u00a0mm,\u00a05.594\u00a0po Taille du filetage: 1-12 UNF-2B \u00a0<\/p>\n","protected":false},"featured_media":32077,"template":"","meta":[],"product-sub-category":[238,264],"brand":[114],"product-third-category":[],"acf":{"product_vendor":"CAS","product_stock_stematine":"11","product_stock_marieville":"11","product_stock_huntingdon":"0"},"_links":{"self":[{"href":"http:\/\/wp-pgs-equipements-adrien-phaneuf.elidevapp1aws.elisys-servers.ca\/fr\/wp-json\/wp\/v2\/product\/32076"}],"collection":[{"href":"http:\/\/wp-pgs-equipements-adrien-phaneuf.elidevapp1aws.elisys-servers.ca\/fr\/wp-json\/wp\/v2\/product"}],"about":[{"href":"http:\/\/wp-pgs-equipements-adrien-phaneuf.elidevapp1aws.elisys-servers.ca\/fr\/wp-json\/wp\/v2\/types\/product"}],"wp:featuredmedia":[{"embeddable":true,"href":"http:\/\/wp-pgs-equipements-adrien-phaneuf.elidevapp1aws.elisys-servers.ca\/fr\/wp-json\/wp\/v2\/media\/32077"}],"wp:attachment":[{"href":"http:\/\/wp-pgs-equipements-adrien-phaneuf.elidevapp1aws.elisys-servers.ca\/fr\/wp-json\/wp\/v2\/media?parent=32076"}],"wp:term":[{"taxonomy":"product-sub-category","embeddable":true,"href":"http:\/\/wp-pgs-equipements-adrien-phaneuf.elidevapp1aws.elisys-servers.ca\/fr\/wp-json\/wp\/v2\/product-sub-category?post=32076"},{"taxonomy":"brand","embeddable":true,"href":"http:\/\/wp-pgs-equipements-adrien-phaneuf.elidevapp1aws.elisys-servers.ca\/fr\/wp-json\/wp\/v2\/brand?post=32076"},{"taxonomy":"product-third-category","embeddable":true,"href":"http:\/\/wp-pgs-equipements-adrien-phaneuf.elidevapp1aws.elisys-servers.ca\/fr\/wp-json\/wp\/v2\/product-third-category?post=32076"}],"curies":[{"name":"wp","href":"https:\/\/api.w.org\/{rel}","templated":true}]}}