{"id":32082,"date":"2020-09-30T12:05:21","date_gmt":"2020-09-30T16:05:21","guid":{"rendered":"http:\/\/wp-pgs-equipements-adrien-phaneuf.elidevapp1aws.elisys-servers.ca\/product\/filtre-a-lhuile-caseih-lf667\/"},"modified":"2025-09-30T06:03:54","modified_gmt":"2025-09-30T10:03:54","slug":"filtre-a-lhuile-caseih-lf667","status":"publish","type":"product","link":"http:\/\/wp-pgs-equipements-adrien-phaneuf.elidevapp1aws.elisys-servers.ca\/fr\/produit\/filtre-a-lhuile-caseih-lf667\/","title":{"rendered":"Filtre \u00e0 l&rsquo;huile CASEIH (LF667)"},"content":{"rendered":"<p>Diam\u00e8tre ext\u00e9rieur\u00a0: 107.67\u00a0mm, 4.239\u00a0po<\/p>\n<p>Hauteur : 263.91\u00a0mm, 10.39\u00a0po<\/p>\n<p>Taille du filetage: 1 1 \/ 8-16 ONU-2B<br \/>\n\u00a0<\/p>\n","protected":false},"excerpt":{"rendered":"<p>Diam\u00e8tre ext\u00e9rieur\u00a0: 107.67\u00a0mm, 4.239\u00a0po Hauteur : 263.91\u00a0mm, 10.39\u00a0po Taille du filetage: 1 1 \/ 8-16 ONU-2B \u00a0<\/p>\n","protected":false},"featured_media":32083,"template":"","meta":[],"product-sub-category":[238,264],"brand":[114],"product-third-category":[],"acf":{"product_vendor":"CAS","product_stock_stematine":"15","product_stock_upton":"1","product_stock_marieville":"11","product_stock_stclet":"7","product_stock_huntingdon":"4"},"_links":{"self":[{"href":"http:\/\/wp-pgs-equipements-adrien-phaneuf.elidevapp1aws.elisys-servers.ca\/fr\/wp-json\/wp\/v2\/product\/32082"}],"collection":[{"href":"http:\/\/wp-pgs-equipements-adrien-phaneuf.elidevapp1aws.elisys-servers.ca\/fr\/wp-json\/wp\/v2\/product"}],"about":[{"href":"http:\/\/wp-pgs-equipements-adrien-phaneuf.elidevapp1aws.elisys-servers.ca\/fr\/wp-json\/wp\/v2\/types\/product"}],"wp:featuredmedia":[{"embeddable":true,"href":"http:\/\/wp-pgs-equipements-adrien-phaneuf.elidevapp1aws.elisys-servers.ca\/fr\/wp-json\/wp\/v2\/media\/32083"}],"wp:attachment":[{"href":"http:\/\/wp-pgs-equipements-adrien-phaneuf.elidevapp1aws.elisys-servers.ca\/fr\/wp-json\/wp\/v2\/media?parent=32082"}],"wp:term":[{"taxonomy":"product-sub-category","embeddable":true,"href":"http:\/\/wp-pgs-equipements-adrien-phaneuf.elidevapp1aws.elisys-servers.ca\/fr\/wp-json\/wp\/v2\/product-sub-category?post=32082"},{"taxonomy":"brand","embeddable":true,"href":"http:\/\/wp-pgs-equipements-adrien-phaneuf.elidevapp1aws.elisys-servers.ca\/fr\/wp-json\/wp\/v2\/brand?post=32082"},{"taxonomy":"product-third-category","embeddable":true,"href":"http:\/\/wp-pgs-equipements-adrien-phaneuf.elidevapp1aws.elisys-servers.ca\/fr\/wp-json\/wp\/v2\/product-third-category?post=32082"}],"curies":[{"name":"wp","href":"https:\/\/api.w.org\/{rel}","templated":true}]}}