{"id":32085,"date":"2020-09-30T12:05:21","date_gmt":"2020-09-30T16:05:21","guid":{"rendered":"http:\/\/wp-pgs-equipements-adrien-phaneuf.elidevapp1aws.elisys-servers.ca\/product\/filtre-a-lhuile-caseih-lf691a\/"},"modified":"2025-09-30T06:03:55","modified_gmt":"2025-09-30T10:03:55","slug":"filtre-a-lhuile-caseih-lf691a","status":"publish","type":"product","link":"http:\/\/wp-pgs-equipements-adrien-phaneuf.elidevapp1aws.elisys-servers.ca\/fr\/produit\/filtre-a-lhuile-caseih-lf691a\/","title":{"rendered":"Filtre \u00e0 l&rsquo;huile CASEIH (LF691A)"},"content":{"rendered":"<p>Diam\u00e8tre ext\u00e9rieur\u00a0: 136.73\u00a0mm, 5.383\u00a0po<\/p>\n<p>Hauteur : 176.28 mm, 6.94 po<\/p>\n<p>Taille du filetage: 1 1\/2-16 UNS-2B<\/p>\n","protected":false},"excerpt":{"rendered":"<p>Diam\u00e8tre ext\u00e9rieur\u00a0: 136.73\u00a0mm, 5.383\u00a0po Hauteur : 176.28 mm, 6.94 po Taille du filetage: 1 1\/2-16 UNS-2B<\/p>\n","protected":false},"featured_media":32086,"template":"","meta":[],"product-sub-category":[238,264],"brand":[114],"product-third-category":[],"acf":{"product_vendor":"CAS","product_stock_stematine":"22","product_stock_upton":"2","product_stock_marieville":"5","product_stock_stclet":"4","product_stock_huntingdon":"3"},"_links":{"self":[{"href":"http:\/\/wp-pgs-equipements-adrien-phaneuf.elidevapp1aws.elisys-servers.ca\/fr\/wp-json\/wp\/v2\/product\/32085"}],"collection":[{"href":"http:\/\/wp-pgs-equipements-adrien-phaneuf.elidevapp1aws.elisys-servers.ca\/fr\/wp-json\/wp\/v2\/product"}],"about":[{"href":"http:\/\/wp-pgs-equipements-adrien-phaneuf.elidevapp1aws.elisys-servers.ca\/fr\/wp-json\/wp\/v2\/types\/product"}],"wp:featuredmedia":[{"embeddable":true,"href":"http:\/\/wp-pgs-equipements-adrien-phaneuf.elidevapp1aws.elisys-servers.ca\/fr\/wp-json\/wp\/v2\/media\/32086"}],"wp:attachment":[{"href":"http:\/\/wp-pgs-equipements-adrien-phaneuf.elidevapp1aws.elisys-servers.ca\/fr\/wp-json\/wp\/v2\/media?parent=32085"}],"wp:term":[{"taxonomy":"product-sub-category","embeddable":true,"href":"http:\/\/wp-pgs-equipements-adrien-phaneuf.elidevapp1aws.elisys-servers.ca\/fr\/wp-json\/wp\/v2\/product-sub-category?post=32085"},{"taxonomy":"brand","embeddable":true,"href":"http:\/\/wp-pgs-equipements-adrien-phaneuf.elidevapp1aws.elisys-servers.ca\/fr\/wp-json\/wp\/v2\/brand?post=32085"},{"taxonomy":"product-third-category","embeddable":true,"href":"http:\/\/wp-pgs-equipements-adrien-phaneuf.elidevapp1aws.elisys-servers.ca\/fr\/wp-json\/wp\/v2\/product-third-category?post=32085"}],"curies":[{"name":"wp","href":"https:\/\/api.w.org\/{rel}","templated":true}]}}