{"id":32097,"date":"2020-09-30T12:05:21","date_gmt":"2020-09-30T16:05:21","guid":{"rendered":"http:\/\/wp-pgs-equipements-adrien-phaneuf.elidevapp1aws.elisys-servers.ca\/product\/stroboscope-haute-resistance-caseih-mc1000\/"},"modified":"2025-09-30T06:03:55","modified_gmt":"2025-09-30T10:03:55","slug":"stroboscope-haute-resistance-caseih-mc1000","status":"publish","type":"product","link":"http:\/\/wp-pgs-equipements-adrien-phaneuf.elidevapp1aws.elisys-servers.ca\/fr\/produit\/stroboscope-haute-resistance-caseih-mc1000\/","title":{"rendered":"Stroboscope haute-r\u00e9sistance CASEIH (MC1000)"},"content":{"rendered":"<p>Le flash de haute intensit\u00e9 avertit les automobilistes que votre \u00e9quipement est pr\u00e9sent<\/p>\n<p>Aucun fil dur n\u00e9cessaire<\/p>\n<p>3 aimants maintiennent l&rsquo;unit\u00e9 fermement en place<\/p>\n<p>Le joint \u00e9tanche maintient la pluie, la neige et l&rsquo;humidit\u00e9 \u00e0 l&rsquo;ext\u00e9rieur<\/p>\n<p>Clignote 75 fois par minute<\/p>\n","protected":false},"excerpt":{"rendered":"<p>Le flash de haute intensit\u00e9 avertit les automobilistes que votre \u00e9quipement est pr\u00e9sent Aucun fil dur n\u00e9cessaire 3 aimants maintiennent l&rsquo;unit\u00e9 fermement en place Le joint \u00e9tanche maintient la pluie, la neige et l&rsquo;humidit\u00e9 \u00e0 l&rsquo;ext\u00e9rieur Clignote 75 fois par minute<\/p>\n","protected":false},"featured_media":32098,"template":"","meta":[],"product-sub-category":[237,260],"brand":[114],"product-third-category":[],"acf":{"product_vendor":"CAS","product_stock_shefford":"0","product_stock_durantaye":"1","product_stock_upton":"","product_stock_marieville":"","product_stock_victoriaville":"","product_stock_stematine":"","product_stock_stclet":"","product_stock_huntingdon":"","child_inventory_variation":""},"_links":{"self":[{"href":"http:\/\/wp-pgs-equipements-adrien-phaneuf.elidevapp1aws.elisys-servers.ca\/fr\/wp-json\/wp\/v2\/product\/32097"}],"collection":[{"href":"http:\/\/wp-pgs-equipements-adrien-phaneuf.elidevapp1aws.elisys-servers.ca\/fr\/wp-json\/wp\/v2\/product"}],"about":[{"href":"http:\/\/wp-pgs-equipements-adrien-phaneuf.elidevapp1aws.elisys-servers.ca\/fr\/wp-json\/wp\/v2\/types\/product"}],"wp:featuredmedia":[{"embeddable":true,"href":"http:\/\/wp-pgs-equipements-adrien-phaneuf.elidevapp1aws.elisys-servers.ca\/fr\/wp-json\/wp\/v2\/media\/32098"}],"wp:attachment":[{"href":"http:\/\/wp-pgs-equipements-adrien-phaneuf.elidevapp1aws.elisys-servers.ca\/fr\/wp-json\/wp\/v2\/media?parent=32097"}],"wp:term":[{"taxonomy":"product-sub-category","embeddable":true,"href":"http:\/\/wp-pgs-equipements-adrien-phaneuf.elidevapp1aws.elisys-servers.ca\/fr\/wp-json\/wp\/v2\/product-sub-category?post=32097"},{"taxonomy":"brand","embeddable":true,"href":"http:\/\/wp-pgs-equipements-adrien-phaneuf.elidevapp1aws.elisys-servers.ca\/fr\/wp-json\/wp\/v2\/brand?post=32097"},{"taxonomy":"product-third-category","embeddable":true,"href":"http:\/\/wp-pgs-equipements-adrien-phaneuf.elidevapp1aws.elisys-servers.ca\/fr\/wp-json\/wp\/v2\/product-third-category?post=32097"}],"curies":[{"name":"wp","href":"https:\/\/api.w.org\/{rel}","templated":true}]}}