{"id":32100,"date":"2020-09-30T12:05:21","date_gmt":"2020-09-30T16:05:21","guid":{"rendered":"http:\/\/wp-pgs-equipements-adrien-phaneuf.elidevapp1aws.elisys-servers.ca\/product\/ruban-adhesif-en-toile-caseih-mc1220\/"},"modified":"2025-09-30T06:03:55","modified_gmt":"2025-09-30T10:03:55","slug":"ruban-adhesif-en-toile-caseih-mc1220","status":"publish","type":"product","link":"http:\/\/wp-pgs-equipements-adrien-phaneuf.elidevapp1aws.elisys-servers.ca\/fr\/produit\/ruban-adhesif-en-toile-caseih-mc1220\/","title":{"rendered":"Ruban adh\u00e9sif en toile CASEIH (MC1220)"},"content":{"rendered":"<p>Longueur 60 verges\u00a0x 2 \u00a0\u00bb<\/p>\n<p>9,5 ML<\/p>\n<p>Pour les applications industrielles l\u00e9g\u00e8res, la r\u00e9paration HVAC, le travail de conduit et plus<\/p>\n","protected":false},"excerpt":{"rendered":"<p>Longueur 60 verges\u00a0x 2 \u00a0\u00bb 9,5 ML Pour les applications industrielles l\u00e9g\u00e8res, la r\u00e9paration HVAC, le travail de conduit et plus<\/p>\n","protected":false},"featured_media":32101,"template":"","meta":[],"product-sub-category":[265],"brand":[114],"product-third-category":[],"acf":{"product_vendor":"CAS","product_stock_victoriaville":"12","product_stock_upton":"0","product_stock_marieville":"","product_stock_shefford":"","product_stock_durantaye":"","product_stock_stematine":"","product_stock_stclet":"","product_stock_huntingdon":"","child_inventory_variation":""},"_links":{"self":[{"href":"http:\/\/wp-pgs-equipements-adrien-phaneuf.elidevapp1aws.elisys-servers.ca\/fr\/wp-json\/wp\/v2\/product\/32100"}],"collection":[{"href":"http:\/\/wp-pgs-equipements-adrien-phaneuf.elidevapp1aws.elisys-servers.ca\/fr\/wp-json\/wp\/v2\/product"}],"about":[{"href":"http:\/\/wp-pgs-equipements-adrien-phaneuf.elidevapp1aws.elisys-servers.ca\/fr\/wp-json\/wp\/v2\/types\/product"}],"wp:featuredmedia":[{"embeddable":true,"href":"http:\/\/wp-pgs-equipements-adrien-phaneuf.elidevapp1aws.elisys-servers.ca\/fr\/wp-json\/wp\/v2\/media\/32101"}],"wp:attachment":[{"href":"http:\/\/wp-pgs-equipements-adrien-phaneuf.elidevapp1aws.elisys-servers.ca\/fr\/wp-json\/wp\/v2\/media?parent=32100"}],"wp:term":[{"taxonomy":"product-sub-category","embeddable":true,"href":"http:\/\/wp-pgs-equipements-adrien-phaneuf.elidevapp1aws.elisys-servers.ca\/fr\/wp-json\/wp\/v2\/product-sub-category?post=32100"},{"taxonomy":"brand","embeddable":true,"href":"http:\/\/wp-pgs-equipements-adrien-phaneuf.elidevapp1aws.elisys-servers.ca\/fr\/wp-json\/wp\/v2\/brand?post=32100"},{"taxonomy":"product-third-category","embeddable":true,"href":"http:\/\/wp-pgs-equipements-adrien-phaneuf.elidevapp1aws.elisys-servers.ca\/fr\/wp-json\/wp\/v2\/product-third-category?post=32100"}],"curies":[{"name":"wp","href":"https:\/\/api.w.org\/{rel}","templated":true}]}}