{"id":32103,"date":"2020-09-30T12:05:21","date_gmt":"2020-09-30T16:05:21","guid":{"rendered":"http:\/\/wp-pgs-equipements-adrien-phaneuf.elidevapp1aws.elisys-servers.ca\/product\/ruban-electrique-caseih-mc1240\/"},"modified":"2025-09-30T06:03:56","modified_gmt":"2025-09-30T10:03:56","slug":"ruban-electrique-caseih-mc1240","status":"publish","type":"product","link":"http:\/\/wp-pgs-equipements-adrien-phaneuf.elidevapp1aws.elisys-servers.ca\/fr\/produit\/ruban-electrique-caseih-mc1240\/","title":{"rendered":"Ruban \u00e9lectrique CASEIH (MC1240)"},"content":{"rendered":"<p>Longueur 66 pi x 3\/4 \u00a0\u00bb<\/p>\n<p>Adh\u00e8re rapidement aux surfaces irr\u00e9guli\u00e8res<\/p>\n<p>Isolation, \u00e9tanch\u00e9it\u00e9, protection et poign\u00e9es<\/p>\n<p>Haute r\u00e9sistance di\u00e9lectrique<\/p>\n<p>R\u00e9sistant \u00e0 l&rsquo;eau, aux huiles et aux mati\u00e8res corrosives<\/p>\n","protected":false},"excerpt":{"rendered":"<p>Longueur 66 pi x 3\/4 \u00a0\u00bb Adh\u00e8re rapidement aux surfaces irr\u00e9guli\u00e8res Isolation, \u00e9tanch\u00e9it\u00e9, protection et poign\u00e9es Haute r\u00e9sistance di\u00e9lectrique R\u00e9sistant \u00e0 l&rsquo;eau, aux huiles et aux mati\u00e8res corrosives<\/p>\n","protected":false},"featured_media":32104,"template":"","meta":[],"product-sub-category":[265],"brand":[114],"product-third-category":[],"acf":{"product_vendor":"CAS","product_stock_victoriaville":"17","product_stock_durantaye":"0","product_stock_upton":"","product_stock_marieville":"","product_stock_shefford":"","product_stock_stematine":"","product_stock_stclet":"","product_stock_huntingdon":"","child_inventory_variation":""},"_links":{"self":[{"href":"http:\/\/wp-pgs-equipements-adrien-phaneuf.elidevapp1aws.elisys-servers.ca\/fr\/wp-json\/wp\/v2\/product\/32103"}],"collection":[{"href":"http:\/\/wp-pgs-equipements-adrien-phaneuf.elidevapp1aws.elisys-servers.ca\/fr\/wp-json\/wp\/v2\/product"}],"about":[{"href":"http:\/\/wp-pgs-equipements-adrien-phaneuf.elidevapp1aws.elisys-servers.ca\/fr\/wp-json\/wp\/v2\/types\/product"}],"wp:featuredmedia":[{"embeddable":true,"href":"http:\/\/wp-pgs-equipements-adrien-phaneuf.elidevapp1aws.elisys-servers.ca\/fr\/wp-json\/wp\/v2\/media\/32104"}],"wp:attachment":[{"href":"http:\/\/wp-pgs-equipements-adrien-phaneuf.elidevapp1aws.elisys-servers.ca\/fr\/wp-json\/wp\/v2\/media?parent=32103"}],"wp:term":[{"taxonomy":"product-sub-category","embeddable":true,"href":"http:\/\/wp-pgs-equipements-adrien-phaneuf.elidevapp1aws.elisys-servers.ca\/fr\/wp-json\/wp\/v2\/product-sub-category?post=32103"},{"taxonomy":"brand","embeddable":true,"href":"http:\/\/wp-pgs-equipements-adrien-phaneuf.elidevapp1aws.elisys-servers.ca\/fr\/wp-json\/wp\/v2\/brand?post=32103"},{"taxonomy":"product-third-category","embeddable":true,"href":"http:\/\/wp-pgs-equipements-adrien-phaneuf.elidevapp1aws.elisys-servers.ca\/fr\/wp-json\/wp\/v2\/product-third-category?post=32103"}],"curies":[{"name":"wp","href":"https:\/\/api.w.org\/{rel}","templated":true}]}}