{"id":32121,"date":"2020-09-30T12:06:00","date_gmt":"2020-09-30T16:06:00","guid":{"rendered":"http:\/\/wp-pgs-equipements-adrien-phaneuf.elidevapp1aws.elisys-servers.ca\/product\/entonnoir-17po-caseih-mc1506\/"},"modified":"2025-09-30T06:03:59","modified_gmt":"2025-09-30T10:03:59","slug":"entonnoir-17po-caseih-mc1506","status":"publish","type":"product","link":"http:\/\/wp-pgs-equipements-adrien-phaneuf.elidevapp1aws.elisys-servers.ca\/fr\/produit\/entonnoir-17po-caseih-mc1506\/","title":{"rendered":"Entonnoir 17po CASEIH (MC1506)"},"content":{"rendered":"<p>Lutte contre la contamination et favorise un environnement d&rsquo;atelier propre<\/p>\n<p>Un design unique emp\u00eache le liquide laiss\u00e9 de s&rsquo;\u00e9goutter, pas besoin d&rsquo;essuyer avec un chiffon avant de le r\u00e9utiliser<\/p>\n<p>Le bouchon emp\u00eache l&rsquo;entonnoir de recueillir la salet\u00e9, la salet\u00e9 du moteur et d&rsquo;autres contaminants<\/p>\n<p>Syst\u00e8me \u00e0 code de couleur pour l&rsquo;identification des fluides utilis\u00e9s avec chaque entonnoir<\/p>\n<p>La construction durable en poly\u00e9thyl\u00e8ne r\u00e9siste \u00e0 l&rsquo;exposition aux huiles et fluides<br \/>\n\u00a0<\/p>\n<p>Haut\u00a0ID 4 \u00ab\u00a0D\u00e9versoir OD 5\/8\u00a0\u00bb Hauteur 17 \u00ab\u00a0<\/p>\n","protected":false},"excerpt":{"rendered":"<p>Lutte contre la contamination et favorise un environnement d&rsquo;atelier propre Un design unique emp\u00eache le liquide laiss\u00e9 de s&rsquo;\u00e9goutter, pas besoin d&rsquo;essuyer avec un chiffon avant de le r\u00e9utiliser Le bouchon emp\u00eache l&rsquo;entonnoir de recueillir la salet\u00e9, la salet\u00e9 du moteur et d&rsquo;autres contaminants Syst\u00e8me \u00e0 code de couleur pour l&rsquo;identification des fluides utilis\u00e9s avec &hellip; <a href=\"http:\/\/wp-pgs-equipements-adrien-phaneuf.elidevapp1aws.elisys-servers.ca\/fr\/produit\/entonnoir-17po-caseih-mc1506\/\">Suite<\/a><\/p>\n","protected":false},"featured_media":32122,"template":"","meta":[],"product-sub-category":[236,248],"brand":[111],"product-third-category":[],"acf":{"product_vendor":"CAS","product_stock_victoriaville":"2","product_stock_shefford":"3","product_stock_upton":"5","product_stock_durantaye":"0","product_stock_marieville":"2","product_stock_stclet":"0","product_stock_stematine":"2"},"_links":{"self":[{"href":"http:\/\/wp-pgs-equipements-adrien-phaneuf.elidevapp1aws.elisys-servers.ca\/fr\/wp-json\/wp\/v2\/product\/32121"}],"collection":[{"href":"http:\/\/wp-pgs-equipements-adrien-phaneuf.elidevapp1aws.elisys-servers.ca\/fr\/wp-json\/wp\/v2\/product"}],"about":[{"href":"http:\/\/wp-pgs-equipements-adrien-phaneuf.elidevapp1aws.elisys-servers.ca\/fr\/wp-json\/wp\/v2\/types\/product"}],"wp:featuredmedia":[{"embeddable":true,"href":"http:\/\/wp-pgs-equipements-adrien-phaneuf.elidevapp1aws.elisys-servers.ca\/fr\/wp-json\/wp\/v2\/media\/32122"}],"wp:attachment":[{"href":"http:\/\/wp-pgs-equipements-adrien-phaneuf.elidevapp1aws.elisys-servers.ca\/fr\/wp-json\/wp\/v2\/media?parent=32121"}],"wp:term":[{"taxonomy":"product-sub-category","embeddable":true,"href":"http:\/\/wp-pgs-equipements-adrien-phaneuf.elidevapp1aws.elisys-servers.ca\/fr\/wp-json\/wp\/v2\/product-sub-category?post=32121"},{"taxonomy":"brand","embeddable":true,"href":"http:\/\/wp-pgs-equipements-adrien-phaneuf.elidevapp1aws.elisys-servers.ca\/fr\/wp-json\/wp\/v2\/brand?post=32121"},{"taxonomy":"product-third-category","embeddable":true,"href":"http:\/\/wp-pgs-equipements-adrien-phaneuf.elidevapp1aws.elisys-servers.ca\/fr\/wp-json\/wp\/v2\/product-third-category?post=32121"}],"curies":[{"name":"wp","href":"https:\/\/api.w.org\/{rel}","templated":true}]}}