{"id":32140,"date":"2020-09-30T12:06:00","date_gmt":"2020-09-30T16:06:00","guid":{"rendered":"http:\/\/wp-pgs-equipements-adrien-phaneuf.elidevapp1aws.elisys-servers.ca\/product\/protection-auditive-premium-caseih-mc2350\/"},"modified":"2024-06-25T15:50:38","modified_gmt":"2024-06-25T19:50:38","slug":"protection-auditive-premium-caseih-mc2350","status":"publish","type":"product","link":"http:\/\/wp-pgs-equipements-adrien-phaneuf.elidevapp1aws.elisys-servers.ca\/fr\/produit\/protection-auditive-premium-caseih-mc2350\/","title":{"rendered":"Protection auditive premium CASEIH (MC2350)"},"content":{"rendered":"<p>Prot\u00e9gez votre ou\u00efe contre un \u00e9quipement bruyant<\/p>\n<p>Protection de 25 dB<\/p>\n<p>M\u00eame quatre points de distribution de pression avec des coussins d&rsquo;oreille doux pour un confort de longue dur\u00e9e<\/p>\n","protected":false},"excerpt":{"rendered":"<p>Prot\u00e9gez votre ou\u00efe contre un \u00e9quipement bruyant Protection de 25 dB M\u00eame quatre points de distribution de pression avec des coussins d&rsquo;oreille doux pour un confort de longue dur\u00e9e<\/p>\n","protected":false},"featured_media":32141,"template":"","meta":[],"product-sub-category":[109],"brand":[114],"product-third-category":[],"acf":{"product_vendor":"CAS","product_stock_durantaye":"1","product_stock_upton":"","product_stock_marieville":"","product_stock_shefford":"","product_stock_victoriaville":"","product_stock_stematine":"","product_stock_stclet":"","product_stock_huntingdon":"","child_inventory_variation":""},"_links":{"self":[{"href":"http:\/\/wp-pgs-equipements-adrien-phaneuf.elidevapp1aws.elisys-servers.ca\/fr\/wp-json\/wp\/v2\/product\/32140"}],"collection":[{"href":"http:\/\/wp-pgs-equipements-adrien-phaneuf.elidevapp1aws.elisys-servers.ca\/fr\/wp-json\/wp\/v2\/product"}],"about":[{"href":"http:\/\/wp-pgs-equipements-adrien-phaneuf.elidevapp1aws.elisys-servers.ca\/fr\/wp-json\/wp\/v2\/types\/product"}],"wp:featuredmedia":[{"embeddable":true,"href":"http:\/\/wp-pgs-equipements-adrien-phaneuf.elidevapp1aws.elisys-servers.ca\/fr\/wp-json\/wp\/v2\/media\/32141"}],"wp:attachment":[{"href":"http:\/\/wp-pgs-equipements-adrien-phaneuf.elidevapp1aws.elisys-servers.ca\/fr\/wp-json\/wp\/v2\/media?parent=32140"}],"wp:term":[{"taxonomy":"product-sub-category","embeddable":true,"href":"http:\/\/wp-pgs-equipements-adrien-phaneuf.elidevapp1aws.elisys-servers.ca\/fr\/wp-json\/wp\/v2\/product-sub-category?post=32140"},{"taxonomy":"brand","embeddable":true,"href":"http:\/\/wp-pgs-equipements-adrien-phaneuf.elidevapp1aws.elisys-servers.ca\/fr\/wp-json\/wp\/v2\/brand?post=32140"},{"taxonomy":"product-third-category","embeddable":true,"href":"http:\/\/wp-pgs-equipements-adrien-phaneuf.elidevapp1aws.elisys-servers.ca\/fr\/wp-json\/wp\/v2\/product-third-category?post=32140"}],"curies":[{"name":"wp","href":"https:\/\/api.w.org\/{rel}","templated":true}]}}