{"id":32146,"date":"2020-09-30T12:06:41","date_gmt":"2020-09-30T16:06:41","guid":{"rendered":"http:\/\/wp-pgs-equipements-adrien-phaneuf.elidevapp1aws.elisys-servers.ca\/product\/pompe-rotative-en-plastique-baril-caseih-mc25987\/"},"modified":"2025-09-30T06:04:00","modified_gmt":"2025-09-30T10:04:00","slug":"pompe-rotative-en-plastique-baril-caseih-mc25987","status":"publish","type":"product","link":"http:\/\/wp-pgs-equipements-adrien-phaneuf.elidevapp1aws.elisys-servers.ca\/fr\/produit\/pompe-rotative-en-plastique-baril-caseih-mc25987\/","title":{"rendered":"POMPE ROTATIVE EN PLASTIQUE BARIL CASEIH (MC25987)"},"content":{"rendered":"<p>Notre pompe \u00e0 tambour en plastique rotatif est con\u00e7ue pour \u00eatre utilis\u00e9e avec des acides, alcalins, gazeux, diesel, huile de machine, eau, alcool, diluants et produits \u00e0 base de p\u00e9trole.<\/p>\n<p>Cette pompe peut \u00e9galement \u00eatre utilis\u00e9e pour des applications DEF.<\/p>\n<p>Convient pour les f\u00fbts de 5 gallons, les joints Ryton et Teflon.<\/p>\n<p>Fournit 7 gal pour 100 r\u00e9volutions.<\/p>\n","protected":false},"excerpt":{"rendered":"<p>Notre pompe \u00e0 tambour en plastique rotatif est con\u00e7ue pour \u00eatre utilis\u00e9e avec des acides, alcalins, gazeux, diesel, huile de machine, eau, alcool, diluants et produits \u00e0 base de p\u00e9trole. Cette pompe peut \u00e9galement \u00eatre utilis\u00e9e pour des applications DEF. Convient pour les f\u00fbts de 5 gallons, les joints Ryton et Teflon. Fournit 7 gal &hellip; <a href=\"http:\/\/wp-pgs-equipements-adrien-phaneuf.elidevapp1aws.elisys-servers.ca\/fr\/produit\/pompe-rotative-en-plastique-baril-caseih-mc25987\/\">Suite<\/a><\/p>\n","protected":false},"featured_media":32147,"template":"","meta":[],"product-sub-category":[236,248],"brand":[114],"product-third-category":[],"acf":{"product_vendor":"CAS","product_stock_marieville":"0","product_stock_durantaye":"0","product_stock_victoriaville":"2"},"_links":{"self":[{"href":"http:\/\/wp-pgs-equipements-adrien-phaneuf.elidevapp1aws.elisys-servers.ca\/fr\/wp-json\/wp\/v2\/product\/32146"}],"collection":[{"href":"http:\/\/wp-pgs-equipements-adrien-phaneuf.elidevapp1aws.elisys-servers.ca\/fr\/wp-json\/wp\/v2\/product"}],"about":[{"href":"http:\/\/wp-pgs-equipements-adrien-phaneuf.elidevapp1aws.elisys-servers.ca\/fr\/wp-json\/wp\/v2\/types\/product"}],"wp:featuredmedia":[{"embeddable":true,"href":"http:\/\/wp-pgs-equipements-adrien-phaneuf.elidevapp1aws.elisys-servers.ca\/fr\/wp-json\/wp\/v2\/media\/32147"}],"wp:attachment":[{"href":"http:\/\/wp-pgs-equipements-adrien-phaneuf.elidevapp1aws.elisys-servers.ca\/fr\/wp-json\/wp\/v2\/media?parent=32146"}],"wp:term":[{"taxonomy":"product-sub-category","embeddable":true,"href":"http:\/\/wp-pgs-equipements-adrien-phaneuf.elidevapp1aws.elisys-servers.ca\/fr\/wp-json\/wp\/v2\/product-sub-category?post=32146"},{"taxonomy":"brand","embeddable":true,"href":"http:\/\/wp-pgs-equipements-adrien-phaneuf.elidevapp1aws.elisys-servers.ca\/fr\/wp-json\/wp\/v2\/brand?post=32146"},{"taxonomy":"product-third-category","embeddable":true,"href":"http:\/\/wp-pgs-equipements-adrien-phaneuf.elidevapp1aws.elisys-servers.ca\/fr\/wp-json\/wp\/v2\/product-third-category?post=32146"}],"curies":[{"name":"wp","href":"https:\/\/api.w.org\/{rel}","templated":true}]}}