{"id":32149,"date":"2020-09-30T12:06:41","date_gmt":"2020-09-30T16:06:41","guid":{"rendered":"http:\/\/wp-pgs-equipements-adrien-phaneuf.elidevapp1aws.elisys-servers.ca\/product\/nettoyant-pour-les-mains-aux-agrumes-caseih-mc27015\/"},"modified":"2025-09-30T06:04:01","modified_gmt":"2025-09-30T10:04:01","slug":"nettoyant-pour-les-mains-aux-agrumes-caseih-mc27015","status":"publish","type":"product","link":"http:\/\/wp-pgs-equipements-adrien-phaneuf.elidevapp1aws.elisys-servers.ca\/fr\/produit\/nettoyant-pour-les-mains-aux-agrumes-caseih-mc27015\/","title":{"rendered":"Nettoyant pour les mains aux agrumes CASEIH (MC27015)"},"content":{"rendered":"<p>Quantit\u00e9: 15 onces liquides<\/p>\n<p>Consistance lisse<\/p>\n<p>Nettoyant pour les mains, lotion lisse, sans p\u00e9trole, sans solvant, formule naturelle qui a \u00e9t\u00e9 d\u00e9velopp\u00e9 pour r\u00e9pondre aux pr\u00e9occupations environnementales et de s\u00e9curit\u00e9.\u00a0Les huiles premium orange naturelle dissolvent, en toute s\u00e9curit\u00e9, les r\u00e9sidus de terre\u00a0les plus difficiles.\u00a0Ces nettoyants rapides sont \u00e9quilibr\u00e9s en pH, biod\u00e9gradables et contiennent six hydratants, dont la glyc\u00e9rine, l&rsquo;aloe vera, la vitamine C, la vitamine E, le jojoba et l&rsquo;extrait de germe de bl\u00e9 pour aider \u00e0 garder vos mains douces et lisses.\u00a0Sans NPE et sans COV<\/p>\n","protected":false},"excerpt":{"rendered":"<p>Quantit\u00e9: 15 onces liquides Consistance lisse Nettoyant pour les mains, lotion lisse, sans p\u00e9trole, sans solvant, formule naturelle qui a \u00e9t\u00e9 d\u00e9velopp\u00e9 pour r\u00e9pondre aux pr\u00e9occupations environnementales et de s\u00e9curit\u00e9.\u00a0Les huiles premium orange naturelle dissolvent, en toute s\u00e9curit\u00e9, les r\u00e9sidus de terre\u00a0les plus difficiles.\u00a0Ces nettoyants rapides sont \u00e9quilibr\u00e9s en pH, biod\u00e9gradables et contiennent six hydratants, &hellip; <a href=\"http:\/\/wp-pgs-equipements-adrien-phaneuf.elidevapp1aws.elisys-servers.ca\/fr\/produit\/nettoyant-pour-les-mains-aux-agrumes-caseih-mc27015\/\">Suite<\/a><\/p>\n","protected":false},"featured_media":32150,"template":"","meta":[],"product-sub-category":[386],"brand":[114],"product-third-category":[],"acf":{"product_vendor":"CAS","product_stock_stematine":"2","product_stock_victoriaville":"8","product_stock_upton":"2","product_stock_durantaye":"3","product_stock_marieville":"7","product_stock_stclet":"15","product_stock_shefford":"","product_stock_huntingdon":"","child_inventory_variation":""},"_links":{"self":[{"href":"http:\/\/wp-pgs-equipements-adrien-phaneuf.elidevapp1aws.elisys-servers.ca\/fr\/wp-json\/wp\/v2\/product\/32149"}],"collection":[{"href":"http:\/\/wp-pgs-equipements-adrien-phaneuf.elidevapp1aws.elisys-servers.ca\/fr\/wp-json\/wp\/v2\/product"}],"about":[{"href":"http:\/\/wp-pgs-equipements-adrien-phaneuf.elidevapp1aws.elisys-servers.ca\/fr\/wp-json\/wp\/v2\/types\/product"}],"wp:featuredmedia":[{"embeddable":true,"href":"http:\/\/wp-pgs-equipements-adrien-phaneuf.elidevapp1aws.elisys-servers.ca\/fr\/wp-json\/wp\/v2\/media\/32150"}],"wp:attachment":[{"href":"http:\/\/wp-pgs-equipements-adrien-phaneuf.elidevapp1aws.elisys-servers.ca\/fr\/wp-json\/wp\/v2\/media?parent=32149"}],"wp:term":[{"taxonomy":"product-sub-category","embeddable":true,"href":"http:\/\/wp-pgs-equipements-adrien-phaneuf.elidevapp1aws.elisys-servers.ca\/fr\/wp-json\/wp\/v2\/product-sub-category?post=32149"},{"taxonomy":"brand","embeddable":true,"href":"http:\/\/wp-pgs-equipements-adrien-phaneuf.elidevapp1aws.elisys-servers.ca\/fr\/wp-json\/wp\/v2\/brand?post=32149"},{"taxonomy":"product-third-category","embeddable":true,"href":"http:\/\/wp-pgs-equipements-adrien-phaneuf.elidevapp1aws.elisys-servers.ca\/fr\/wp-json\/wp\/v2\/product-third-category?post=32149"}],"curies":[{"name":"wp","href":"https:\/\/api.w.org\/{rel}","templated":true}]}}