{"id":32155,"date":"2020-09-30T12:06:41","date_gmt":"2020-09-30T16:06:41","guid":{"rendered":"http:\/\/wp-pgs-equipements-adrien-phaneuf.elidevapp1aws.elisys-servers.ca\/product\/lingettes-brosseuses-pour-les-mains-caseih-mc27290\/"},"modified":"2025-09-30T06:07:26","modified_gmt":"2025-09-30T10:07:26","slug":"lingettes-brosseuses-pour-les-mains-caseih-mc27290","status":"publish","type":"product","link":"http:\/\/wp-pgs-equipements-adrien-phaneuf.elidevapp1aws.elisys-servers.ca\/fr\/produit\/lingettes-brosseuses-pour-les-mains-caseih-mc27290\/","title":{"rendered":"Lingettes brosseuses pour les mains CASEIH (MC27290)"},"content":{"rendered":"<p>Quantit\u00e9: 90 par bo\u00eete<\/p>\n<p>Lingettes \u00e0 r\u00e9curer la main, la solution puissante ne contient pas de solvants qui ass\u00e9chent votre peau.\u00a0Pourtant, il dissout efficacement la graisse, la salet\u00e9, l&rsquo;huile, les lubrifiants, les peintures, le goudron, les encres et plus encore.\u00a0La solution est enrichie avec six ingr\u00e9dients de soins de la peau, y compris l&rsquo;alo\u00e8s, la glyc\u00e9rine, le jojoba, la vitamine C, la vitamine E et l&rsquo;extrait de germe de bl\u00e9.\u00a0Il est \u00e9galement NPE et pratiquement sans COV, ce qui rend tr\u00e8s respectueux de l&rsquo;environnement.\u00a0Les r\u00e9sidus sont soulev\u00e9s de vos mains et captur\u00e9s dans la\u00a0\u00a0 serviette, double texture, de\u00a0mat\u00e9riau durable en polypropyl\u00e8ne.\u00a0Une partie r\u00e9curante violet sur un c\u00f4t\u00e9 acc\u00e9l\u00e8re plus profond\u00e9ment et plus rapidement, le nettoyage.\u00a0Chaque chiffon nettoiera toute votre zone de travail.\u00a0Utiliser sur pratiquement toutes les surfaces.\u00a0Chaque bo\u00eete a un dessus de distribution pratique et refermable.\u00a0Les serviettes mesurent 9 pouces x 12 pouces<\/p>\n","protected":false},"excerpt":{"rendered":"<p>Quantit\u00e9: 90 par bo\u00eete Lingettes \u00e0 r\u00e9curer la main, la solution puissante ne contient pas de solvants qui ass\u00e9chent votre peau.\u00a0Pourtant, il dissout efficacement la graisse, la salet\u00e9, l&rsquo;huile, les lubrifiants, les peintures, le goudron, les encres et plus encore.\u00a0La solution est enrichie avec six ingr\u00e9dients de soins de la peau, y compris l&rsquo;alo\u00e8s, la &hellip; <a href=\"http:\/\/wp-pgs-equipements-adrien-phaneuf.elidevapp1aws.elisys-servers.ca\/fr\/produit\/lingettes-brosseuses-pour-les-mains-caseih-mc27290\/\">Suite<\/a><\/p>\n","protected":false},"featured_media":32156,"template":"","meta":[],"product-sub-category":[247],"brand":[114],"product-third-category":[],"acf":{"product_vendor":"CAS","product_stock_stematine":"8","product_stock_shefford":"0","product_stock_upton":"3","product_stock_durantaye":"9","product_stock_victoriaville":"9","product_stock_stclet":"0","product_stock_marieville":"0"},"_links":{"self":[{"href":"http:\/\/wp-pgs-equipements-adrien-phaneuf.elidevapp1aws.elisys-servers.ca\/fr\/wp-json\/wp\/v2\/product\/32155"}],"collection":[{"href":"http:\/\/wp-pgs-equipements-adrien-phaneuf.elidevapp1aws.elisys-servers.ca\/fr\/wp-json\/wp\/v2\/product"}],"about":[{"href":"http:\/\/wp-pgs-equipements-adrien-phaneuf.elidevapp1aws.elisys-servers.ca\/fr\/wp-json\/wp\/v2\/types\/product"}],"wp:featuredmedia":[{"embeddable":true,"href":"http:\/\/wp-pgs-equipements-adrien-phaneuf.elidevapp1aws.elisys-servers.ca\/fr\/wp-json\/wp\/v2\/media\/32156"}],"wp:attachment":[{"href":"http:\/\/wp-pgs-equipements-adrien-phaneuf.elidevapp1aws.elisys-servers.ca\/fr\/wp-json\/wp\/v2\/media?parent=32155"}],"wp:term":[{"taxonomy":"product-sub-category","embeddable":true,"href":"http:\/\/wp-pgs-equipements-adrien-phaneuf.elidevapp1aws.elisys-servers.ca\/fr\/wp-json\/wp\/v2\/product-sub-category?post=32155"},{"taxonomy":"brand","embeddable":true,"href":"http:\/\/wp-pgs-equipements-adrien-phaneuf.elidevapp1aws.elisys-servers.ca\/fr\/wp-json\/wp\/v2\/brand?post=32155"},{"taxonomy":"product-third-category","embeddable":true,"href":"http:\/\/wp-pgs-equipements-adrien-phaneuf.elidevapp1aws.elisys-servers.ca\/fr\/wp-json\/wp\/v2\/product-third-category?post=32155"}],"curies":[{"name":"wp","href":"https:\/\/api.w.org\/{rel}","templated":true}]}}