{"id":32158,"date":"2020-09-30T12:06:41","date_gmt":"2020-09-30T16:06:41","guid":{"rendered":"http:\/\/wp-pgs-equipements-adrien-phaneuf.elidevapp1aws.elisys-servers.ca\/product\/gel-nettoyant-pour-les-mains-contenant-de-la-pierre-ponce-caseih-mc28014\/"},"modified":"2025-09-30T06:04:03","modified_gmt":"2025-09-30T10:04:03","slug":"gel-nettoyant-pour-les-mains-contenant-de-la-pierre-ponce-caseih-mc28014","status":"publish","type":"product","link":"http:\/\/wp-pgs-equipements-adrien-phaneuf.elidevapp1aws.elisys-servers.ca\/fr\/produit\/gel-nettoyant-pour-les-mains-contenant-de-la-pierre-ponce-caseih-mc28014\/","title":{"rendered":"Gel nettoyant pour les mains contenant de la pierre ponce CASEIH (MC28014)"},"content":{"rendered":"<p>Quantit\u00e9: 14 onces liquides<\/p>\n<p>Gel nettoyant pour les mains avec de la pierre ponce, contenant de 14 onces. Cette formule de gel \u00e0 base de p\u00e9trole fonctionne efficacement sans solvants forts et est pratique et \u00e9conomique \u00e0 utiliser. Contient de la pierre ponce am\u00e9ricaine \u00e0 grain fin, de qualit\u00e9 cosm\u00e9tique, et six ingr\u00e9dients de soins de la peau, dont l&rsquo;aloe vera, le jojoba, la lanoline, la vitamine C, la vitamine E et l&rsquo;extrait de germe de bl\u00e9. Pour utilisation avec ou sans eau. Conforme aux COV et sans NPE<\/p>\n","protected":false},"excerpt":{"rendered":"<p>Quantit\u00e9: 14 onces liquides Gel nettoyant pour les mains avec de la pierre ponce, contenant de 14 onces. Cette formule de gel \u00e0 base de p\u00e9trole fonctionne efficacement sans solvants forts et est pratique et \u00e9conomique \u00e0 utiliser. Contient de la pierre ponce am\u00e9ricaine \u00e0 grain fin, de qualit\u00e9 cosm\u00e9tique, et six ingr\u00e9dients de soins &hellip; <a href=\"http:\/\/wp-pgs-equipements-adrien-phaneuf.elidevapp1aws.elisys-servers.ca\/fr\/produit\/gel-nettoyant-pour-les-mains-contenant-de-la-pierre-ponce-caseih-mc28014\/\">Suite<\/a><\/p>\n","protected":false},"featured_media":32159,"template":"","meta":[],"product-sub-category":[247],"brand":[114],"product-third-category":[],"acf":{"product_vendor":"CAS","product_stock_upton":"12","product_stock_durantaye":"0","product_stock_victoriaville":"5","product_stock_stclet":"14"},"_links":{"self":[{"href":"http:\/\/wp-pgs-equipements-adrien-phaneuf.elidevapp1aws.elisys-servers.ca\/fr\/wp-json\/wp\/v2\/product\/32158"}],"collection":[{"href":"http:\/\/wp-pgs-equipements-adrien-phaneuf.elidevapp1aws.elisys-servers.ca\/fr\/wp-json\/wp\/v2\/product"}],"about":[{"href":"http:\/\/wp-pgs-equipements-adrien-phaneuf.elidevapp1aws.elisys-servers.ca\/fr\/wp-json\/wp\/v2\/types\/product"}],"wp:featuredmedia":[{"embeddable":true,"href":"http:\/\/wp-pgs-equipements-adrien-phaneuf.elidevapp1aws.elisys-servers.ca\/fr\/wp-json\/wp\/v2\/media\/32159"}],"wp:attachment":[{"href":"http:\/\/wp-pgs-equipements-adrien-phaneuf.elidevapp1aws.elisys-servers.ca\/fr\/wp-json\/wp\/v2\/media?parent=32158"}],"wp:term":[{"taxonomy":"product-sub-category","embeddable":true,"href":"http:\/\/wp-pgs-equipements-adrien-phaneuf.elidevapp1aws.elisys-servers.ca\/fr\/wp-json\/wp\/v2\/product-sub-category?post=32158"},{"taxonomy":"brand","embeddable":true,"href":"http:\/\/wp-pgs-equipements-adrien-phaneuf.elidevapp1aws.elisys-servers.ca\/fr\/wp-json\/wp\/v2\/brand?post=32158"},{"taxonomy":"product-third-category","embeddable":true,"href":"http:\/\/wp-pgs-equipements-adrien-phaneuf.elidevapp1aws.elisys-servers.ca\/fr\/wp-json\/wp\/v2\/product-third-category?post=32158"}],"curies":[{"name":"wp","href":"https:\/\/api.w.org\/{rel}","templated":true}]}}