{"id":32167,"date":"2020-09-30T12:06:41","date_gmt":"2020-09-30T16:06:41","guid":{"rendered":"http:\/\/wp-pgs-equipements-adrien-phaneuf.elidevapp1aws.elisys-servers.ca\/product\/support-de-signal-pour-vehicule-a-mouvement-lent-caseih-mc3040\/"},"modified":"2025-09-30T06:04:04","modified_gmt":"2025-09-30T10:04:04","slug":"support-de-signal-pour-vehicule-a-mouvement-lent-caseih-mc3040","status":"publish","type":"product","link":"http:\/\/wp-pgs-equipements-adrien-phaneuf.elidevapp1aws.elisys-servers.ca\/fr\/produit\/support-de-signal-pour-vehicule-a-mouvement-lent-caseih-mc3040\/","title":{"rendered":"Support de signal pour v\u00e9hicule \u00e0 mouvement lent CASEIH (MC3040)"},"content":{"rendered":"<p>CASE IH Support pour v\u00e9hicule \u00e0 mouvement lent<\/p>\n<p>Kit de montage pour triangle<\/p>\n<p>Ce kit de montage de mat\u00e9riel supporte\u00a0facilement et en toute s\u00e9curit\u00e9 votre signe de v\u00e9hicule lent \u00e0 votre tracteur ou \u00e0 votre \u00e9quipement agricole<\/p>\n","protected":false},"excerpt":{"rendered":"<p>CASE IH Support pour v\u00e9hicule \u00e0 mouvement lent Kit de montage pour triangle Ce kit de montage de mat\u00e9riel supporte\u00a0facilement et en toute s\u00e9curit\u00e9 votre signe de v\u00e9hicule lent \u00e0 votre tracteur ou \u00e0 votre \u00e9quipement agricole<\/p>\n","protected":false},"featured_media":32168,"template":"","meta":[],"product-sub-category":[260],"brand":[111],"product-third-category":[],"acf":{"product_vendor":"CAS","product_stock_upton":"10","product_stock_durantaye":"3","product_stock_marieville":"","product_stock_shefford":"","product_stock_victoriaville":"","product_stock_stematine":"","product_stock_stclet":"","product_stock_huntingdon":"","child_inventory_variation":""},"_links":{"self":[{"href":"http:\/\/wp-pgs-equipements-adrien-phaneuf.elidevapp1aws.elisys-servers.ca\/fr\/wp-json\/wp\/v2\/product\/32167"}],"collection":[{"href":"http:\/\/wp-pgs-equipements-adrien-phaneuf.elidevapp1aws.elisys-servers.ca\/fr\/wp-json\/wp\/v2\/product"}],"about":[{"href":"http:\/\/wp-pgs-equipements-adrien-phaneuf.elidevapp1aws.elisys-servers.ca\/fr\/wp-json\/wp\/v2\/types\/product"}],"wp:featuredmedia":[{"embeddable":true,"href":"http:\/\/wp-pgs-equipements-adrien-phaneuf.elidevapp1aws.elisys-servers.ca\/fr\/wp-json\/wp\/v2\/media\/32168"}],"wp:attachment":[{"href":"http:\/\/wp-pgs-equipements-adrien-phaneuf.elidevapp1aws.elisys-servers.ca\/fr\/wp-json\/wp\/v2\/media?parent=32167"}],"wp:term":[{"taxonomy":"product-sub-category","embeddable":true,"href":"http:\/\/wp-pgs-equipements-adrien-phaneuf.elidevapp1aws.elisys-servers.ca\/fr\/wp-json\/wp\/v2\/product-sub-category?post=32167"},{"taxonomy":"brand","embeddable":true,"href":"http:\/\/wp-pgs-equipements-adrien-phaneuf.elidevapp1aws.elisys-servers.ca\/fr\/wp-json\/wp\/v2\/brand?post=32167"},{"taxonomy":"product-third-category","embeddable":true,"href":"http:\/\/wp-pgs-equipements-adrien-phaneuf.elidevapp1aws.elisys-servers.ca\/fr\/wp-json\/wp\/v2\/product-third-category?post=32167"}],"curies":[{"name":"wp","href":"https:\/\/api.w.org\/{rel}","templated":true}]}}